{"id":7955,"date":"2025-09-25T13:13:26","date_gmt":"2025-09-25T13:13:26","guid":{"rendered":"https:\/\/okmakeyonline.com\/?post_type=product&#038;p=7955"},"modified":"2025-09-25T13:13:26","modified_gmt":"2025-09-25T13:13:26","slug":"horno-de-vapor-comercial","status":"publish","type":"product","link":"https:\/\/okmakeyonline.com\/index.php\/producto\/horno-de-vapor-comercial\/","title":{"rendered":"Horno de Vapor Comercial"},"content":{"rendered":"<div class=\"page\" title=\"Page 1\">\n<div class=\"layoutArea\">\n<div class=\"column\">\n<p>Horno industrial de Vapor, ideal para: hoteles, restaurantes, fa\u0301bricas de alimentos, tiendas de materiales, y uso dome\u0301stico de alto rendimiento.<\/p>\n<p>Dispone de calentamiento ra\u0301pido con tubos de alta eficiencia para una subida de temperatura r\u00e1pida. Control total con ajuste libre de temperatura, tiempo y humedad.<\/p>\n<ul>\n<li>Produccio\u0301n controlada y precisa.<\/li>\n<li>Vapor uniforme y reduccio\u0301n de incrustaciones.<\/li>\n<li>Mandos intuitivos y de fa\u0301cil ajuste.<\/li>\n<li>Incluye mesa RATIONAL para 61\/101, 14 pares de gu\u00edas embutidas y lateral, el kit de conexi\u00f3n para desag\u00fce y una campana monoblock 400\u00ba2\/h con instalaci\u00f3n y red de conductos y extinci\u00f3n de incendios seg\u00fan normativa.<\/li>\n<\/ul>\n<\/div>\n<\/div>\n<\/div>\n","protected":false},"excerpt":{"rendered":"<p>Horno industrial de Vapor, ideal para: hoteles, restaurantes, fa\u0301bricas de alimentos, tiendas de materiales, y uso dome\u0301stico de alto rendimiento. Dispone de calentamiento ra\u0301pido con tubos de alta eficiencia para una subida de temperatura r\u00e1pida. Control total con ajuste libre de temperatura, tiempo y humedad. Produccio\u0301n controlada y precisa. Vapor uniforme y reduccio\u0301n de incrustaciones. &hellip;<\/p>\n<p class=\"read-more\"> <a class=\"\" href=\"https:\/\/okmakeyonline.com\/index.php\/producto\/horno-de-vapor-comercial\/\"> <span class=\"screen-reader-text\">Horno de Vapor Comercial<\/span> Leer m\u00e1s &raquo;<\/a><\/p>\n","protected":false},"featured_media":7962,"comment_status":"open","ping_status":"closed","template":"","meta":{"_uag_custom_page_level_css":"","site-sidebar-layout":"default","site-content-layout":"default","ast-global-header-display":"","ast-main-header-display":"","ast-hfb-above-header-display":"","ast-hfb-below-header-display":"","ast-hfb-mobile-header-display":"","site-post-title":"","ast-breadcrumbs-content":"","ast-featured-img":"","footer-sml-layout":"","theme-transparent-header-meta":"default","adv-header-id-meta":"","stick-header-meta":"","header-above-stick-meta":"","header-main-stick-meta":"","header-below-stick-meta":""},"product_brand":[],"product_cat":[53],"product_tag":[],"class_list":{"0":"post-7955","1":"product","2":"type-product","3":"status-publish","4":"has-post-thumbnail","6":"product_cat-hornos","7":"product_shipping_class-voluminosos","8":"desktop-align-center","9":"tablet-align-center","10":"mobile-align-center","12":"first","13":"instock","14":"sale","15":"taxable","16":"shipping-taxable","17":"purchasable","18":"product-type-simple"},"aioseo_notices":[],"uagb_featured_image_src":{"full":["https:\/\/okmakeyonline.com\/wp-content\/uploads\/2025\/09\/WhatsApp-Image-2025-09-25-at-11.04.58.jpeg",859,739,false],"thumbnail":["https:\/\/okmakeyonline.com\/wp-content\/uploads\/2025\/09\/WhatsApp-Image-2025-09-25-at-11.04.58-150x150.jpeg",150,150,true],"medium":["https:\/\/okmakeyonline.com\/wp-content\/uploads\/2025\/09\/WhatsApp-Image-2025-09-25-at-11.04.58-300x258.jpeg",300,258,true],"medium_large":["https:\/\/okmakeyonline.com\/wp-content\/uploads\/2025\/09\/WhatsApp-Image-2025-09-25-at-11.04.58-768x661.jpeg",768,661,true],"large":["https:\/\/okmakeyonline.com\/wp-content\/uploads\/2025\/09\/WhatsApp-Image-2025-09-25-at-11.04.58.jpeg",859,739,false],"1536x1536":["https:\/\/okmakeyonline.com\/wp-content\/uploads\/2025\/09\/WhatsApp-Image-2025-09-25-at-11.04.58.jpeg",859,739,false],"2048x2048":["https:\/\/okmakeyonline.com\/wp-content\/uploads\/2025\/09\/WhatsApp-Image-2025-09-25-at-11.04.58.jpeg",859,739,false],"woocommerce_thumbnail":["https:\/\/okmakeyonline.com\/wp-content\/uploads\/2025\/09\/WhatsApp-Image-2025-09-25-at-11.04.58-300x300.jpeg",300,300,true],"woocommerce_single":["https:\/\/okmakeyonline.com\/wp-content\/uploads\/2025\/09\/WhatsApp-Image-2025-09-25-at-11.04.58-600x516.jpeg",600,516,true],"woocommerce_gallery_thumbnail":["https:\/\/okmakeyonline.com\/wp-content\/uploads\/2025\/09\/WhatsApp-Image-2025-09-25-at-11.04.58-100x100.jpeg",100,100,true]},"uagb_author_info":{"display_name":"okmakey","author_link":"https:\/\/okmakeyonline.com\/index.php\/author\/"},"uagb_comment_info":0,"uagb_excerpt":"Horno industrial de Vapor, ideal para: hoteles, restaurantes, fa\u0301bricas de alimentos, tiendas de materiales, y uso dome\u0301stico de alto rendimiento. Dispone de calentamiento ra\u0301pido con tubos de alta eficiencia para una subida de temperatura r\u00e1pida. Control total con ajuste libre de temperatura, tiempo y humedad. Produccio\u0301n controlada y precisa. Vapor uniforme y reduccio\u0301n de incrustaciones.&hellip;","_links":{"self":[{"href":"https:\/\/okmakeyonline.com\/index.php\/wp-json\/wp\/v2\/product\/7955","targetHints":{"allow":["GET"]}}],"collection":[{"href":"https:\/\/okmakeyonline.com\/index.php\/wp-json\/wp\/v2\/product"}],"about":[{"href":"https:\/\/okmakeyonline.com\/index.php\/wp-json\/wp\/v2\/types\/product"}],"replies":[{"embeddable":true,"href":"https:\/\/okmakeyonline.com\/index.php\/wp-json\/wp\/v2\/comments?post=7955"}],"wp:featuredmedia":[{"embeddable":true,"href":"https:\/\/okmakeyonline.com\/index.php\/wp-json\/wp\/v2\/media\/7962"}],"wp:attachment":[{"href":"https:\/\/okmakeyonline.com\/index.php\/wp-json\/wp\/v2\/media?parent=7955"}],"wp:term":[{"taxonomy":"product_brand","embeddable":true,"href":"https:\/\/okmakeyonline.com\/index.php\/wp-json\/wp\/v2\/product_brand?post=7955"},{"taxonomy":"product_cat","embeddable":true,"href":"https:\/\/okmakeyonline.com\/index.php\/wp-json\/wp\/v2\/product_cat?post=7955"},{"taxonomy":"product_tag","embeddable":true,"href":"https:\/\/okmakeyonline.com\/index.php\/wp-json\/wp\/v2\/product_tag?post=7955"}],"curies":[{"name":"wp","href":"https:\/\/api.w.org\/{rel}","templated":true}]}}