{"id":7932,"date":"2024-07-08T10:37:04","date_gmt":"2024-07-08T10:37:04","guid":{"rendered":"https:\/\/okmakeyonline.com\/?post_type=product&#038;p=7932"},"modified":"2024-07-08T10:40:08","modified_gmt":"2024-07-08T10:40:08","slug":"caja-sorpresa-electronica","status":"publish","type":"product","link":"https:\/\/okmakeyonline.com\/index.php\/producto\/caja-sorpresa-electronica\/","title":{"rendered":"Caja sorpresa electr\u00f3nica"},"content":{"rendered":"<h1>Devoluciones de Amazon<\/h1>\n<p>Caja Sorpresa<\/p>\n<p>Recibe una caja sorpresa de 30 productos de electr\u00f3nica variados, entre auriculares, teclados gaming de colores, ratones digitales y m\u00e1s&#8230;<\/p>\n<p>&nbsp;<\/p>\n<p><strong>Todos nuestros productos provienen de devoluciones de Amazon por lo que se categorizan como de segunda mano pueden tener da\u00f1os est\u00e9ticos o faltar alg\u00fan accesorio, las im\u00e1genes son orientativas.<\/strong><\/p>\n<p><strong>NO SE ADMITEN DEVOLUCIONES<\/strong><\/p>\n","protected":false},"excerpt":{"rendered":"<p>Devoluciones de Amazon Caja Sorpresa Recibe una caja sorpresa de 30 productos de electr\u00f3nica variados, entre auriculares, teclados gaming de colores, ratones digitales y m\u00e1s&#8230; &nbsp; Todos nuestros productos provienen de devoluciones de Amazon por lo que se categorizan como de segunda mano pueden tener da\u00f1os est\u00e9ticos o faltar alg\u00fan accesorio, las im\u00e1genes son orientativas. &hellip;<\/p>\n<p class=\"read-more\"> <a class=\"\" href=\"https:\/\/okmakeyonline.com\/index.php\/producto\/caja-sorpresa-electronica\/\"> <span class=\"screen-reader-text\">Caja sorpresa electr\u00f3nica<\/span> Leer m\u00e1s &raquo;<\/a><\/p>\n","protected":false},"featured_media":7933,"comment_status":"open","ping_status":"closed","template":"","meta":{"_uag_custom_page_level_css":"","site-sidebar-layout":"default","site-content-layout":"default","ast-global-header-display":"","ast-main-header-display":"","ast-hfb-above-header-display":"","ast-hfb-below-header-display":"","ast-hfb-mobile-header-display":"","site-post-title":"","ast-breadcrumbs-content":"","ast-featured-img":"","footer-sml-layout":"","theme-transparent-header-meta":"default","adv-header-id-meta":"","stick-header-meta":"","header-above-stick-meta":"","header-main-stick-meta":"","header-below-stick-meta":""},"product_brand":[],"product_cat":[137],"product_tag":[],"class_list":{"0":"post-7932","1":"product","2":"type-product","3":"status-publish","4":"has-post-thumbnail","6":"product_cat-lotes","7":"desktop-align-center","8":"tablet-align-center","9":"mobile-align-center","11":"first","12":"instock","13":"sale","14":"featured","15":"taxable","16":"shipping-taxable","17":"purchasable","18":"product-type-simple"},"aioseo_notices":[],"uagb_featured_image_src":{"full":["https:\/\/okmakeyonline.com\/wp-content\/uploads\/2024\/07\/devoluciones.png",300,300,false],"thumbnail":["https:\/\/okmakeyonline.com\/wp-content\/uploads\/2024\/07\/devoluciones-150x150.png",150,150,true],"medium":["https:\/\/okmakeyonline.com\/wp-content\/uploads\/2024\/07\/devoluciones.png",300,300,false],"medium_large":["https:\/\/okmakeyonline.com\/wp-content\/uploads\/2024\/07\/devoluciones.png",300,300,false],"large":["https:\/\/okmakeyonline.com\/wp-content\/uploads\/2024\/07\/devoluciones.png",300,300,false],"1536x1536":["https:\/\/okmakeyonline.com\/wp-content\/uploads\/2024\/07\/devoluciones.png",300,300,false],"2048x2048":["https:\/\/okmakeyonline.com\/wp-content\/uploads\/2024\/07\/devoluciones.png",300,300,false],"woocommerce_thumbnail":["https:\/\/okmakeyonline.com\/wp-content\/uploads\/2024\/07\/devoluciones.png",300,300,false],"woocommerce_single":["https:\/\/okmakeyonline.com\/wp-content\/uploads\/2024\/07\/devoluciones.png",300,300,false],"woocommerce_gallery_thumbnail":["https:\/\/okmakeyonline.com\/wp-content\/uploads\/2024\/07\/devoluciones-100x100.png",100,100,true]},"uagb_author_info":{"display_name":"okmakey","author_link":"https:\/\/okmakeyonline.com\/index.php\/author\/"},"uagb_comment_info":0,"uagb_excerpt":"Devoluciones de Amazon Caja Sorpresa Recibe una caja sorpresa de 30 productos de electr\u00f3nica variados, entre auriculares, teclados gaming de colores, ratones digitales y m\u00e1s&#8230; &nbsp; Todos nuestros productos provienen de devoluciones de Amazon por lo que se categorizan como de segunda mano pueden tener da\u00f1os est\u00e9ticos o faltar alg\u00fan accesorio, las im\u00e1genes son orientativas.&hellip;","_links":{"self":[{"href":"https:\/\/okmakeyonline.com\/index.php\/wp-json\/wp\/v2\/product\/7932","targetHints":{"allow":["GET"]}}],"collection":[{"href":"https:\/\/okmakeyonline.com\/index.php\/wp-json\/wp\/v2\/product"}],"about":[{"href":"https:\/\/okmakeyonline.com\/index.php\/wp-json\/wp\/v2\/types\/product"}],"replies":[{"embeddable":true,"href":"https:\/\/okmakeyonline.com\/index.php\/wp-json\/wp\/v2\/comments?post=7932"}],"wp:featuredmedia":[{"embeddable":true,"href":"https:\/\/okmakeyonline.com\/index.php\/wp-json\/wp\/v2\/media\/7933"}],"wp:attachment":[{"href":"https:\/\/okmakeyonline.com\/index.php\/wp-json\/wp\/v2\/media?parent=7932"}],"wp:term":[{"taxonomy":"product_brand","embeddable":true,"href":"https:\/\/okmakeyonline.com\/index.php\/wp-json\/wp\/v2\/product_brand?post=7932"},{"taxonomy":"product_cat","embeddable":true,"href":"https:\/\/okmakeyonline.com\/index.php\/wp-json\/wp\/v2\/product_cat?post=7932"},{"taxonomy":"product_tag","embeddable":true,"href":"https:\/\/okmakeyonline.com\/index.php\/wp-json\/wp\/v2\/product_tag?post=7932"}],"curies":[{"name":"wp","href":"https:\/\/api.w.org\/{rel}","templated":true}]}}