{"id":7852,"date":"2023-10-10T16:07:03","date_gmt":"2023-10-10T16:07:03","guid":{"rendered":"https:\/\/okmakeyonline.com\/?post_type=product&#038;p=7852"},"modified":"2024-07-08T10:56:57","modified_gmt":"2024-07-08T10:56:57","slug":"moto-electrica-infantil-36v-segunda-mano-como-nueva","status":"publish","type":"product","link":"https:\/\/okmakeyonline.com\/index.php\/producto\/moto-electrica-infantil-36v-segunda-mano-como-nueva\/","title":{"rendered":"Moto El\u00e9ctrica Infantil 36V Segunda Mano Como Nueva"},"content":{"rendered":"<p>Mini\u00a0<strong>Ecoxtrem Mini moto el\u00e9ctrica infantil,<\/strong>\u00a0motor de <strong>300W<\/strong>\u00a0y bater\u00eda de litio de\u00a0<strong>36V 4Ah<\/strong>. Tiene incorporado bocina, indicadores de bater\u00eda en el acelerador y reposapi\u00e9s. Es ideal para ni\u00f1os a partir de <strong>5 a\u00f1os<\/strong>.<\/p>\n<p><strong>IMAGENES REALES\u2013 PRODUCTO USADO \u2013<\/strong>\u00a0<strong>COMO NUEVO \u2013 PUEDE TENER EVIDENCIAS DE USO, FALTAR ALGUN ACCESORIO O TENER UNA TARA \u2013CUALQUIER DUDA CONT\u00c1CTENOS ANTES DE COMPRAR\u00a0\u00a0<\/strong><\/p>\n<p>&nbsp;<\/p>\n","protected":false},"excerpt":{"rendered":"<p>Mini\u00a0Ecoxtrem Mini moto el\u00e9ctrica infantil,\u00a0motor de 300W\u00a0y bater\u00eda de litio de\u00a036V 4Ah. Tiene incorporado bocina, indicadores de bater\u00eda en el acelerador y reposapi\u00e9s. Es ideal para ni\u00f1os a partir de 5 a\u00f1os. IMAGENES REALES\u2013 PRODUCTO USADO \u2013\u00a0COMO NUEVO \u2013 PUEDE TENER EVIDENCIAS DE USO, FALTAR ALGUN ACCESORIO O TENER UNA TARA \u2013CUALQUIER DUDA CONT\u00c1CTENOS ANTES &hellip;<\/p>\n<p class=\"read-more\"> <a class=\"\" href=\"https:\/\/okmakeyonline.com\/index.php\/producto\/moto-electrica-infantil-36v-segunda-mano-como-nueva\/\"> <span class=\"screen-reader-text\">Moto El\u00e9ctrica Infantil 36V Segunda Mano Como Nueva<\/span> Leer m\u00e1s &raquo;<\/a><\/p>\n","protected":false},"featured_media":7853,"comment_status":"open","ping_status":"closed","template":"","meta":{"_uag_custom_page_level_css":"","site-sidebar-layout":"default","site-content-layout":"default","ast-global-header-display":"","ast-main-header-display":"","ast-hfb-above-header-display":"","ast-hfb-below-header-display":"","ast-hfb-mobile-header-display":"","site-post-title":"","ast-breadcrumbs-content":"","ast-featured-img":"","footer-sml-layout":"","theme-transparent-header-meta":"default","adv-header-id-meta":"","stick-header-meta":"","header-above-stick-meta":"","header-main-stick-meta":"","header-below-stick-meta":""},"product_brand":[],"product_cat":[17,34,75,64],"product_tag":[],"class_list":{"0":"post-7852","1":"product","2":"type-product","3":"status-publish","4":"has-post-thumbnail","6":"product_cat-sin-categorizar","7":"product_cat-juguetes","8":"product_cat-movilidad","9":"product_cat-coches-electricos","10":"product_shipping_class-voluminosos","11":"desktop-align-center","12":"tablet-align-center","13":"mobile-align-center","15":"first","16":"outofstock","17":"sale","18":"taxable","19":"shipping-taxable","20":"purchasable","21":"product-type-simple"},"aioseo_notices":[],"uagb_featured_image_src":{"full":["https:\/\/okmakeyonline.com\/wp-content\/uploads\/2023\/10\/moto-barata-ok.jpg",550,550,false],"thumbnail":["https:\/\/okmakeyonline.com\/wp-content\/uploads\/2023\/10\/moto-barata-ok-150x150.jpg",150,150,true],"medium":["https:\/\/okmakeyonline.com\/wp-content\/uploads\/2023\/10\/moto-barata-ok-300x300.jpg",300,300,true],"medium_large":["https:\/\/okmakeyonline.com\/wp-content\/uploads\/2023\/10\/moto-barata-ok.jpg",550,550,false],"large":["https:\/\/okmakeyonline.com\/wp-content\/uploads\/2023\/10\/moto-barata-ok.jpg",550,550,false],"1536x1536":["https:\/\/okmakeyonline.com\/wp-content\/uploads\/2023\/10\/moto-barata-ok.jpg",550,550,false],"2048x2048":["https:\/\/okmakeyonline.com\/wp-content\/uploads\/2023\/10\/moto-barata-ok.jpg",550,550,false],"woocommerce_thumbnail":["https:\/\/okmakeyonline.com\/wp-content\/uploads\/2023\/10\/moto-barata-ok-300x300.jpg",300,300,true],"woocommerce_single":["https:\/\/okmakeyonline.com\/wp-content\/uploads\/2023\/10\/moto-barata-ok.jpg",550,550,false],"woocommerce_gallery_thumbnail":["https:\/\/okmakeyonline.com\/wp-content\/uploads\/2023\/10\/moto-barata-ok-100x100.jpg",100,100,true]},"uagb_author_info":{"display_name":"okmakey","author_link":"https:\/\/okmakeyonline.com\/index.php\/author\/"},"uagb_comment_info":0,"uagb_excerpt":"Mini\u00a0Ecoxtrem Mini moto el\u00e9ctrica infantil,\u00a0motor de 300W\u00a0y bater\u00eda de litio de\u00a036V 4Ah. Tiene incorporado bocina, indicadores de bater\u00eda en el acelerador y reposapi\u00e9s. Es ideal para ni\u00f1os a partir de 5 a\u00f1os. IMAGENES REALES\u2013 PRODUCTO USADO \u2013\u00a0COMO NUEVO \u2013 PUEDE TENER EVIDENCIAS DE USO, FALTAR ALGUN ACCESORIO O TENER UNA TARA \u2013CUALQUIER DUDA CONT\u00c1CTENOS ANTES&hellip;","_links":{"self":[{"href":"https:\/\/okmakeyonline.com\/index.php\/wp-json\/wp\/v2\/product\/7852","targetHints":{"allow":["GET"]}}],"collection":[{"href":"https:\/\/okmakeyonline.com\/index.php\/wp-json\/wp\/v2\/product"}],"about":[{"href":"https:\/\/okmakeyonline.com\/index.php\/wp-json\/wp\/v2\/types\/product"}],"replies":[{"embeddable":true,"href":"https:\/\/okmakeyonline.com\/index.php\/wp-json\/wp\/v2\/comments?post=7852"}],"wp:featuredmedia":[{"embeddable":true,"href":"https:\/\/okmakeyonline.com\/index.php\/wp-json\/wp\/v2\/media\/7853"}],"wp:attachment":[{"href":"https:\/\/okmakeyonline.com\/index.php\/wp-json\/wp\/v2\/media?parent=7852"}],"wp:term":[{"taxonomy":"product_brand","embeddable":true,"href":"https:\/\/okmakeyonline.com\/index.php\/wp-json\/wp\/v2\/product_brand?post=7852"},{"taxonomy":"product_cat","embeddable":true,"href":"https:\/\/okmakeyonline.com\/index.php\/wp-json\/wp\/v2\/product_cat?post=7852"},{"taxonomy":"product_tag","embeddable":true,"href":"https:\/\/okmakeyonline.com\/index.php\/wp-json\/wp\/v2\/product_tag?post=7852"}],"curies":[{"name":"wp","href":"https:\/\/api.w.org\/{rel}","templated":true}]}}