{"id":7834,"date":"2023-09-28T09:47:41","date_gmt":"2023-09-28T09:47:41","guid":{"rendered":"https:\/\/okmakeyonline.com\/?post_type=product&#038;p=7834"},"modified":"2023-12-30T10:33:46","modified_gmt":"2023-12-30T10:33:46","slug":"nenuco-barato-tienda-de-ropa-boutique","status":"publish","type":"product","link":"https:\/\/okmakeyonline.com\/index.php\/producto\/nenuco-barato-tienda-de-ropa-boutique\/","title":{"rendered":"Nenuco Barato Tienda de Ropa Boutique"},"content":{"rendered":"<p><span class=\"a-list-item\">Boutique, tienda de ropa Nenuco, incluye un mu\u00f1eco y ropa intercambiable, con accesorios y ropitas diferentes. <\/span><span class=\"a-list-item\">Simula un juego en una tienda: una caja registradora con esc\u00e1ner de luz sonido, monedas y billetes, una barrera de seguridad que pita, perchas y compartimentos para los accesorios.\u00a0<\/span><\/p>\n<p><span class=\"a-list-item\">Ayuda al desarrollo afectivo y emocional del ni\u00f1o, y fomenta la destreza manual. Juguete recomendado a ni\u00f1os a partir de 3 a\u00f1os. <\/span><span class=\"a-list-item\">Producto no indicado para jugar en el agua por su sistema electr\u00f3nico, el mu\u00f1eco si se puede meter en el agua<\/span><\/p>\n<p>&nbsp;<\/p>\n","protected":false},"excerpt":{"rendered":"<p>Boutique, tienda de ropa Nenuco, incluye un mu\u00f1eco y ropa intercambiable, con accesorios y ropitas diferentes. Simula un juego en una tienda: una caja registradora con esc\u00e1ner de luz sonido, monedas y billetes, una barrera de seguridad que pita, perchas y compartimentos para los accesorios.\u00a0 Ayuda al desarrollo afectivo y emocional del ni\u00f1o, y fomenta &hellip;<\/p>\n<p class=\"read-more\"> <a class=\"\" href=\"https:\/\/okmakeyonline.com\/index.php\/producto\/nenuco-barato-tienda-de-ropa-boutique\/\"> <span class=\"screen-reader-text\">Nenuco Barato Tienda de Ropa Boutique<\/span> Leer m\u00e1s &raquo;<\/a><\/p>\n","protected":false},"featured_media":7835,"comment_status":"open","ping_status":"closed","template":"","meta":{"_uag_custom_page_level_css":"","site-sidebar-layout":"default","site-content-layout":"default","ast-global-header-display":"","ast-main-header-display":"","ast-hfb-above-header-display":"","ast-hfb-below-header-display":"","ast-hfb-mobile-header-display":"","site-post-title":"","ast-breadcrumbs-content":"","ast-featured-img":"","footer-sml-layout":"","theme-transparent-header-meta":"default","adv-header-id-meta":"","stick-header-meta":"","header-above-stick-meta":"","header-main-stick-meta":"","header-below-stick-meta":""},"product_brand":[],"product_cat":[34,65],"product_tag":[],"class_list":{"0":"post-7834","1":"product","2":"type-product","3":"status-publish","4":"has-post-thumbnail","6":"product_cat-juguetes","7":"product_cat-munecas","8":"desktop-align-center","9":"tablet-align-center","10":"mobile-align-center","12":"first","13":"outofstock","14":"sale","15":"taxable","16":"shipping-taxable","17":"purchasable","18":"product-type-simple"},"aioseo_notices":[],"uagb_featured_image_src":{"full":["https:\/\/okmakeyonline.com\/wp-content\/uploads\/2023\/09\/nenuco-barato.jpg",1280,965,false],"thumbnail":["https:\/\/okmakeyonline.com\/wp-content\/uploads\/2023\/09\/nenuco-barato-150x150.jpg",150,150,true],"medium":["https:\/\/okmakeyonline.com\/wp-content\/uploads\/2023\/09\/nenuco-barato-300x226.jpg",300,226,true],"medium_large":["https:\/\/okmakeyonline.com\/wp-content\/uploads\/2023\/09\/nenuco-barato-768x579.jpg",768,579,true],"large":["https:\/\/okmakeyonline.com\/wp-content\/uploads\/2023\/09\/nenuco-barato-1024x772.jpg",1024,772,true],"1536x1536":["https:\/\/okmakeyonline.com\/wp-content\/uploads\/2023\/09\/nenuco-barato.jpg",1280,965,false],"2048x2048":["https:\/\/okmakeyonline.com\/wp-content\/uploads\/2023\/09\/nenuco-barato.jpg",1280,965,false],"woocommerce_thumbnail":["https:\/\/okmakeyonline.com\/wp-content\/uploads\/2023\/09\/nenuco-barato-300x300.jpg",300,300,true],"woocommerce_single":["https:\/\/okmakeyonline.com\/wp-content\/uploads\/2023\/09\/nenuco-barato-600x452.jpg",600,452,true],"woocommerce_gallery_thumbnail":["https:\/\/okmakeyonline.com\/wp-content\/uploads\/2023\/09\/nenuco-barato-100x100.jpg",100,100,true]},"uagb_author_info":{"display_name":"okmakey","author_link":"https:\/\/okmakeyonline.com\/index.php\/author\/"},"uagb_comment_info":0,"uagb_excerpt":"Boutique, tienda de ropa Nenuco, incluye un mu\u00f1eco y ropa intercambiable, con accesorios y ropitas diferentes. Simula un juego en una tienda: una caja registradora con esc\u00e1ner de luz sonido, monedas y billetes, una barrera de seguridad que pita, perchas y compartimentos para los accesorios.\u00a0 Ayuda al desarrollo afectivo y emocional del ni\u00f1o, y fomenta&hellip;","_links":{"self":[{"href":"https:\/\/okmakeyonline.com\/index.php\/wp-json\/wp\/v2\/product\/7834","targetHints":{"allow":["GET"]}}],"collection":[{"href":"https:\/\/okmakeyonline.com\/index.php\/wp-json\/wp\/v2\/product"}],"about":[{"href":"https:\/\/okmakeyonline.com\/index.php\/wp-json\/wp\/v2\/types\/product"}],"replies":[{"embeddable":true,"href":"https:\/\/okmakeyonline.com\/index.php\/wp-json\/wp\/v2\/comments?post=7834"}],"wp:featuredmedia":[{"embeddable":true,"href":"https:\/\/okmakeyonline.com\/index.php\/wp-json\/wp\/v2\/media\/7835"}],"wp:attachment":[{"href":"https:\/\/okmakeyonline.com\/index.php\/wp-json\/wp\/v2\/media?parent=7834"}],"wp:term":[{"taxonomy":"product_brand","embeddable":true,"href":"https:\/\/okmakeyonline.com\/index.php\/wp-json\/wp\/v2\/product_brand?post=7834"},{"taxonomy":"product_cat","embeddable":true,"href":"https:\/\/okmakeyonline.com\/index.php\/wp-json\/wp\/v2\/product_cat?post=7834"},{"taxonomy":"product_tag","embeddable":true,"href":"https:\/\/okmakeyonline.com\/index.php\/wp-json\/wp\/v2\/product_tag?post=7834"}],"curies":[{"name":"wp","href":"https:\/\/api.w.org\/{rel}","templated":true}]}}