{"id":7830,"date":"2023-09-26T09:50:53","date_gmt":"2023-09-26T09:50:53","guid":{"rendered":"https:\/\/okmakeyonline.com\/?post_type=product&#038;p=7830"},"modified":"2024-03-20T11:24:23","modified_gmt":"2024-03-20T11:24:23","slug":"motoazada-racing-rac750et-2","status":"publish","type":"product","link":"https:\/\/okmakeyonline.com\/index.php\/producto\/motoazada-racing-rac750et-2\/","title":{"rendered":"Motoazada Racing RAC750ET-2 Segunda Mano"},"content":{"rendered":"<p>La motoazada el\u00e9ctrica\u00a0<strong>Racing RAC750ET-2<\/strong> es una herramienta de jardiner\u00eda dise\u00f1ada para hacer que la preparaci\u00f3n del terreno sea m\u00e1s eficiente y c\u00f3moda. Tiene una potencia de 750 vatios, brindando as\u00ed un rendimiento confiable para labores de cultivo y aireaci\u00f3n en tu jard\u00edn.<\/p>\n<p>Dise\u00f1o ergon\u00f3mico y manillar ajustable para mayor comodidad durante trabajos de largos per\u00edodos. Cuenta con una sencilla estructura para un montaje r\u00e1pido que permite que los usuarios comiencen a trabajar en su jard\u00edn de forma f\u00e1cil y c\u00f3moda.<\/p>\n<p><strong>IMAGENES ORIENTATIVAS \u2013 PRODUCTO USADO\u00a0<\/strong><strong> \u2013 PUEDE TENER EVIDENCIAS DE USO \u2013 FALTAR ALGUN ACCESORIO O TENER UNA TARA-\u00a0 CUALQUIER DUDA CONT\u00c1CTENOS ANTES DE COMPRAR\u00a0\u00a0<\/strong><\/p>\n","protected":false},"excerpt":{"rendered":"<p>La motoazada el\u00e9ctrica\u00a0Racing RAC750ET-2 es una herramienta de jardiner\u00eda dise\u00f1ada para hacer que la preparaci\u00f3n del terreno sea m\u00e1s eficiente y c\u00f3moda. Tiene una potencia de 750 vatios, brindando as\u00ed un rendimiento confiable para labores de cultivo y aireaci\u00f3n en tu jard\u00edn. Dise\u00f1o ergon\u00f3mico y manillar ajustable para mayor comodidad durante trabajos de largos per\u00edodos. &hellip;<\/p>\n<p class=\"read-more\"> <a class=\"\" href=\"https:\/\/okmakeyonline.com\/index.php\/producto\/motoazada-racing-rac750et-2\/\"> <span class=\"screen-reader-text\">Motoazada Racing RAC750ET-2 Segunda Mano<\/span> Leer m\u00e1s &raquo;<\/a><\/p>\n","protected":false},"featured_media":7832,"comment_status":"open","ping_status":"closed","template":"","meta":{"_uag_custom_page_level_css":"","site-sidebar-layout":"default","site-content-layout":"default","ast-global-header-display":"","ast-main-header-display":"","ast-hfb-above-header-display":"","ast-hfb-below-header-display":"","ast-hfb-mobile-header-display":"","site-post-title":"","ast-breadcrumbs-content":"","ast-featured-img":"","footer-sml-layout":"","theme-transparent-header-meta":"default","adv-header-id-meta":"","stick-header-meta":"","header-above-stick-meta":"","header-main-stick-meta":"","header-below-stick-meta":""},"product_brand":[],"product_cat":[39,49],"product_tag":[],"class_list":{"0":"post-7830","1":"product","2":"type-product","3":"status-publish","4":"has-post-thumbnail","6":"product_cat-jardineria","7":"product_cat-jardineria-2","8":"desktop-align-center","9":"tablet-align-center","10":"mobile-align-center","12":"first","13":"outofstock","14":"sale","15":"taxable","16":"shipping-taxable","17":"purchasable","18":"product-type-simple"},"aioseo_notices":[],"uagb_featured_image_src":{"full":["https:\/\/okmakeyonline.com\/wp-content\/uploads\/2023\/09\/motoazada-barata.jpg",400,400,false],"thumbnail":["https:\/\/okmakeyonline.com\/wp-content\/uploads\/2023\/09\/motoazada-barata-150x150.jpg",150,150,true],"medium":["https:\/\/okmakeyonline.com\/wp-content\/uploads\/2023\/09\/motoazada-barata-300x300.jpg",300,300,true],"medium_large":["https:\/\/okmakeyonline.com\/wp-content\/uploads\/2023\/09\/motoazada-barata.jpg",400,400,false],"large":["https:\/\/okmakeyonline.com\/wp-content\/uploads\/2023\/09\/motoazada-barata.jpg",400,400,false],"1536x1536":["https:\/\/okmakeyonline.com\/wp-content\/uploads\/2023\/09\/motoazada-barata.jpg",400,400,false],"2048x2048":["https:\/\/okmakeyonline.com\/wp-content\/uploads\/2023\/09\/motoazada-barata.jpg",400,400,false],"woocommerce_thumbnail":["https:\/\/okmakeyonline.com\/wp-content\/uploads\/2023\/09\/motoazada-barata-300x300.jpg",300,300,true],"woocommerce_single":["https:\/\/okmakeyonline.com\/wp-content\/uploads\/2023\/09\/motoazada-barata.jpg",400,400,false],"woocommerce_gallery_thumbnail":["https:\/\/okmakeyonline.com\/wp-content\/uploads\/2023\/09\/motoazada-barata-100x100.jpg",100,100,true]},"uagb_author_info":{"display_name":"okmakey","author_link":"https:\/\/okmakeyonline.com\/index.php\/author\/"},"uagb_comment_info":0,"uagb_excerpt":"La motoazada el\u00e9ctrica\u00a0Racing RAC750ET-2 es una herramienta de jardiner\u00eda dise\u00f1ada para hacer que la preparaci\u00f3n del terreno sea m\u00e1s eficiente y c\u00f3moda. Tiene una potencia de 750 vatios, brindando as\u00ed un rendimiento confiable para labores de cultivo y aireaci\u00f3n en tu jard\u00edn. Dise\u00f1o ergon\u00f3mico y manillar ajustable para mayor comodidad durante trabajos de largos per\u00edodos.&hellip;","_links":{"self":[{"href":"https:\/\/okmakeyonline.com\/index.php\/wp-json\/wp\/v2\/product\/7830","targetHints":{"allow":["GET"]}}],"collection":[{"href":"https:\/\/okmakeyonline.com\/index.php\/wp-json\/wp\/v2\/product"}],"about":[{"href":"https:\/\/okmakeyonline.com\/index.php\/wp-json\/wp\/v2\/types\/product"}],"replies":[{"embeddable":true,"href":"https:\/\/okmakeyonline.com\/index.php\/wp-json\/wp\/v2\/comments?post=7830"}],"wp:featuredmedia":[{"embeddable":true,"href":"https:\/\/okmakeyonline.com\/index.php\/wp-json\/wp\/v2\/media\/7832"}],"wp:attachment":[{"href":"https:\/\/okmakeyonline.com\/index.php\/wp-json\/wp\/v2\/media?parent=7830"}],"wp:term":[{"taxonomy":"product_brand","embeddable":true,"href":"https:\/\/okmakeyonline.com\/index.php\/wp-json\/wp\/v2\/product_brand?post=7830"},{"taxonomy":"product_cat","embeddable":true,"href":"https:\/\/okmakeyonline.com\/index.php\/wp-json\/wp\/v2\/product_cat?post=7830"},{"taxonomy":"product_tag","embeddable":true,"href":"https:\/\/okmakeyonline.com\/index.php\/wp-json\/wp\/v2\/product_tag?post=7830"}],"curies":[{"name":"wp","href":"https:\/\/api.w.org\/{rel}","templated":true}]}}