{"id":7794,"date":"2023-08-18T12:03:20","date_gmt":"2023-08-18T12:03:20","guid":{"rendered":"https:\/\/okmakeyonline.com\/?post_type=product&#038;p=7794"},"modified":"2024-03-15T18:20:07","modified_gmt":"2024-03-15T18:20:07","slug":"casco-de-moto-barato-ls2-azul","status":"publish","type":"product","link":"https:\/\/okmakeyonline.com\/index.php\/producto\/casco-de-moto-barato-ls2-azul\/","title":{"rendered":"Casco de Moto LS2 Barato"},"content":{"rendered":"<p><span class=\"a-list-item\">Casco integral FF800 &#8211; STORM<\/span><\/p>\n<p><span class=\"a-list-item\">Hecho en policarbonato KPA reconocido por su resistencia al impacto para un peso de 1400 g +\/- 50 EPS de densidad m\u00faltiple para una absorci\u00f3n de impactos optimizada Cierre de correa de barbilla r\u00e1pido y eficiente. Talla XXXL, Color Azul\u00a0<\/span><\/p>\n<p><strong>Este producto proviene de Devoluciones de Amazon puede tener alguna evidencia de uso, algunas im\u00e1genes son orientativas.\u00a0<\/strong><\/p>\n","protected":false},"excerpt":{"rendered":"<p>Casco integral FF800 &#8211; STORM Hecho en policarbonato KPA reconocido por su resistencia al impacto para un peso de 1400 g +\/- 50 EPS de densidad m\u00faltiple para una absorci\u00f3n de impactos optimizada Cierre de correa de barbilla r\u00e1pido y eficiente. Talla XXXL, Color Azul\u00a0 Este producto proviene de Devoluciones de Amazon puede tener alguna &hellip;<\/p>\n<p class=\"read-more\"> <a class=\"\" href=\"https:\/\/okmakeyonline.com\/index.php\/producto\/casco-de-moto-barato-ls2-azul\/\"> <span class=\"screen-reader-text\">Casco de Moto LS2 Barato<\/span> Leer m\u00e1s &raquo;<\/a><\/p>\n","protected":false},"featured_media":7795,"comment_status":"open","ping_status":"closed","template":"","meta":{"_uag_custom_page_level_css":"","site-sidebar-layout":"default","site-content-layout":"default","ast-global-header-display":"","ast-main-header-display":"","ast-hfb-above-header-display":"","ast-hfb-below-header-display":"","ast-hfb-mobile-header-display":"","site-post-title":"","ast-breadcrumbs-content":"","ast-featured-img":"","footer-sml-layout":"","theme-transparent-header-meta":"default","adv-header-id-meta":"","stick-header-meta":"","header-above-stick-meta":"","header-main-stick-meta":"","header-below-stick-meta":""},"product_brand":[],"product_cat":[134,47],"product_tag":[],"class_list":{"0":"post-7794","1":"product","2":"type-product","3":"status-publish","4":"has-post-thumbnail","6":"product_cat-moto","7":"product_cat-recientes","8":"desktop-align-center","9":"tablet-align-center","10":"mobile-align-center","12":"first","13":"instock","14":"sale","15":"featured","16":"taxable","17":"shipping-taxable","18":"purchasable","19":"product-type-simple"},"aioseo_notices":[],"uagb_featured_image_src":{"full":["https:\/\/okmakeyonline.com\/wp-content\/uploads\/2023\/08\/ls2-xxxl-azul.jpg",332,355,false],"thumbnail":["https:\/\/okmakeyonline.com\/wp-content\/uploads\/2023\/08\/ls2-xxxl-azul-150x150.jpg",150,150,true],"medium":["https:\/\/okmakeyonline.com\/wp-content\/uploads\/2023\/08\/ls2-xxxl-azul-281x300.jpg",281,300,true],"medium_large":["https:\/\/okmakeyonline.com\/wp-content\/uploads\/2023\/08\/ls2-xxxl-azul.jpg",332,355,false],"large":["https:\/\/okmakeyonline.com\/wp-content\/uploads\/2023\/08\/ls2-xxxl-azul.jpg",332,355,false],"1536x1536":["https:\/\/okmakeyonline.com\/wp-content\/uploads\/2023\/08\/ls2-xxxl-azul.jpg",332,355,false],"2048x2048":["https:\/\/okmakeyonline.com\/wp-content\/uploads\/2023\/08\/ls2-xxxl-azul.jpg",332,355,false],"woocommerce_thumbnail":["https:\/\/okmakeyonline.com\/wp-content\/uploads\/2023\/08\/ls2-xxxl-azul-300x300.jpg",300,300,true],"woocommerce_single":["https:\/\/okmakeyonline.com\/wp-content\/uploads\/2023\/08\/ls2-xxxl-azul.jpg",332,355,false],"woocommerce_gallery_thumbnail":["https:\/\/okmakeyonline.com\/wp-content\/uploads\/2023\/08\/ls2-xxxl-azul-100x100.jpg",100,100,true]},"uagb_author_info":{"display_name":"okmakey","author_link":"https:\/\/okmakeyonline.com\/index.php\/author\/"},"uagb_comment_info":0,"uagb_excerpt":"Casco integral FF800 &#8211; STORM Hecho en policarbonato KPA reconocido por su resistencia al impacto para un peso de 1400 g +\/- 50 EPS de densidad m\u00faltiple para una absorci\u00f3n de impactos optimizada Cierre de correa de barbilla r\u00e1pido y eficiente. Talla XXXL, Color Azul\u00a0 Este producto proviene de Devoluciones de Amazon puede tener alguna&hellip;","_links":{"self":[{"href":"https:\/\/okmakeyonline.com\/index.php\/wp-json\/wp\/v2\/product\/7794","targetHints":{"allow":["GET"]}}],"collection":[{"href":"https:\/\/okmakeyonline.com\/index.php\/wp-json\/wp\/v2\/product"}],"about":[{"href":"https:\/\/okmakeyonline.com\/index.php\/wp-json\/wp\/v2\/types\/product"}],"replies":[{"embeddable":true,"href":"https:\/\/okmakeyonline.com\/index.php\/wp-json\/wp\/v2\/comments?post=7794"}],"wp:featuredmedia":[{"embeddable":true,"href":"https:\/\/okmakeyonline.com\/index.php\/wp-json\/wp\/v2\/media\/7795"}],"wp:attachment":[{"href":"https:\/\/okmakeyonline.com\/index.php\/wp-json\/wp\/v2\/media?parent=7794"}],"wp:term":[{"taxonomy":"product_brand","embeddable":true,"href":"https:\/\/okmakeyonline.com\/index.php\/wp-json\/wp\/v2\/product_brand?post=7794"},{"taxonomy":"product_cat","embeddable":true,"href":"https:\/\/okmakeyonline.com\/index.php\/wp-json\/wp\/v2\/product_cat?post=7794"},{"taxonomy":"product_tag","embeddable":true,"href":"https:\/\/okmakeyonline.com\/index.php\/wp-json\/wp\/v2\/product_tag?post=7794"}],"curies":[{"name":"wp","href":"https:\/\/api.w.org\/{rel}","templated":true}]}}