{"id":7690,"date":"2023-06-21T16:15:04","date_gmt":"2023-06-21T16:15:04","guid":{"rendered":"https:\/\/okmakeyonline.com\/?post_type=product&#038;p=7690"},"modified":"2025-08-15T03:40:33","modified_gmt":"2025-08-15T03:40:33","slug":"motosierra-a-baterias-greenworks","status":"publish","type":"product","link":"https:\/\/okmakeyonline.com\/index.php\/producto\/motosierra-a-baterias-greenworks\/","title":{"rendered":"Motosierra a Bater\u00edas Greenworks"},"content":{"rendered":"<p>Motosierra ligera y compacta de 35 CM pesa solo 3.7 Kg lo que la hace muy c\u00f3moda de manipular. Incluye dos bater\u00edas de litio de 24v y su cargador. Tiene un motor sin escobillas para cortes eficientes y seguros a una velocidad de 20m\/s.<\/p>\n<p><strong>PRODUCTO COMO NUEVO EN SU CAJA<\/strong><\/p>\n","protected":false},"excerpt":{"rendered":"<p>Motosierra ligera y compacta de 35 CM pesa solo 3.7 Kg lo que la hace muy c\u00f3moda de manipular. Incluye dos bater\u00edas de litio de 24v y su cargador. Tiene un motor sin escobillas para cortes eficientes y seguros a una velocidad de 20m\/s. PRODUCTO COMO NUEVO EN SU CAJA<\/p>\n","protected":false},"featured_media":7691,"comment_status":"open","ping_status":"closed","template":"","meta":{"_uag_custom_page_level_css":"","site-sidebar-layout":"default","site-content-layout":"default","ast-global-header-display":"","ast-main-header-display":"","ast-hfb-above-header-display":"","ast-hfb-below-header-display":"","ast-hfb-mobile-header-display":"","site-post-title":"","ast-breadcrumbs-content":"","ast-featured-img":"","footer-sml-layout":"","theme-transparent-header-meta":"default","adv-header-id-meta":"","stick-header-meta":"","header-above-stick-meta":"","header-main-stick-meta":"","header-below-stick-meta":""},"product_brand":[],"product_cat":[39,49,47],"product_tag":[],"class_list":{"0":"post-7690","1":"product","2":"type-product","3":"status-publish","4":"has-post-thumbnail","6":"product_cat-jardineria","7":"product_cat-jardineria-2","8":"product_cat-recientes","9":"desktop-align-center","10":"tablet-align-center","11":"mobile-align-center","13":"first","14":"outofstock","15":"sale","16":"featured","17":"taxable","18":"shipping-taxable","19":"purchasable","20":"product-type-simple"},"aioseo_notices":[],"uagb_featured_image_src":{"full":["https:\/\/okmakeyonline.com\/wp-content\/uploads\/2023\/06\/greenworks.jpg",1500,1196,false],"thumbnail":["https:\/\/okmakeyonline.com\/wp-content\/uploads\/2023\/06\/greenworks-150x150.jpg",150,150,true],"medium":["https:\/\/okmakeyonline.com\/wp-content\/uploads\/2023\/06\/greenworks-300x239.jpg",300,239,true],"medium_large":["https:\/\/okmakeyonline.com\/wp-content\/uploads\/2023\/06\/greenworks-768x612.jpg",768,612,true],"large":["https:\/\/okmakeyonline.com\/wp-content\/uploads\/2023\/06\/greenworks-1024x816.jpg",1024,816,true],"1536x1536":["https:\/\/okmakeyonline.com\/wp-content\/uploads\/2023\/06\/greenworks.jpg",1500,1196,false],"2048x2048":["https:\/\/okmakeyonline.com\/wp-content\/uploads\/2023\/06\/greenworks.jpg",1500,1196,false],"woocommerce_thumbnail":["https:\/\/okmakeyonline.com\/wp-content\/uploads\/2023\/06\/greenworks-300x300.jpg",300,300,true],"woocommerce_single":["https:\/\/okmakeyonline.com\/wp-content\/uploads\/2023\/06\/greenworks-600x478.jpg",600,478,true],"woocommerce_gallery_thumbnail":["https:\/\/okmakeyonline.com\/wp-content\/uploads\/2023\/06\/greenworks-100x100.jpg",100,100,true]},"uagb_author_info":{"display_name":"okmakey","author_link":"https:\/\/okmakeyonline.com\/index.php\/author\/"},"uagb_comment_info":2,"uagb_excerpt":"Motosierra ligera y compacta de 35 CM pesa solo 3.7 Kg lo que la hace muy c\u00f3moda de manipular. Incluye dos bater\u00edas de litio de 24v y su cargador. Tiene un motor sin escobillas para cortes eficientes y seguros a una velocidad de 20m\/s. PRODUCTO COMO NUEVO EN SU CAJA","_links":{"self":[{"href":"https:\/\/okmakeyonline.com\/index.php\/wp-json\/wp\/v2\/product\/7690","targetHints":{"allow":["GET"]}}],"collection":[{"href":"https:\/\/okmakeyonline.com\/index.php\/wp-json\/wp\/v2\/product"}],"about":[{"href":"https:\/\/okmakeyonline.com\/index.php\/wp-json\/wp\/v2\/types\/product"}],"replies":[{"embeddable":true,"href":"https:\/\/okmakeyonline.com\/index.php\/wp-json\/wp\/v2\/comments?post=7690"}],"wp:featuredmedia":[{"embeddable":true,"href":"https:\/\/okmakeyonline.com\/index.php\/wp-json\/wp\/v2\/media\/7691"}],"wp:attachment":[{"href":"https:\/\/okmakeyonline.com\/index.php\/wp-json\/wp\/v2\/media?parent=7690"}],"wp:term":[{"taxonomy":"product_brand","embeddable":true,"href":"https:\/\/okmakeyonline.com\/index.php\/wp-json\/wp\/v2\/product_brand?post=7690"},{"taxonomy":"product_cat","embeddable":true,"href":"https:\/\/okmakeyonline.com\/index.php\/wp-json\/wp\/v2\/product_cat?post=7690"},{"taxonomy":"product_tag","embeddable":true,"href":"https:\/\/okmakeyonline.com\/index.php\/wp-json\/wp\/v2\/product_tag?post=7690"}],"curies":[{"name":"wp","href":"https:\/\/api.w.org\/{rel}","templated":true}]}}