{"id":7677,"date":"2023-06-15T10:43:26","date_gmt":"2023-06-15T10:43:26","guid":{"rendered":"https:\/\/okmakeyonline.com\/?post_type=product&#038;p=7677"},"modified":"2023-06-15T17:22:37","modified_gmt":"2023-06-15T17:22:37","slug":"maquina-de-cafe-expresso-breville","status":"publish","type":"product","link":"https:\/\/okmakeyonline.com\/index.php\/producto\/maquina-de-cafe-expresso-breville\/","title":{"rendered":"Maquina de Caf\u00e9 Expresso Breville"},"content":{"rendered":"<p>Esta m\u00e1quina de caf\u00e9 Breville Barista Max viene con un molinillo de caf\u00e9 integrado y una bomba de 15 bares Italiana para mejores resultados. En 3 pasos tendr\u00e1s un caf\u00e9 como el de la cafeter\u00eda. Es solo Moler, Extraer y Texturizar la leche.<\/p>\n<p><strong>Producto sin caja, puede tener evidencias de uso, las fotos publicadas son reales al del producto ofertado.<\/strong><\/p>\n","protected":false},"excerpt":{"rendered":"<p>Esta m\u00e1quina de caf\u00e9 Breville Barista Max viene con un molinillo de caf\u00e9 integrado y una bomba de 15 bares Italiana para mejores resultados. En 3 pasos tendr\u00e1s un caf\u00e9 como el de la cafeter\u00eda. Es solo Moler, Extraer y Texturizar la leche. Producto sin caja, puede tener evidencias de uso, las fotos publicadas son &hellip;<\/p>\n<p class=\"read-more\"> <a class=\"\" href=\"https:\/\/okmakeyonline.com\/index.php\/producto\/maquina-de-cafe-expresso-breville\/\"> <span class=\"screen-reader-text\">Maquina de Caf\u00e9 Expresso Breville<\/span> Leer m\u00e1s &raquo;<\/a><\/p>\n","protected":false},"featured_media":7680,"comment_status":"open","ping_status":"closed","template":"","meta":{"_uag_custom_page_level_css":"","site-sidebar-layout":"default","site-content-layout":"default","ast-global-header-display":"","ast-main-header-display":"","ast-hfb-above-header-display":"","ast-hfb-below-header-display":"","ast-hfb-mobile-header-display":"","site-post-title":"","ast-breadcrumbs-content":"","ast-featured-img":"","footer-sml-layout":"","theme-transparent-header-meta":"default","adv-header-id-meta":"","stick-header-meta":"","header-above-stick-meta":"","header-main-stick-meta":"","header-below-stick-meta":""},"product_brand":[],"product_cat":[133,36],"product_tag":[],"class_list":{"0":"post-7677","1":"product","2":"type-product","3":"status-publish","4":"has-post-thumbnail","6":"product_cat-cafeteras","7":"product_cat-hogar","8":"desktop-align-center","9":"tablet-align-center","10":"mobile-align-center","12":"first","13":"outofstock","14":"sale","15":"taxable","16":"shipping-taxable","17":"purchasable","18":"product-type-simple"},"aioseo_notices":[],"uagb_featured_image_src":{"full":["https:\/\/okmakeyonline.com\/wp-content\/uploads\/2023\/06\/breville-3.jpg",1130,1313,false],"thumbnail":["https:\/\/okmakeyonline.com\/wp-content\/uploads\/2023\/06\/breville-3-150x150.jpg",150,150,true],"medium":["https:\/\/okmakeyonline.com\/wp-content\/uploads\/2023\/06\/breville-3-258x300.jpg",258,300,true],"medium_large":["https:\/\/okmakeyonline.com\/wp-content\/uploads\/2023\/06\/breville-3-768x892.jpg",768,892,true],"large":["https:\/\/okmakeyonline.com\/wp-content\/uploads\/2023\/06\/breville-3-881x1024.jpg",881,1024,true],"1536x1536":["https:\/\/okmakeyonline.com\/wp-content\/uploads\/2023\/06\/breville-3.jpg",1130,1313,false],"2048x2048":["https:\/\/okmakeyonline.com\/wp-content\/uploads\/2023\/06\/breville-3.jpg",1130,1313,false],"woocommerce_thumbnail":["https:\/\/okmakeyonline.com\/wp-content\/uploads\/2023\/06\/breville-3-300x300.jpg",300,300,true],"woocommerce_single":["https:\/\/okmakeyonline.com\/wp-content\/uploads\/2023\/06\/breville-3-600x697.jpg",600,697,true],"woocommerce_gallery_thumbnail":["https:\/\/okmakeyonline.com\/wp-content\/uploads\/2023\/06\/breville-3-100x100.jpg",100,100,true]},"uagb_author_info":{"display_name":"okmakey","author_link":"https:\/\/okmakeyonline.com\/index.php\/author\/"},"uagb_comment_info":0,"uagb_excerpt":"Esta m\u00e1quina de caf\u00e9 Breville Barista Max viene con un molinillo de caf\u00e9 integrado y una bomba de 15 bares Italiana para mejores resultados. En 3 pasos tendr\u00e1s un caf\u00e9 como el de la cafeter\u00eda. Es solo Moler, Extraer y Texturizar la leche. Producto sin caja, puede tener evidencias de uso, las fotos publicadas son&hellip;","_links":{"self":[{"href":"https:\/\/okmakeyonline.com\/index.php\/wp-json\/wp\/v2\/product\/7677","targetHints":{"allow":["GET"]}}],"collection":[{"href":"https:\/\/okmakeyonline.com\/index.php\/wp-json\/wp\/v2\/product"}],"about":[{"href":"https:\/\/okmakeyonline.com\/index.php\/wp-json\/wp\/v2\/types\/product"}],"replies":[{"embeddable":true,"href":"https:\/\/okmakeyonline.com\/index.php\/wp-json\/wp\/v2\/comments?post=7677"}],"wp:featuredmedia":[{"embeddable":true,"href":"https:\/\/okmakeyonline.com\/index.php\/wp-json\/wp\/v2\/media\/7680"}],"wp:attachment":[{"href":"https:\/\/okmakeyonline.com\/index.php\/wp-json\/wp\/v2\/media?parent=7677"}],"wp:term":[{"taxonomy":"product_brand","embeddable":true,"href":"https:\/\/okmakeyonline.com\/index.php\/wp-json\/wp\/v2\/product_brand?post=7677"},{"taxonomy":"product_cat","embeddable":true,"href":"https:\/\/okmakeyonline.com\/index.php\/wp-json\/wp\/v2\/product_cat?post=7677"},{"taxonomy":"product_tag","embeddable":true,"href":"https:\/\/okmakeyonline.com\/index.php\/wp-json\/wp\/v2\/product_tag?post=7677"}],"curies":[{"name":"wp","href":"https:\/\/api.w.org\/{rel}","templated":true}]}}