{"id":7651,"date":"2023-05-11T17:43:55","date_gmt":"2023-05-11T17:43:55","guid":{"rendered":"https:\/\/okmakeyonline.com\/index.php\/producto\/mini-aire-acondicionado-portatil-5-en-1\/"},"modified":"2023-05-11T17:43:55","modified_gmt":"2023-05-11T17:43:55","slug":"mini-aire-acondicionado-portatil-5-en-1","status":"publish","type":"product","link":"https:\/\/okmakeyonline.com\/index.php\/producto\/mini-aire-acondicionado-portatil-5-en-1\/","title":{"rendered":"MINI Aire Acondicionado Port\u00e1til 5 en 1"},"content":{"rendered":"<p>Aire Acondicionado Port\u00e1til, Enfriador de Aire Mini 4 en 1 Personal Climatizador Port\u00e1til Silencioso Ventilador, Humidificador 400ml 7 Colores de Luz Nocturna, 3 Velocidades, Temporizador 2\/4H. IMAGENES ORIENTATIVAS \u2013 PRODUCTO USADO \u2013  PUEDE TENER EVIDENCIAS DE USO \u2013 CUALQUIER DUDA CONT\u00c1CTENOS ANTES DE COMPRAR<\/p>\n","protected":false},"excerpt":{"rendered":"<p>MINI Aire Acondicionado Port\u00e1til 5 en 1<\/p>\n","protected":false},"featured_media":7640,"comment_status":"open","ping_status":"closed","template":"","meta":{"_uag_custom_page_level_css":"","site-sidebar-layout":"default","site-content-layout":"default","ast-global-header-display":"","ast-main-header-display":"","ast-hfb-above-header-display":"","ast-hfb-below-header-display":"","ast-hfb-mobile-header-display":"","site-post-title":"","ast-breadcrumbs-content":"","ast-featured-img":"","footer-sml-layout":"","theme-transparent-header-meta":"","adv-header-id-meta":"","stick-header-meta":"","header-above-stick-meta":"","header-main-stick-meta":"","header-below-stick-meta":""},"product_brand":[],"product_cat":[59,36],"product_tag":[],"class_list":{"0":"post-7651","1":"product","2":"type-product","3":"status-publish","4":"has-post-thumbnail","6":"product_cat-climatizacion","7":"product_cat-hogar","8":"desktop-align-center","9":"tablet-align-center","10":"mobile-align-center","12":"first","13":"instock","14":"sale","15":"featured","16":"taxable","17":"shipping-taxable","18":"purchasable","19":"product-type-simple"},"aioseo_notices":[],"uagb_featured_image_src":{"full":["https:\/\/okmakeyonline.com\/wp-content\/uploads\/2023\/05\/miniaire.jpg",679,723,false],"thumbnail":["https:\/\/okmakeyonline.com\/wp-content\/uploads\/2023\/05\/miniaire-150x150.jpg",150,150,true],"medium":["https:\/\/okmakeyonline.com\/wp-content\/uploads\/2023\/05\/miniaire-282x300.jpg",282,300,true],"medium_large":["https:\/\/okmakeyonline.com\/wp-content\/uploads\/2023\/05\/miniaire.jpg",679,723,false],"large":["https:\/\/okmakeyonline.com\/wp-content\/uploads\/2023\/05\/miniaire.jpg",679,723,false],"1536x1536":["https:\/\/okmakeyonline.com\/wp-content\/uploads\/2023\/05\/miniaire.jpg",679,723,false],"2048x2048":["https:\/\/okmakeyonline.com\/wp-content\/uploads\/2023\/05\/miniaire.jpg",679,723,false],"woocommerce_thumbnail":["https:\/\/okmakeyonline.com\/wp-content\/uploads\/2023\/05\/miniaire-300x300.jpg",300,300,true],"woocommerce_single":["https:\/\/okmakeyonline.com\/wp-content\/uploads\/2023\/05\/miniaire-600x639.jpg",600,639,true],"woocommerce_gallery_thumbnail":["https:\/\/okmakeyonline.com\/wp-content\/uploads\/2023\/05\/miniaire-100x100.jpg",100,100,true]},"uagb_author_info":{"display_name":"okmakey","author_link":"https:\/\/okmakeyonline.com\/index.php\/author\/"},"uagb_comment_info":0,"uagb_excerpt":"MINI Aire Acondicionado Port\u00e1til 5 en 1","_links":{"self":[{"href":"https:\/\/okmakeyonline.com\/index.php\/wp-json\/wp\/v2\/product\/7651","targetHints":{"allow":["GET"]}}],"collection":[{"href":"https:\/\/okmakeyonline.com\/index.php\/wp-json\/wp\/v2\/product"}],"about":[{"href":"https:\/\/okmakeyonline.com\/index.php\/wp-json\/wp\/v2\/types\/product"}],"replies":[{"embeddable":true,"href":"https:\/\/okmakeyonline.com\/index.php\/wp-json\/wp\/v2\/comments?post=7651"}],"wp:featuredmedia":[{"embeddable":true,"href":"https:\/\/okmakeyonline.com\/index.php\/wp-json\/wp\/v2\/media\/7640"}],"wp:attachment":[{"href":"https:\/\/okmakeyonline.com\/index.php\/wp-json\/wp\/v2\/media?parent=7651"}],"wp:term":[{"taxonomy":"product_brand","embeddable":true,"href":"https:\/\/okmakeyonline.com\/index.php\/wp-json\/wp\/v2\/product_brand?post=7651"},{"taxonomy":"product_cat","embeddable":true,"href":"https:\/\/okmakeyonline.com\/index.php\/wp-json\/wp\/v2\/product_cat?post=7651"},{"taxonomy":"product_tag","embeddable":true,"href":"https:\/\/okmakeyonline.com\/index.php\/wp-json\/wp\/v2\/product_tag?post=7651"}],"curies":[{"name":"wp","href":"https:\/\/api.w.org\/{rel}","templated":true}]}}