{"id":7225,"date":"2023-04-12T19:01:23","date_gmt":"2023-04-12T19:01:23","guid":{"rendered":"https:\/\/okmakeyonline.com\/index.php\/producto\/plancha-de-ropa-3100w\/"},"modified":"2023-04-12T19:01:23","modified_gmt":"2023-04-12T19:01:23","slug":"plancha-de-ropa-3100w","status":"publish","type":"product","link":"https:\/\/okmakeyonline.com\/index.php\/producto\/plancha-de-ropa-3100w\/","title":{"rendered":"Plancha de Ropa 3100W"},"content":{"rendered":"<p>Russell Hobbs Plancha de Ropa Power Steam Ultra \u2013 3100W, Suela Cer\u00e1mica, Planchado Seco, Golpe Vapor 210g, Antical, Antigoteo, Funci\u00f3n Autolimpieza, Apagado Autom\u00e1tico, Negro \u2013 20630-56  Plancha de Segunda Mano Como Nueva<\/p>\n","protected":false},"excerpt":{"rendered":"<p>Russell Hobbs Plancha de Ropa Power Steam Ultra<\/p>\n","protected":false},"featured_media":7217,"comment_status":"open","ping_status":"closed","template":"","meta":{"_uag_custom_page_level_css":"","site-sidebar-layout":"default","site-content-layout":"default","ast-global-header-display":"","ast-main-header-display":"","ast-hfb-above-header-display":"","ast-hfb-below-header-display":"","ast-hfb-mobile-header-display":"","site-post-title":"","ast-breadcrumbs-content":"","ast-featured-img":"","footer-sml-layout":"","theme-transparent-header-meta":"","adv-header-id-meta":"","stick-header-meta":"","header-above-stick-meta":"","header-main-stick-meta":"","header-below-stick-meta":""},"product_brand":[],"product_cat":[36,89],"product_tag":[],"class_list":{"0":"post-7225","1":"product","2":"type-product","3":"status-publish","4":"has-post-thumbnail","6":"product_cat-hogar","7":"product_cat-planchas","8":"desktop-align-center","9":"tablet-align-center","10":"mobile-align-center","12":"first","13":"instock","14":"sale","15":"featured","16":"taxable","17":"shipping-taxable","18":"purchasable","19":"product-type-simple"},"aioseo_notices":[],"uagb_featured_image_src":{"full":["https:\/\/okmakeyonline.com\/wp-content\/uploads\/2023\/04\/plancha-barata-russel-hobbs.jpeg",1200,1600,false],"thumbnail":["https:\/\/okmakeyonline.com\/wp-content\/uploads\/2023\/04\/plancha-barata-russel-hobbs-150x150.jpeg",150,150,true],"medium":["https:\/\/okmakeyonline.com\/wp-content\/uploads\/2023\/04\/plancha-barata-russel-hobbs-225x300.jpeg",225,300,true],"medium_large":["https:\/\/okmakeyonline.com\/wp-content\/uploads\/2023\/04\/plancha-barata-russel-hobbs-768x1024.jpeg",768,1024,true],"large":["https:\/\/okmakeyonline.com\/wp-content\/uploads\/2023\/04\/plancha-barata-russel-hobbs-768x1024.jpeg",768,1024,true],"1536x1536":["https:\/\/okmakeyonline.com\/wp-content\/uploads\/2023\/04\/plancha-barata-russel-hobbs-1152x1536.jpeg",1152,1536,true],"2048x2048":["https:\/\/okmakeyonline.com\/wp-content\/uploads\/2023\/04\/plancha-barata-russel-hobbs.jpeg",1200,1600,false],"woocommerce_thumbnail":["https:\/\/okmakeyonline.com\/wp-content\/uploads\/2023\/04\/plancha-barata-russel-hobbs-300x300.jpeg",300,300,true],"woocommerce_single":["https:\/\/okmakeyonline.com\/wp-content\/uploads\/2023\/04\/plancha-barata-russel-hobbs-600x800.jpeg",600,800,true],"woocommerce_gallery_thumbnail":["https:\/\/okmakeyonline.com\/wp-content\/uploads\/2023\/04\/plancha-barata-russel-hobbs-100x100.jpeg",100,100,true]},"uagb_author_info":{"display_name":"okmakey","author_link":"https:\/\/okmakeyonline.com\/index.php\/author\/"},"uagb_comment_info":0,"uagb_excerpt":"Russell Hobbs Plancha de Ropa Power Steam Ultra","_links":{"self":[{"href":"https:\/\/okmakeyonline.com\/index.php\/wp-json\/wp\/v2\/product\/7225","targetHints":{"allow":["GET"]}}],"collection":[{"href":"https:\/\/okmakeyonline.com\/index.php\/wp-json\/wp\/v2\/product"}],"about":[{"href":"https:\/\/okmakeyonline.com\/index.php\/wp-json\/wp\/v2\/types\/product"}],"replies":[{"embeddable":true,"href":"https:\/\/okmakeyonline.com\/index.php\/wp-json\/wp\/v2\/comments?post=7225"}],"wp:featuredmedia":[{"embeddable":true,"href":"https:\/\/okmakeyonline.com\/index.php\/wp-json\/wp\/v2\/media\/7217"}],"wp:attachment":[{"href":"https:\/\/okmakeyonline.com\/index.php\/wp-json\/wp\/v2\/media?parent=7225"}],"wp:term":[{"taxonomy":"product_brand","embeddable":true,"href":"https:\/\/okmakeyonline.com\/index.php\/wp-json\/wp\/v2\/product_brand?post=7225"},{"taxonomy":"product_cat","embeddable":true,"href":"https:\/\/okmakeyonline.com\/index.php\/wp-json\/wp\/v2\/product_cat?post=7225"},{"taxonomy":"product_tag","embeddable":true,"href":"https:\/\/okmakeyonline.com\/index.php\/wp-json\/wp\/v2\/product_tag?post=7225"}],"curies":[{"name":"wp","href":"https:\/\/api.w.org\/{rel}","templated":true}]}}