{"id":7176,"date":"2023-04-05T15:42:26","date_gmt":"2023-04-05T15:42:26","guid":{"rendered":"https:\/\/okmakeyonline.com\/?post_type=product&#038;p=7176"},"modified":"2023-04-18T18:15:33","modified_gmt":"2023-04-18T18:15:33","slug":"horno-microondas-negro","status":"publish","type":"product","link":"https:\/\/okmakeyonline.com\/index.php\/producto\/horno-microondas-negro\/","title":{"rendered":"Horno Microondas Negro"},"content":{"rendered":"<p>Cecotec Microondas negro ProClean 6010. 800 W, Capacidad de 23 Litros, Revestimiento Ready2Clean para una mejor limpieza, Panel de control y tecnolog\u00eda 3DWave, Control T\u00e1ctil<\/p>\n<h2>Horno Microondas Segunda Mano<\/h2>\n<p>Puede tener evidencias de uso y alg\u00fan da\u00f1o est\u00e9tico (VER FOTOS) cualquier duda consultar al WhatsApp<\/p>\n","protected":false},"excerpt":{"rendered":"<p>Cecotec Microondas negro ProClean 6010. 800 W, Capacidad de 23 Litros, Revestimiento Ready2Clean para una mejor limpieza, Panel de control y tecnolog\u00eda 3DWave, Control T\u00e1ctil Horno Microondas Segunda Mano Puede tener evidencias de uso y alg\u00fan da\u00f1o est\u00e9tico (VER FOTOS) cualquier duda consultar al WhatsApp<\/p>\n","protected":false},"featured_media":7177,"comment_status":"open","ping_status":"closed","template":"","meta":{"_uag_custom_page_level_css":"","site-sidebar-layout":"default","site-content-layout":"default","ast-global-header-display":"","ast-main-header-display":"","ast-hfb-above-header-display":"","ast-hfb-below-header-display":"","ast-hfb-mobile-header-display":"","site-post-title":"","ast-breadcrumbs-content":"","ast-featured-img":"","footer-sml-layout":"","theme-transparent-header-meta":"default","adv-header-id-meta":"","stick-header-meta":"","header-above-stick-meta":"","header-main-stick-meta":"","header-below-stick-meta":""},"product_brand":[],"product_cat":[36,60],"product_tag":[],"class_list":{"0":"post-7176","1":"product","2":"type-product","3":"status-publish","4":"has-post-thumbnail","6":"product_cat-hogar","7":"product_cat-microondas","8":"desktop-align-center","9":"tablet-align-center","10":"mobile-align-center","12":"first","13":"outofstock","14":"sale","15":"taxable","16":"shipping-taxable","17":"purchasable","18":"product-type-simple"},"aioseo_notices":[],"uagb_featured_image_src":{"full":["https:\/\/okmakeyonline.com\/wp-content\/uploads\/2023\/04\/microondas-segundamano-6010.jpg",522,356,false],"thumbnail":["https:\/\/okmakeyonline.com\/wp-content\/uploads\/2023\/04\/microondas-segundamano-6010-150x150.jpg",150,150,true],"medium":["https:\/\/okmakeyonline.com\/wp-content\/uploads\/2023\/04\/microondas-segundamano-6010-300x205.jpg",300,205,true],"medium_large":["https:\/\/okmakeyonline.com\/wp-content\/uploads\/2023\/04\/microondas-segundamano-6010.jpg",522,356,false],"large":["https:\/\/okmakeyonline.com\/wp-content\/uploads\/2023\/04\/microondas-segundamano-6010.jpg",522,356,false],"1536x1536":["https:\/\/okmakeyonline.com\/wp-content\/uploads\/2023\/04\/microondas-segundamano-6010.jpg",522,356,false],"2048x2048":["https:\/\/okmakeyonline.com\/wp-content\/uploads\/2023\/04\/microondas-segundamano-6010.jpg",522,356,false],"woocommerce_thumbnail":["https:\/\/okmakeyonline.com\/wp-content\/uploads\/2023\/04\/microondas-segundamano-6010-300x300.jpg",300,300,true],"woocommerce_single":["https:\/\/okmakeyonline.com\/wp-content\/uploads\/2023\/04\/microondas-segundamano-6010.jpg",522,356,false],"woocommerce_gallery_thumbnail":["https:\/\/okmakeyonline.com\/wp-content\/uploads\/2023\/04\/microondas-segundamano-6010-100x100.jpg",100,100,true]},"uagb_author_info":{"display_name":"okmakey","author_link":"https:\/\/okmakeyonline.com\/index.php\/author\/"},"uagb_comment_info":0,"uagb_excerpt":"Cecotec Microondas negro ProClean 6010. 800 W, Capacidad de 23 Litros, Revestimiento Ready2Clean para una mejor limpieza, Panel de control y tecnolog\u00eda 3DWave, Control T\u00e1ctil Horno Microondas Segunda Mano Puede tener evidencias de uso y alg\u00fan da\u00f1o est\u00e9tico (VER FOTOS) cualquier duda consultar al WhatsApp","_links":{"self":[{"href":"https:\/\/okmakeyonline.com\/index.php\/wp-json\/wp\/v2\/product\/7176","targetHints":{"allow":["GET"]}}],"collection":[{"href":"https:\/\/okmakeyonline.com\/index.php\/wp-json\/wp\/v2\/product"}],"about":[{"href":"https:\/\/okmakeyonline.com\/index.php\/wp-json\/wp\/v2\/types\/product"}],"replies":[{"embeddable":true,"href":"https:\/\/okmakeyonline.com\/index.php\/wp-json\/wp\/v2\/comments?post=7176"}],"wp:featuredmedia":[{"embeddable":true,"href":"https:\/\/okmakeyonline.com\/index.php\/wp-json\/wp\/v2\/media\/7177"}],"wp:attachment":[{"href":"https:\/\/okmakeyonline.com\/index.php\/wp-json\/wp\/v2\/media?parent=7176"}],"wp:term":[{"taxonomy":"product_brand","embeddable":true,"href":"https:\/\/okmakeyonline.com\/index.php\/wp-json\/wp\/v2\/product_brand?post=7176"},{"taxonomy":"product_cat","embeddable":true,"href":"https:\/\/okmakeyonline.com\/index.php\/wp-json\/wp\/v2\/product_cat?post=7176"},{"taxonomy":"product_tag","embeddable":true,"href":"https:\/\/okmakeyonline.com\/index.php\/wp-json\/wp\/v2\/product_tag?post=7176"}],"curies":[{"name":"wp","href":"https:\/\/api.w.org\/{rel}","templated":true}]}}