{"id":7111,"date":"2023-01-14T17:38:40","date_gmt":"2023-01-14T17:38:40","guid":{"rendered":"https:\/\/okmakeyonline.com\/?post_type=product&#038;p=7111"},"modified":"2023-04-12T10:35:07","modified_gmt":"2023-04-12T10:35:07","slug":"escobillas-limpiaparabrisas","status":"publish","type":"product","link":"https:\/\/okmakeyonline.com\/index.php\/producto\/escobillas-limpiaparabrisas\/","title":{"rendered":"Escobillas limpiaparabrisas"},"content":{"rendered":"<p>Escobillas limpiaparabrisas distintos tama\u00f1os y modelos. Marca Bosch, Valeo, Audi original, VW. Consultar disponibilidad y compatibilidad antes de comprar.<\/p>\n<p>No dude en contactarnos a trav\u00e9s del bot\u00f3n de WhatsApp<\/p>\n<p><strong>NO A\u00d1ADA AL CARRITO SIN CONSULTAR COMPATIBILIDAD<\/strong><\/p>\n","protected":false},"excerpt":{"rendered":"<p>Escobillas limpiaparabrisas distintos tama\u00f1os y modelos. Marca Bosch, Valeo, Audi original, VW. Consultar disponibilidad y compatibilidad antes de comprar. No dude en contactarnos a trav\u00e9s del bot\u00f3n de WhatsApp NO A\u00d1ADA AL CARRITO SIN CONSULTAR COMPATIBILIDAD<\/p>\n","protected":false},"featured_media":7112,"comment_status":"open","ping_status":"closed","template":"","meta":{"_uag_custom_page_level_css":"","site-sidebar-layout":"default","site-content-layout":"default","ast-global-header-display":"","ast-main-header-display":"","ast-hfb-above-header-display":"","ast-hfb-below-header-display":"","ast-hfb-mobile-header-display":"","site-post-title":"","ast-breadcrumbs-content":"","ast-featured-img":"","footer-sml-layout":"","theme-transparent-header-meta":"default","adv-header-id-meta":"","stick-header-meta":"","header-above-stick-meta":"","header-main-stick-meta":"","header-below-stick-meta":""},"product_brand":[],"product_cat":[33],"product_tag":[],"class_list":{"0":"post-7111","1":"product","2":"type-product","3":"status-publish","4":"has-post-thumbnail","6":"product_cat-automocion","7":"desktop-align-center","8":"tablet-align-center","9":"mobile-align-center","11":"first","12":"instock","13":"taxable","14":"shipping-taxable","15":"purchasable","16":"product-type-simple"},"aioseo_notices":[],"uagb_featured_image_src":{"full":["https:\/\/okmakeyonline.com\/wp-content\/uploads\/2023\/01\/limpiaparabrisas.jpg",253,606,false],"thumbnail":["https:\/\/okmakeyonline.com\/wp-content\/uploads\/2023\/01\/limpiaparabrisas-150x150.jpg",150,150,true],"medium":["https:\/\/okmakeyonline.com\/wp-content\/uploads\/2023\/01\/limpiaparabrisas-125x300.jpg",125,300,true],"medium_large":["https:\/\/okmakeyonline.com\/wp-content\/uploads\/2023\/01\/limpiaparabrisas.jpg",253,606,false],"large":["https:\/\/okmakeyonline.com\/wp-content\/uploads\/2023\/01\/limpiaparabrisas.jpg",253,606,false],"1536x1536":["https:\/\/okmakeyonline.com\/wp-content\/uploads\/2023\/01\/limpiaparabrisas.jpg",253,606,false],"2048x2048":["https:\/\/okmakeyonline.com\/wp-content\/uploads\/2023\/01\/limpiaparabrisas.jpg",253,606,false],"woocommerce_thumbnail":["https:\/\/okmakeyonline.com\/wp-content\/uploads\/2023\/01\/limpiaparabrisas-253x300.jpg",253,300,true],"woocommerce_single":["https:\/\/okmakeyonline.com\/wp-content\/uploads\/2023\/01\/limpiaparabrisas.jpg",253,606,false],"woocommerce_gallery_thumbnail":["https:\/\/okmakeyonline.com\/wp-content\/uploads\/2023\/01\/limpiaparabrisas-100x100.jpg",100,100,true]},"uagb_author_info":{"display_name":"okmakey","author_link":"https:\/\/okmakeyonline.com\/index.php\/author\/"},"uagb_comment_info":0,"uagb_excerpt":"Escobillas limpiaparabrisas distintos tama\u00f1os y modelos. Marca Bosch, Valeo, Audi original, VW. Consultar disponibilidad y compatibilidad antes de comprar. No dude en contactarnos a trav\u00e9s del bot\u00f3n de WhatsApp NO A\u00d1ADA AL CARRITO SIN CONSULTAR COMPATIBILIDAD","_links":{"self":[{"href":"https:\/\/okmakeyonline.com\/index.php\/wp-json\/wp\/v2\/product\/7111","targetHints":{"allow":["GET"]}}],"collection":[{"href":"https:\/\/okmakeyonline.com\/index.php\/wp-json\/wp\/v2\/product"}],"about":[{"href":"https:\/\/okmakeyonline.com\/index.php\/wp-json\/wp\/v2\/types\/product"}],"replies":[{"embeddable":true,"href":"https:\/\/okmakeyonline.com\/index.php\/wp-json\/wp\/v2\/comments?post=7111"}],"wp:featuredmedia":[{"embeddable":true,"href":"https:\/\/okmakeyonline.com\/index.php\/wp-json\/wp\/v2\/media\/7112"}],"wp:attachment":[{"href":"https:\/\/okmakeyonline.com\/index.php\/wp-json\/wp\/v2\/media?parent=7111"}],"wp:term":[{"taxonomy":"product_brand","embeddable":true,"href":"https:\/\/okmakeyonline.com\/index.php\/wp-json\/wp\/v2\/product_brand?post=7111"},{"taxonomy":"product_cat","embeddable":true,"href":"https:\/\/okmakeyonline.com\/index.php\/wp-json\/wp\/v2\/product_cat?post=7111"},{"taxonomy":"product_tag","embeddable":true,"href":"https:\/\/okmakeyonline.com\/index.php\/wp-json\/wp\/v2\/product_tag?post=7111"}],"curies":[{"name":"wp","href":"https:\/\/api.w.org\/{rel}","templated":true}]}}