{"id":7071,"date":"2022-12-23T10:52:22","date_gmt":"2022-12-23T10:52:22","guid":{"rendered":"https:\/\/okmakeyonline.com\/?post_type=product&#038;p=7071"},"modified":"2023-11-14T11:33:09","modified_gmt":"2023-11-14T11:33:09","slug":"calentador-de-agua-electrico-bosch","status":"publish","type":"product","link":"https:\/\/okmakeyonline.com\/index.php\/producto\/calentador-de-agua-electrico-bosch\/","title":{"rendered":"Calentador de agua el\u00e9ctrico Bosch"},"content":{"rendered":"<p>Bosch Thermotechnik TR5000R EAB Calentador electr\u00f3nico de Agua Caliente, Resistente a la presi\u00f3n, con Cambio de Potencia 2 en 1 y AquaStop 24\/27 kW. <strong>IMAGENES ORIENTATIVAS \u2013 PRODUCTO USADO \u2013<\/strong>\u00a0<strong>COMO NUEVO \u2013 PUEDE TENER EVIDENCIAS DE USO \u2013 CUALQUIER DUDA CONT\u00c1CTENOS ANTES DE COMPRAR<\/strong><\/p>\n","protected":false},"excerpt":{"rendered":"<p>Bosch Thermotechnik TR5000R EAB Calentador electr\u00f3nico de Agua Caliente, Resistente a la presi\u00f3n, con Cambio de Potencia 2 en 1 y AquaStop 24\/27 kW. IMAGENES ORIENTATIVAS \u2013 PRODUCTO USADO \u2013\u00a0COMO NUEVO \u2013 PUEDE TENER EVIDENCIAS DE USO \u2013 CUALQUIER DUDA CONT\u00c1CTENOS ANTES DE COMPRAR<\/p>\n","protected":false},"featured_media":7074,"comment_status":"open","ping_status":"closed","template":"","meta":{"_uag_custom_page_level_css":"","site-sidebar-layout":"default","site-content-layout":"default","ast-global-header-display":"","ast-main-header-display":"","ast-hfb-above-header-display":"","ast-hfb-below-header-display":"","ast-hfb-mobile-header-display":"","site-post-title":"","ast-breadcrumbs-content":"","ast-featured-img":"","footer-sml-layout":"","theme-transparent-header-meta":"default","adv-header-id-meta":"","stick-header-meta":"","header-above-stick-meta":"","header-main-stick-meta":"","header-below-stick-meta":""},"product_brand":[],"product_cat":[37],"product_tag":[],"class_list":{"0":"post-7071","1":"product","2":"type-product","3":"status-publish","4":"has-post-thumbnail","6":"product_cat-fontaneria","7":"desktop-align-center","8":"tablet-align-center","9":"mobile-align-center","11":"first","12":"outofstock","13":"sale","14":"taxable","15":"shipping-taxable","16":"purchasable","17":"product-type-simple"},"aioseo_notices":[],"uagb_featured_image_src":{"full":["https:\/\/okmakeyonline.com\/wp-content\/uploads\/2022\/12\/calentador-3.jpg",277,550,false],"thumbnail":["https:\/\/okmakeyonline.com\/wp-content\/uploads\/2022\/12\/calentador-3-150x150.jpg",150,150,true],"medium":["https:\/\/okmakeyonline.com\/wp-content\/uploads\/2022\/12\/calentador-3-151x300.jpg",151,300,true],"medium_large":["https:\/\/okmakeyonline.com\/wp-content\/uploads\/2022\/12\/calentador-3.jpg",277,550,false],"large":["https:\/\/okmakeyonline.com\/wp-content\/uploads\/2022\/12\/calentador-3.jpg",277,550,false],"1536x1536":["https:\/\/okmakeyonline.com\/wp-content\/uploads\/2022\/12\/calentador-3.jpg",277,550,false],"2048x2048":["https:\/\/okmakeyonline.com\/wp-content\/uploads\/2022\/12\/calentador-3.jpg",277,550,false],"woocommerce_thumbnail":["https:\/\/okmakeyonline.com\/wp-content\/uploads\/2022\/12\/calentador-3-277x300.jpg",277,300,true],"woocommerce_single":["https:\/\/okmakeyonline.com\/wp-content\/uploads\/2022\/12\/calentador-3.jpg",277,550,false],"woocommerce_gallery_thumbnail":["https:\/\/okmakeyonline.com\/wp-content\/uploads\/2022\/12\/calentador-3-100x100.jpg",100,100,true]},"uagb_author_info":{"display_name":"okmakey","author_link":"https:\/\/okmakeyonline.com\/index.php\/author\/"},"uagb_comment_info":0,"uagb_excerpt":"Bosch Thermotechnik TR5000R EAB Calentador electr\u00f3nico de Agua Caliente, Resistente a la presi\u00f3n, con Cambio de Potencia 2 en 1 y AquaStop 24\/27 kW. IMAGENES ORIENTATIVAS \u2013 PRODUCTO USADO \u2013\u00a0COMO NUEVO \u2013 PUEDE TENER EVIDENCIAS DE USO \u2013 CUALQUIER DUDA CONT\u00c1CTENOS ANTES DE COMPRAR","_links":{"self":[{"href":"https:\/\/okmakeyonline.com\/index.php\/wp-json\/wp\/v2\/product\/7071","targetHints":{"allow":["GET"]}}],"collection":[{"href":"https:\/\/okmakeyonline.com\/index.php\/wp-json\/wp\/v2\/product"}],"about":[{"href":"https:\/\/okmakeyonline.com\/index.php\/wp-json\/wp\/v2\/types\/product"}],"replies":[{"embeddable":true,"href":"https:\/\/okmakeyonline.com\/index.php\/wp-json\/wp\/v2\/comments?post=7071"}],"wp:featuredmedia":[{"embeddable":true,"href":"https:\/\/okmakeyonline.com\/index.php\/wp-json\/wp\/v2\/media\/7074"}],"wp:attachment":[{"href":"https:\/\/okmakeyonline.com\/index.php\/wp-json\/wp\/v2\/media?parent=7071"}],"wp:term":[{"taxonomy":"product_brand","embeddable":true,"href":"https:\/\/okmakeyonline.com\/index.php\/wp-json\/wp\/v2\/product_brand?post=7071"},{"taxonomy":"product_cat","embeddable":true,"href":"https:\/\/okmakeyonline.com\/index.php\/wp-json\/wp\/v2\/product_cat?post=7071"},{"taxonomy":"product_tag","embeddable":true,"href":"https:\/\/okmakeyonline.com\/index.php\/wp-json\/wp\/v2\/product_tag?post=7071"}],"curies":[{"name":"wp","href":"https:\/\/api.w.org\/{rel}","templated":true}]}}