{"id":7056,"date":"2022-12-22T19:48:05","date_gmt":"2022-12-22T19:48:05","guid":{"rendered":"https:\/\/okmakeyonline.com\/?post_type=product&#038;p=7056"},"modified":"2023-06-21T10:55:55","modified_gmt":"2023-06-21T10:55:55","slug":"grabadora-audio-video-digital-portatil-4k","status":"publish","type":"product","link":"https:\/\/okmakeyonline.com\/index.php\/producto\/grabadora-audio-video-digital-portatil-4k\/","title":{"rendered":"Grabadora Audio Video digital port\u00e1til 4K"},"content":{"rendered":"<p>C\u00e1mara de video digital 4K con calidad profesional ideal para producci\u00f3n de video y transmisi\u00f3n en vivo para m\u00fasicos, cineastas, podcasters, con c\u00e1psula de micr\u00f3fono X\/Y incluida y dos entradas XLR, pudiendo capturar hasta cuatro pistas de audio al mismo tiempo y de forma n\u00edtida. <strong>IMAGENES ORIENTATIVAS &#8211; PRODUCTO USADO &#8211;<\/strong> <strong>COMO NUEVO &#8211; PUEDE TENER EVIDENCIAS DE USO &#8211; CUALQUIER DUDA CONT\u00c1CTENOS ANTES DE COMPRAR<\/strong><\/p>\n","protected":false},"excerpt":{"rendered":"<p>C\u00e1mara de video digital 4K con calidad profesional ideal para producci\u00f3n de video y transmisi\u00f3n en vivo para m\u00fasicos, cineastas, podcasters, con c\u00e1psula de micr\u00f3fono X\/Y incluida y dos entradas XLR, pudiendo capturar hasta cuatro pistas de audio al mismo tiempo y de forma n\u00edtida. IMAGENES ORIENTATIVAS &#8211; PRODUCTO USADO &#8211; COMO NUEVO &#8211; PUEDE &hellip;<\/p>\n<p class=\"read-more\"> <a class=\"\" href=\"https:\/\/okmakeyonline.com\/index.php\/producto\/grabadora-audio-video-digital-portatil-4k\/\"> <span class=\"screen-reader-text\">Grabadora Audio Video digital port\u00e1til 4K<\/span> Leer m\u00e1s &raquo;<\/a><\/p>\n","protected":false},"featured_media":7057,"comment_status":"open","ping_status":"closed","template":"","meta":{"_uag_custom_page_level_css":"","site-sidebar-layout":"default","site-content-layout":"default","ast-global-header-display":"","ast-main-header-display":"","ast-hfb-above-header-display":"","ast-hfb-below-header-display":"","ast-hfb-mobile-header-display":"","site-post-title":"","ast-breadcrumbs-content":"","ast-featured-img":"","footer-sml-layout":"","theme-transparent-header-meta":"default","adv-header-id-meta":"","stick-header-meta":"","header-above-stick-meta":"","header-main-stick-meta":"","header-below-stick-meta":""},"product_brand":[],"product_cat":[85],"product_tag":[],"class_list":{"0":"post-7056","1":"product","2":"type-product","3":"status-publish","4":"has-post-thumbnail","6":"product_cat-fotografia","7":"desktop-align-center","8":"tablet-align-center","9":"mobile-align-center","11":"first","12":"instock","13":"sale","14":"taxable","15":"shipping-taxable","16":"purchasable","17":"product-type-simple"},"aioseo_notices":[],"uagb_featured_image_src":{"full":["https:\/\/okmakeyonline.com\/wp-content\/uploads\/2022\/12\/zoom-1.jpg",450,450,false],"thumbnail":["https:\/\/okmakeyonline.com\/wp-content\/uploads\/2022\/12\/zoom-1-150x150.jpg",150,150,true],"medium":["https:\/\/okmakeyonline.com\/wp-content\/uploads\/2022\/12\/zoom-1-300x300.jpg",300,300,true],"medium_large":["https:\/\/okmakeyonline.com\/wp-content\/uploads\/2022\/12\/zoom-1.jpg",450,450,false],"large":["https:\/\/okmakeyonline.com\/wp-content\/uploads\/2022\/12\/zoom-1.jpg",450,450,false],"1536x1536":["https:\/\/okmakeyonline.com\/wp-content\/uploads\/2022\/12\/zoom-1.jpg",450,450,false],"2048x2048":["https:\/\/okmakeyonline.com\/wp-content\/uploads\/2022\/12\/zoom-1.jpg",450,450,false],"woocommerce_thumbnail":["https:\/\/okmakeyonline.com\/wp-content\/uploads\/2022\/12\/zoom-1-300x300.jpg",300,300,true],"woocommerce_single":["https:\/\/okmakeyonline.com\/wp-content\/uploads\/2022\/12\/zoom-1.jpg",450,450,false],"woocommerce_gallery_thumbnail":["https:\/\/okmakeyonline.com\/wp-content\/uploads\/2022\/12\/zoom-1-100x100.jpg",100,100,true]},"uagb_author_info":{"display_name":"okmakey","author_link":"https:\/\/okmakeyonline.com\/index.php\/author\/"},"uagb_comment_info":0,"uagb_excerpt":"C\u00e1mara de video digital 4K con calidad profesional ideal para producci\u00f3n de video y transmisi\u00f3n en vivo para m\u00fasicos, cineastas, podcasters, con c\u00e1psula de micr\u00f3fono X\/Y incluida y dos entradas XLR, pudiendo capturar hasta cuatro pistas de audio al mismo tiempo y de forma n\u00edtida. IMAGENES ORIENTATIVAS &#8211; PRODUCTO USADO &#8211; COMO NUEVO &#8211; PUEDE&hellip;","_links":{"self":[{"href":"https:\/\/okmakeyonline.com\/index.php\/wp-json\/wp\/v2\/product\/7056","targetHints":{"allow":["GET"]}}],"collection":[{"href":"https:\/\/okmakeyonline.com\/index.php\/wp-json\/wp\/v2\/product"}],"about":[{"href":"https:\/\/okmakeyonline.com\/index.php\/wp-json\/wp\/v2\/types\/product"}],"replies":[{"embeddable":true,"href":"https:\/\/okmakeyonline.com\/index.php\/wp-json\/wp\/v2\/comments?post=7056"}],"wp:featuredmedia":[{"embeddable":true,"href":"https:\/\/okmakeyonline.com\/index.php\/wp-json\/wp\/v2\/media\/7057"}],"wp:attachment":[{"href":"https:\/\/okmakeyonline.com\/index.php\/wp-json\/wp\/v2\/media?parent=7056"}],"wp:term":[{"taxonomy":"product_brand","embeddable":true,"href":"https:\/\/okmakeyonline.com\/index.php\/wp-json\/wp\/v2\/product_brand?post=7056"},{"taxonomy":"product_cat","embeddable":true,"href":"https:\/\/okmakeyonline.com\/index.php\/wp-json\/wp\/v2\/product_cat?post=7056"},{"taxonomy":"product_tag","embeddable":true,"href":"https:\/\/okmakeyonline.com\/index.php\/wp-json\/wp\/v2\/product_tag?post=7056"}],"curies":[{"name":"wp","href":"https:\/\/api.w.org\/{rel}","templated":true}]}}