{"id":7050,"date":"2022-12-22T18:09:53","date_gmt":"2022-12-22T18:09:53","guid":{"rendered":"https:\/\/okmakeyonline.com\/?post_type=product&#038;p=7050"},"modified":"2025-08-15T03:40:12","modified_gmt":"2025-08-15T03:40:12","slug":"cojin-antiescaras-de-aire","status":"publish","type":"product","link":"https:\/\/okmakeyonline.com\/index.php\/producto\/cojin-antiescaras-de-aire\/","title":{"rendered":"Coj\u00edn antiescaras de aire"},"content":{"rendered":"<p>Mobiclinic, Coj\u00edn antiescaras, De Aire, Ares, Marca Espa\u00f1ola, con compresor Regulable, Alternancia de Celdas,\u00a0 Funda Impermeable, Coj\u00edn Silla Oficina, Coj\u00edn Lumbar, para Silla de Ruedas, Azul. <strong>IMAGENES ORIENTATIVAS &#8211; PRODUCTO USADO &#8211;<\/strong> <strong>COMO NUEVO &#8211; PUEDE TENER EVIDENCIAS DE USO &#8211; CUALQUIER DUDA CONT\u00c1CTENOS ANTES DE COMPRAR<\/strong><\/p>\n","protected":false},"excerpt":{"rendered":"<p>Mobiclinic, Coj\u00edn antiescaras, De Aire, Ares, Marca Espa\u00f1ola, con compresor Regulable, Alternancia de Celdas,\u00a0 Funda Impermeable, Coj\u00edn Silla Oficina, Coj\u00edn Lumbar, para Silla de Ruedas, Azul. IMAGENES ORIENTATIVAS &#8211; PRODUCTO USADO &#8211; COMO NUEVO &#8211; PUEDE TENER EVIDENCIAS DE USO &#8211; CUALQUIER DUDA CONT\u00c1CTENOS ANTES DE COMPRAR<\/p>\n","protected":false},"featured_media":7051,"comment_status":"open","ping_status":"closed","template":"","meta":{"_uag_custom_page_level_css":"","site-sidebar-layout":"default","site-content-layout":"default","ast-global-header-display":"","ast-main-header-display":"","ast-hfb-above-header-display":"","ast-hfb-below-header-display":"","ast-hfb-mobile-header-display":"","site-post-title":"","ast-breadcrumbs-content":"","ast-featured-img":"","footer-sml-layout":"","theme-transparent-header-meta":"default","adv-header-id-meta":"","stick-header-meta":"","header-above-stick-meta":"","header-main-stick-meta":"","header-below-stick-meta":""},"product_brand":[],"product_cat":[86,47],"product_tag":[],"class_list":{"0":"post-7050","1":"product","2":"type-product","3":"status-publish","4":"has-post-thumbnail","6":"product_cat-equipos-medicos","7":"product_cat-recientes","8":"desktop-align-center","9":"tablet-align-center","10":"mobile-align-center","12":"first","13":"outofstock","14":"sale","15":"featured","16":"taxable","17":"shipping-taxable","18":"purchasable","19":"product-type-simple"},"aioseo_notices":[],"uagb_featured_image_src":{"full":["https:\/\/okmakeyonline.com\/wp-content\/uploads\/2022\/12\/antiescara-1.jpg",512,355,false],"thumbnail":["https:\/\/okmakeyonline.com\/wp-content\/uploads\/2022\/12\/antiescara-1-150x150.jpg",150,150,true],"medium":["https:\/\/okmakeyonline.com\/wp-content\/uploads\/2022\/12\/antiescara-1-300x208.jpg",300,208,true],"medium_large":["https:\/\/okmakeyonline.com\/wp-content\/uploads\/2022\/12\/antiescara-1.jpg",512,355,false],"large":["https:\/\/okmakeyonline.com\/wp-content\/uploads\/2022\/12\/antiescara-1.jpg",512,355,false],"1536x1536":["https:\/\/okmakeyonline.com\/wp-content\/uploads\/2022\/12\/antiescara-1.jpg",512,355,false],"2048x2048":["https:\/\/okmakeyonline.com\/wp-content\/uploads\/2022\/12\/antiescara-1.jpg",512,355,false],"woocommerce_thumbnail":["https:\/\/okmakeyonline.com\/wp-content\/uploads\/2022\/12\/antiescara-1-300x300.jpg",300,300,true],"woocommerce_single":["https:\/\/okmakeyonline.com\/wp-content\/uploads\/2022\/12\/antiescara-1.jpg",512,355,false],"woocommerce_gallery_thumbnail":["https:\/\/okmakeyonline.com\/wp-content\/uploads\/2022\/12\/antiescara-1-100x100.jpg",100,100,true]},"uagb_author_info":{"display_name":"okmakey","author_link":"https:\/\/okmakeyonline.com\/index.php\/author\/"},"uagb_comment_info":1,"uagb_excerpt":"Mobiclinic, Coj\u00edn antiescaras, De Aire, Ares, Marca Espa\u00f1ola, con compresor Regulable, Alternancia de Celdas,\u00a0 Funda Impermeable, Coj\u00edn Silla Oficina, Coj\u00edn Lumbar, para Silla de Ruedas, Azul. IMAGENES ORIENTATIVAS &#8211; PRODUCTO USADO &#8211; COMO NUEVO &#8211; PUEDE TENER EVIDENCIAS DE USO &#8211; CUALQUIER DUDA CONT\u00c1CTENOS ANTES DE COMPRAR","_links":{"self":[{"href":"https:\/\/okmakeyonline.com\/index.php\/wp-json\/wp\/v2\/product\/7050","targetHints":{"allow":["GET"]}}],"collection":[{"href":"https:\/\/okmakeyonline.com\/index.php\/wp-json\/wp\/v2\/product"}],"about":[{"href":"https:\/\/okmakeyonline.com\/index.php\/wp-json\/wp\/v2\/types\/product"}],"replies":[{"embeddable":true,"href":"https:\/\/okmakeyonline.com\/index.php\/wp-json\/wp\/v2\/comments?post=7050"}],"wp:featuredmedia":[{"embeddable":true,"href":"https:\/\/okmakeyonline.com\/index.php\/wp-json\/wp\/v2\/media\/7051"}],"wp:attachment":[{"href":"https:\/\/okmakeyonline.com\/index.php\/wp-json\/wp\/v2\/media?parent=7050"}],"wp:term":[{"taxonomy":"product_brand","embeddable":true,"href":"https:\/\/okmakeyonline.com\/index.php\/wp-json\/wp\/v2\/product_brand?post=7050"},{"taxonomy":"product_cat","embeddable":true,"href":"https:\/\/okmakeyonline.com\/index.php\/wp-json\/wp\/v2\/product_cat?post=7050"},{"taxonomy":"product_tag","embeddable":true,"href":"https:\/\/okmakeyonline.com\/index.php\/wp-json\/wp\/v2\/product_tag?post=7050"}],"curies":[{"name":"wp","href":"https:\/\/api.w.org\/{rel}","templated":true}]}}