{"id":7044,"date":"2022-12-21T18:36:27","date_gmt":"2022-12-21T18:36:27","guid":{"rendered":"https:\/\/okmakeyonline.com\/?post_type=product&#038;p=7044"},"modified":"2023-02-24T11:33:07","modified_gmt":"2023-02-24T11:33:07","slug":"guitarra-electrica-ibanez","status":"publish","type":"product","link":"https:\/\/okmakeyonline.com\/index.php\/producto\/guitarra-electrica-ibanez\/","title":{"rendered":"Guitarra el\u00e9ctrica Ibanez"},"content":{"rendered":"<p>Guitarra el\u00e9ctrica de 6 cuerdas de la marca l\u00edder mundial de guitarras Ibanez\/Ibanez reconocida calidad, jugabilidad y artesan\u00eda sea cual sea tu nivel o estilo de tocar la guitarra.<\/p>\n<p>Ideal para principiantes: este elegante y asequible el\u00e9ctrico tiene un m\u00e1stil de arce GRGR, con un cuerpo Okoume y una parte superior de grano de \u00e1lamo. Forma c\u00f3moda y color llamativo, perfecto para practicar o actuar. <strong>COMO NUEVO<\/strong><\/p>\n","protected":false},"excerpt":{"rendered":"<p>Guitarra el\u00e9ctrica de 6 cuerdas de la marca l\u00edder mundial de guitarras Ibanez\/Ibanez reconocida calidad, jugabilidad y artesan\u00eda sea cual sea tu nivel o estilo de tocar la guitarra. Ideal para principiantes: este elegante y asequible el\u00e9ctrico tiene un m\u00e1stil de arce GRGR, con un cuerpo Okoume y una parte superior de grano de \u00e1lamo. &hellip;<\/p>\n<p class=\"read-more\"> <a class=\"\" href=\"https:\/\/okmakeyonline.com\/index.php\/producto\/guitarra-electrica-ibanez\/\"> <span class=\"screen-reader-text\">Guitarra el\u00e9ctrica Ibanez<\/span> Leer m\u00e1s &raquo;<\/a><\/p>\n","protected":false},"featured_media":7048,"comment_status":"open","ping_status":"closed","template":"","meta":{"_uag_custom_page_level_css":"","site-sidebar-layout":"default","site-content-layout":"default","ast-global-header-display":"","ast-main-header-display":"","ast-hfb-above-header-display":"","ast-hfb-below-header-display":"","ast-hfb-mobile-header-display":"","site-post-title":"","ast-breadcrumbs-content":"","ast-featured-img":"","footer-sml-layout":"","theme-transparent-header-meta":"default","adv-header-id-meta":"","stick-header-meta":"","header-above-stick-meta":"","header-main-stick-meta":"","header-below-stick-meta":""},"product_brand":[],"product_cat":[41,80],"product_tag":[],"class_list":{"0":"post-7044","1":"product","2":"type-product","3":"status-publish","4":"has-post-thumbnail","6":"product_cat-musica","7":"product_cat-musica-2","8":"desktop-align-center","9":"tablet-align-center","10":"mobile-align-center","12":"first","13":"outofstock","14":"sale","15":"taxable","16":"shipping-taxable","17":"purchasable","18":"product-type-simple"},"aioseo_notices":[],"uagb_featured_image_src":{"full":["https:\/\/okmakeyonline.com\/wp-content\/uploads\/2022\/12\/guitarra-elec-1.jpg",450,322,false],"thumbnail":["https:\/\/okmakeyonline.com\/wp-content\/uploads\/2022\/12\/guitarra-elec-1-150x150.jpg",150,150,true],"medium":["https:\/\/okmakeyonline.com\/wp-content\/uploads\/2022\/12\/guitarra-elec-1-300x215.jpg",300,215,true],"medium_large":["https:\/\/okmakeyonline.com\/wp-content\/uploads\/2022\/12\/guitarra-elec-1.jpg",450,322,false],"large":["https:\/\/okmakeyonline.com\/wp-content\/uploads\/2022\/12\/guitarra-elec-1.jpg",450,322,false],"1536x1536":["https:\/\/okmakeyonline.com\/wp-content\/uploads\/2022\/12\/guitarra-elec-1.jpg",450,322,false],"2048x2048":["https:\/\/okmakeyonline.com\/wp-content\/uploads\/2022\/12\/guitarra-elec-1.jpg",450,322,false],"woocommerce_thumbnail":["https:\/\/okmakeyonline.com\/wp-content\/uploads\/2022\/12\/guitarra-elec-1-300x300.jpg",300,300,true],"woocommerce_single":["https:\/\/okmakeyonline.com\/wp-content\/uploads\/2022\/12\/guitarra-elec-1.jpg",450,322,false],"woocommerce_gallery_thumbnail":["https:\/\/okmakeyonline.com\/wp-content\/uploads\/2022\/12\/guitarra-elec-1-100x100.jpg",100,100,true]},"uagb_author_info":{"display_name":"okmakey","author_link":"https:\/\/okmakeyonline.com\/index.php\/author\/"},"uagb_comment_info":0,"uagb_excerpt":"Guitarra el\u00e9ctrica de 6 cuerdas de la marca l\u00edder mundial de guitarras Ibanez\/Ibanez reconocida calidad, jugabilidad y artesan\u00eda sea cual sea tu nivel o estilo de tocar la guitarra. Ideal para principiantes: este elegante y asequible el\u00e9ctrico tiene un m\u00e1stil de arce GRGR, con un cuerpo Okoume y una parte superior de grano de \u00e1lamo.&hellip;","_links":{"self":[{"href":"https:\/\/okmakeyonline.com\/index.php\/wp-json\/wp\/v2\/product\/7044","targetHints":{"allow":["GET"]}}],"collection":[{"href":"https:\/\/okmakeyonline.com\/index.php\/wp-json\/wp\/v2\/product"}],"about":[{"href":"https:\/\/okmakeyonline.com\/index.php\/wp-json\/wp\/v2\/types\/product"}],"replies":[{"embeddable":true,"href":"https:\/\/okmakeyonline.com\/index.php\/wp-json\/wp\/v2\/comments?post=7044"}],"wp:featuredmedia":[{"embeddable":true,"href":"https:\/\/okmakeyonline.com\/index.php\/wp-json\/wp\/v2\/media\/7048"}],"wp:attachment":[{"href":"https:\/\/okmakeyonline.com\/index.php\/wp-json\/wp\/v2\/media?parent=7044"}],"wp:term":[{"taxonomy":"product_brand","embeddable":true,"href":"https:\/\/okmakeyonline.com\/index.php\/wp-json\/wp\/v2\/product_brand?post=7044"},{"taxonomy":"product_cat","embeddable":true,"href":"https:\/\/okmakeyonline.com\/index.php\/wp-json\/wp\/v2\/product_cat?post=7044"},{"taxonomy":"product_tag","embeddable":true,"href":"https:\/\/okmakeyonline.com\/index.php\/wp-json\/wp\/v2\/product_tag?post=7044"}],"curies":[{"name":"wp","href":"https:\/\/api.w.org\/{rel}","templated":true}]}}