{"id":6995,"date":"2022-12-19T19:26:36","date_gmt":"2022-12-19T19:26:36","guid":{"rendered":"https:\/\/okmakeyonline.com\/index.php\/producto\/camara-deportiva-4k-victure-ac700\/"},"modified":"2023-02-24T11:31:42","modified_gmt":"2023-02-24T11:31:42","slug":"camara-deportiva-4k-victure-ac700","status":"publish","type":"product","link":"https:\/\/okmakeyonline.com\/index.php\/producto\/camara-deportiva-4k-victure-ac700\/","title":{"rendered":"C\u00e1mara Deportiva 4K Victure AC700"},"content":{"rendered":"<p>Professional 4K 30fps, adem\u00e1s, 2.7K 30fps, 1080P 60fps, 1080P 30fps, 720P 120fps resoluci\u00f3n de video opcional y 20MP foto disponible, graba perfectamente tus aventuras mientras nadas, buceas, practicas snorkel, esqu\u00edas, patinas y m\u00e1s, sin perderte un solo detalle. <\/p>\n","protected":false},"excerpt":{"rendered":"<p>Professional 4K 30fps, adem\u00e1s, 2.7K 30fps, 1080P 60fps, 1080P 30fps, 720P 120fps resoluci\u00f3n de video opcional y 20MP foto disponible, graba perfectamente tus aventuras mientras nadas, buceas, practicas snorkel, esqu\u00edas, patinas y m\u00e1s, sin perderte un solo detalle.<\/p>\n","protected":false},"featured_media":6938,"comment_status":"open","ping_status":"closed","template":"","meta":{"_uag_custom_page_level_css":"","site-sidebar-layout":"default","site-content-layout":"default","ast-global-header-display":"","ast-main-header-display":"","ast-hfb-above-header-display":"","ast-hfb-below-header-display":"","ast-hfb-mobile-header-display":"","site-post-title":"","ast-breadcrumbs-content":"","ast-featured-img":"","footer-sml-layout":"","theme-transparent-header-meta":"","adv-header-id-meta":"","stick-header-meta":"","header-above-stick-meta":"","header-main-stick-meta":"","header-below-stick-meta":""},"product_brand":[],"product_cat":[42,84],"product_tag":[],"class_list":{"0":"post-6995","1":"product","2":"type-product","3":"status-publish","4":"has-post-thumbnail","6":"product_cat-electronica","7":"product_cat-regalos","8":"desktop-align-center","9":"tablet-align-center","10":"mobile-align-center","12":"first","13":"outofstock","14":"sale","15":"featured","16":"taxable","17":"shipping-taxable","18":"purchasable","19":"product-type-simple"},"aioseo_notices":[],"uagb_featured_image_src":{"full":["https:\/\/okmakeyonline.com\/wp-content\/uploads\/2022\/12\/ac700-1.jpg",366,356,false],"thumbnail":["https:\/\/okmakeyonline.com\/wp-content\/uploads\/2022\/12\/ac700-1-150x150.jpg",150,150,true],"medium":["https:\/\/okmakeyonline.com\/wp-content\/uploads\/2022\/12\/ac700-1-300x292.jpg",300,292,true],"medium_large":["https:\/\/okmakeyonline.com\/wp-content\/uploads\/2022\/12\/ac700-1.jpg",366,356,false],"large":["https:\/\/okmakeyonline.com\/wp-content\/uploads\/2022\/12\/ac700-1.jpg",366,356,false],"1536x1536":["https:\/\/okmakeyonline.com\/wp-content\/uploads\/2022\/12\/ac700-1.jpg",366,356,false],"2048x2048":["https:\/\/okmakeyonline.com\/wp-content\/uploads\/2022\/12\/ac700-1.jpg",366,356,false],"woocommerce_thumbnail":["https:\/\/okmakeyonline.com\/wp-content\/uploads\/2022\/12\/ac700-1-300x300.jpg",300,300,true],"woocommerce_single":["https:\/\/okmakeyonline.com\/wp-content\/uploads\/2022\/12\/ac700-1.jpg",366,356,false],"woocommerce_gallery_thumbnail":["https:\/\/okmakeyonline.com\/wp-content\/uploads\/2022\/12\/ac700-1-100x100.jpg",100,100,true]},"uagb_author_info":{"display_name":"okmakey","author_link":"https:\/\/okmakeyonline.com\/index.php\/author\/"},"uagb_comment_info":0,"uagb_excerpt":"Professional 4K 30fps, adem\u00e1s, 2.7K 30fps, 1080P 60fps, 1080P 30fps, 720P 120fps resoluci\u00f3n de video opcional y 20MP foto disponible, graba perfectamente tus aventuras mientras nadas, buceas, practicas snorkel, esqu\u00edas, patinas y m\u00e1s, sin perderte un solo detalle.","_links":{"self":[{"href":"https:\/\/okmakeyonline.com\/index.php\/wp-json\/wp\/v2\/product\/6995","targetHints":{"allow":["GET"]}}],"collection":[{"href":"https:\/\/okmakeyonline.com\/index.php\/wp-json\/wp\/v2\/product"}],"about":[{"href":"https:\/\/okmakeyonline.com\/index.php\/wp-json\/wp\/v2\/types\/product"}],"replies":[{"embeddable":true,"href":"https:\/\/okmakeyonline.com\/index.php\/wp-json\/wp\/v2\/comments?post=6995"}],"wp:featuredmedia":[{"embeddable":true,"href":"https:\/\/okmakeyonline.com\/index.php\/wp-json\/wp\/v2\/media\/6938"}],"wp:attachment":[{"href":"https:\/\/okmakeyonline.com\/index.php\/wp-json\/wp\/v2\/media?parent=6995"}],"wp:term":[{"taxonomy":"product_brand","embeddable":true,"href":"https:\/\/okmakeyonline.com\/index.php\/wp-json\/wp\/v2\/product_brand?post=6995"},{"taxonomy":"product_cat","embeddable":true,"href":"https:\/\/okmakeyonline.com\/index.php\/wp-json\/wp\/v2\/product_cat?post=6995"},{"taxonomy":"product_tag","embeddable":true,"href":"https:\/\/okmakeyonline.com\/index.php\/wp-json\/wp\/v2\/product_tag?post=6995"}],"curies":[{"name":"wp","href":"https:\/\/api.w.org\/{rel}","templated":true}]}}