{"id":6994,"date":"2022-12-19T19:26:36","date_gmt":"2022-12-19T19:26:36","guid":{"rendered":"https:\/\/okmakeyonline.com\/index.php\/producto\/camara-deportiva-4k-victure-ac940\/"},"modified":"2023-02-24T11:31:28","modified_gmt":"2023-02-24T11:31:28","slug":"camara-deportiva-4k-victure-ac940","status":"publish","type":"product","link":"https:\/\/okmakeyonline.com\/index.php\/producto\/camara-deportiva-4k-victure-ac940\/","title":{"rendered":"C\u00e1mara Deportiva 4K Victure AC940"},"content":{"rendered":"<p>C\u00e1mara Deportiva 4K\/60FPS 20MP Wi-Fi Victure AC940  (Pantalla T\u00e1ctil EIS Camara Sumergible hasta 5M Sin Carcasa, C\u00e1maras Acci\u00f3n Acuatica Impermeable con Control Remoto 1350mAh <\/p>\n","protected":false},"excerpt":{"rendered":"<p>C\u00e1mara Deportiva 4K\/60FPS 20MP Wi-Fi Victure AC940 (Pantalla T\u00e1ctil EIS Camara Sumergible hasta 5M Sin Carcasa, C\u00e1maras Acci\u00f3n Acuatica Impermeable con Control Remoto 1350mAh<\/p>\n","protected":false},"featured_media":6986,"comment_status":"open","ping_status":"closed","template":"","meta":{"_uag_custom_page_level_css":"","site-sidebar-layout":"default","site-content-layout":"default","ast-global-header-display":"","ast-main-header-display":"","ast-hfb-above-header-display":"","ast-hfb-below-header-display":"","ast-hfb-mobile-header-display":"","site-post-title":"","ast-breadcrumbs-content":"","ast-featured-img":"","footer-sml-layout":"","theme-transparent-header-meta":"","adv-header-id-meta":"","stick-header-meta":"","header-above-stick-meta":"","header-main-stick-meta":"","header-below-stick-meta":""},"product_brand":[],"product_cat":[42,84],"product_tag":[],"class_list":{"0":"post-6994","1":"product","2":"type-product","3":"status-publish","4":"has-post-thumbnail","6":"product_cat-electronica","7":"product_cat-regalos","8":"desktop-align-center","9":"tablet-align-center","10":"mobile-align-center","12":"first","13":"outofstock","14":"sale","15":"featured","16":"taxable","17":"shipping-taxable","18":"purchasable","19":"product-type-simple"},"aioseo_notices":[],"uagb_featured_image_src":{"full":["https:\/\/okmakeyonline.com\/wp-content\/uploads\/2022\/12\/victure-2.jpg",322,236,false],"thumbnail":["https:\/\/okmakeyonline.com\/wp-content\/uploads\/2022\/12\/victure-2-150x150.jpg",150,150,true],"medium":["https:\/\/okmakeyonline.com\/wp-content\/uploads\/2022\/12\/victure-2-300x220.jpg",300,220,true],"medium_large":["https:\/\/okmakeyonline.com\/wp-content\/uploads\/2022\/12\/victure-2.jpg",322,236,false],"large":["https:\/\/okmakeyonline.com\/wp-content\/uploads\/2022\/12\/victure-2.jpg",322,236,false],"1536x1536":["https:\/\/okmakeyonline.com\/wp-content\/uploads\/2022\/12\/victure-2.jpg",322,236,false],"2048x2048":["https:\/\/okmakeyonline.com\/wp-content\/uploads\/2022\/12\/victure-2.jpg",322,236,false],"woocommerce_thumbnail":["https:\/\/okmakeyonline.com\/wp-content\/uploads\/2022\/12\/victure-2-300x236.jpg",300,236,true],"woocommerce_single":["https:\/\/okmakeyonline.com\/wp-content\/uploads\/2022\/12\/victure-2.jpg",322,236,false],"woocommerce_gallery_thumbnail":["https:\/\/okmakeyonline.com\/wp-content\/uploads\/2022\/12\/victure-2-100x100.jpg",100,100,true]},"uagb_author_info":{"display_name":"okmakey","author_link":"https:\/\/okmakeyonline.com\/index.php\/author\/"},"uagb_comment_info":0,"uagb_excerpt":"C\u00e1mara Deportiva 4K\/60FPS 20MP Wi-Fi Victure AC940 (Pantalla T\u00e1ctil EIS Camara Sumergible hasta 5M Sin Carcasa, C\u00e1maras Acci\u00f3n Acuatica Impermeable con Control Remoto 1350mAh","_links":{"self":[{"href":"https:\/\/okmakeyonline.com\/index.php\/wp-json\/wp\/v2\/product\/6994","targetHints":{"allow":["GET"]}}],"collection":[{"href":"https:\/\/okmakeyonline.com\/index.php\/wp-json\/wp\/v2\/product"}],"about":[{"href":"https:\/\/okmakeyonline.com\/index.php\/wp-json\/wp\/v2\/types\/product"}],"replies":[{"embeddable":true,"href":"https:\/\/okmakeyonline.com\/index.php\/wp-json\/wp\/v2\/comments?post=6994"}],"wp:featuredmedia":[{"embeddable":true,"href":"https:\/\/okmakeyonline.com\/index.php\/wp-json\/wp\/v2\/media\/6986"}],"wp:attachment":[{"href":"https:\/\/okmakeyonline.com\/index.php\/wp-json\/wp\/v2\/media?parent=6994"}],"wp:term":[{"taxonomy":"product_brand","embeddable":true,"href":"https:\/\/okmakeyonline.com\/index.php\/wp-json\/wp\/v2\/product_brand?post=6994"},{"taxonomy":"product_cat","embeddable":true,"href":"https:\/\/okmakeyonline.com\/index.php\/wp-json\/wp\/v2\/product_cat?post=6994"},{"taxonomy":"product_tag","embeddable":true,"href":"https:\/\/okmakeyonline.com\/index.php\/wp-json\/wp\/v2\/product_tag?post=6994"}],"curies":[{"name":"wp","href":"https:\/\/api.w.org\/{rel}","templated":true}]}}