{"id":6777,"date":"2022-12-02T12:42:51","date_gmt":"2022-12-02T12:42:51","guid":{"rendered":"https:\/\/okmakeyonline.com\/?post_type=product&#038;p=6777"},"modified":"2023-06-06T11:10:36","modified_gmt":"2023-06-06T11:10:36","slug":"oso-de-peluche-interactivo","status":"publish","type":"product","link":"https:\/\/okmakeyonline.com\/index.php\/producto\/oso-de-peluche-interactivo\/","title":{"rendered":"Oso de peluche interactivo"},"content":{"rendered":"<p>FurReal friends Cubby, el osito curioso, peluche interactivo, para ni\u00f1os a partir de 4 a\u00f1os. <strong>NUEVO, CAJA DA\u00d1ADA<\/strong><\/p>\n","protected":false},"excerpt":{"rendered":"<p>FurReal friends Cubby, el osito curioso, peluche interactivo, para ni\u00f1os a partir de 4 a\u00f1os. NUEVO, CAJA DA\u00d1ADA<\/p>\n","protected":false},"featured_media":6778,"comment_status":"open","ping_status":"closed","template":"","meta":{"_uag_custom_page_level_css":"","site-sidebar-layout":"default","site-content-layout":"default","ast-global-header-display":"","ast-main-header-display":"","ast-hfb-above-header-display":"","ast-hfb-below-header-display":"","ast-hfb-mobile-header-display":"","site-post-title":"","ast-breadcrumbs-content":"","ast-featured-img":"","footer-sml-layout":"","theme-transparent-header-meta":"default","adv-header-id-meta":"","stick-header-meta":"","header-above-stick-meta":"","header-main-stick-meta":"","header-below-stick-meta":""},"product_brand":[],"product_cat":[34,74],"product_tag":[],"class_list":{"0":"post-6777","1":"product","2":"type-product","3":"status-publish","4":"has-post-thumbnail","6":"product_cat-juguetes","7":"product_cat-peluches","8":"desktop-align-center","9":"tablet-align-center","10":"mobile-align-center","12":"first","13":"outofstock","14":"sale","15":"taxable","16":"shipping-taxable","17":"purchasable","18":"product-type-simple"},"aioseo_notices":[],"uagb_featured_image_src":{"full":["https:\/\/okmakeyonline.com\/wp-content\/uploads\/2022\/12\/oso-1.jpg",401,355,false],"thumbnail":["https:\/\/okmakeyonline.com\/wp-content\/uploads\/2022\/12\/oso-1-150x150.jpg",150,150,true],"medium":["https:\/\/okmakeyonline.com\/wp-content\/uploads\/2022\/12\/oso-1-300x266.jpg",300,266,true],"medium_large":["https:\/\/okmakeyonline.com\/wp-content\/uploads\/2022\/12\/oso-1.jpg",401,355,false],"large":["https:\/\/okmakeyonline.com\/wp-content\/uploads\/2022\/12\/oso-1.jpg",401,355,false],"1536x1536":["https:\/\/okmakeyonline.com\/wp-content\/uploads\/2022\/12\/oso-1.jpg",401,355,false],"2048x2048":["https:\/\/okmakeyonline.com\/wp-content\/uploads\/2022\/12\/oso-1.jpg",401,355,false],"woocommerce_thumbnail":["https:\/\/okmakeyonline.com\/wp-content\/uploads\/2022\/12\/oso-1-300x300.jpg",300,300,true],"woocommerce_single":["https:\/\/okmakeyonline.com\/wp-content\/uploads\/2022\/12\/oso-1.jpg",401,355,false],"woocommerce_gallery_thumbnail":["https:\/\/okmakeyonline.com\/wp-content\/uploads\/2022\/12\/oso-1-100x100.jpg",100,100,true]},"uagb_author_info":{"display_name":"okmakey","author_link":"https:\/\/okmakeyonline.com\/index.php\/author\/"},"uagb_comment_info":0,"uagb_excerpt":"FurReal friends Cubby, el osito curioso, peluche interactivo, para ni\u00f1os a partir de 4 a\u00f1os. NUEVO, CAJA DA\u00d1ADA","_links":{"self":[{"href":"https:\/\/okmakeyonline.com\/index.php\/wp-json\/wp\/v2\/product\/6777","targetHints":{"allow":["GET"]}}],"collection":[{"href":"https:\/\/okmakeyonline.com\/index.php\/wp-json\/wp\/v2\/product"}],"about":[{"href":"https:\/\/okmakeyonline.com\/index.php\/wp-json\/wp\/v2\/types\/product"}],"replies":[{"embeddable":true,"href":"https:\/\/okmakeyonline.com\/index.php\/wp-json\/wp\/v2\/comments?post=6777"}],"wp:featuredmedia":[{"embeddable":true,"href":"https:\/\/okmakeyonline.com\/index.php\/wp-json\/wp\/v2\/media\/6778"}],"wp:attachment":[{"href":"https:\/\/okmakeyonline.com\/index.php\/wp-json\/wp\/v2\/media?parent=6777"}],"wp:term":[{"taxonomy":"product_brand","embeddable":true,"href":"https:\/\/okmakeyonline.com\/index.php\/wp-json\/wp\/v2\/product_brand?post=6777"},{"taxonomy":"product_cat","embeddable":true,"href":"https:\/\/okmakeyonline.com\/index.php\/wp-json\/wp\/v2\/product_cat?post=6777"},{"taxonomy":"product_tag","embeddable":true,"href":"https:\/\/okmakeyonline.com\/index.php\/wp-json\/wp\/v2\/product_tag?post=6777"}],"curies":[{"name":"wp","href":"https:\/\/api.w.org\/{rel}","templated":true}]}}