{"id":6761,"date":"2022-12-02T11:04:49","date_gmt":"2022-12-02T11:04:49","guid":{"rendered":"https:\/\/okmakeyonline.com\/?post_type=product&#038;p=6761"},"modified":"2023-09-27T17:26:03","modified_gmt":"2023-09-27T17:26:03","slug":"nenuco-sara","status":"publish","type":"product","link":"https:\/\/okmakeyonline.com\/index.php\/producto\/nenuco-sara\/","title":{"rendered":"Nenuco Sara"},"content":{"rendered":"<p>Mu\u00f1eca 11 funciones interactivas: cierra los ojos, come papilla, bebe biber\u00f3n, hace babitas, pip\u00ed\u00ad en orinal, popo en pa\u00f1al, llora, se babea, se mueve y huele a beb\u00e9. <strong>SIN CAJA, FALTAN 2 ACCESORIOS<\/strong><\/p>\n","protected":false},"excerpt":{"rendered":"<p>Mu\u00f1eca 11 funciones interactivas: cierra los ojos, come papilla, bebe biber\u00f3n, hace babitas, pip\u00ed\u00ad en orinal, popo en pa\u00f1al, llora, se babea, se mueve y huele a beb\u00e9. SIN CAJA, FALTAN 2 ACCESORIOS<\/p>\n","protected":false},"featured_media":6767,"comment_status":"open","ping_status":"closed","template":"","meta":{"_uag_custom_page_level_css":"","site-sidebar-layout":"default","site-content-layout":"default","ast-global-header-display":"","ast-main-header-display":"","ast-hfb-above-header-display":"","ast-hfb-below-header-display":"","ast-hfb-mobile-header-display":"","site-post-title":"","ast-breadcrumbs-content":"","ast-featured-img":"","footer-sml-layout":"","theme-transparent-header-meta":"default","adv-header-id-meta":"","stick-header-meta":"","header-above-stick-meta":"","header-main-stick-meta":"","header-below-stick-meta":""},"product_brand":[],"product_cat":[34,65],"product_tag":[],"class_list":{"0":"post-6761","1":"product","2":"type-product","3":"status-publish","4":"has-post-thumbnail","6":"product_cat-juguetes","7":"product_cat-munecas","8":"desktop-align-center","9":"tablet-align-center","10":"mobile-align-center","12":"first","13":"outofstock","14":"sale","15":"taxable","16":"shipping-taxable","17":"purchasable","18":"product-type-simple"},"aioseo_notices":[],"uagb_featured_image_src":{"full":["https:\/\/okmakeyonline.com\/wp-content\/uploads\/2022\/12\/NENUCO-2.jpg",355,355,false],"thumbnail":["https:\/\/okmakeyonline.com\/wp-content\/uploads\/2022\/12\/NENUCO-2-150x150.jpg",150,150,true],"medium":["https:\/\/okmakeyonline.com\/wp-content\/uploads\/2022\/12\/NENUCO-2-300x300.jpg",300,300,true],"medium_large":["https:\/\/okmakeyonline.com\/wp-content\/uploads\/2022\/12\/NENUCO-2.jpg",355,355,false],"large":["https:\/\/okmakeyonline.com\/wp-content\/uploads\/2022\/12\/NENUCO-2.jpg",355,355,false],"1536x1536":["https:\/\/okmakeyonline.com\/wp-content\/uploads\/2022\/12\/NENUCO-2.jpg",355,355,false],"2048x2048":["https:\/\/okmakeyonline.com\/wp-content\/uploads\/2022\/12\/NENUCO-2.jpg",355,355,false],"woocommerce_thumbnail":["https:\/\/okmakeyonline.com\/wp-content\/uploads\/2022\/12\/NENUCO-2-300x300.jpg",300,300,true],"woocommerce_single":["https:\/\/okmakeyonline.com\/wp-content\/uploads\/2022\/12\/NENUCO-2.jpg",355,355,false],"woocommerce_gallery_thumbnail":["https:\/\/okmakeyonline.com\/wp-content\/uploads\/2022\/12\/NENUCO-2-100x100.jpg",100,100,true]},"uagb_author_info":{"display_name":"okmakey","author_link":"https:\/\/okmakeyonline.com\/index.php\/author\/"},"uagb_comment_info":0,"uagb_excerpt":"Mu\u00f1eca 11 funciones interactivas: cierra los ojos, come papilla, bebe biber\u00f3n, hace babitas, pip\u00ed\u00ad en orinal, popo en pa\u00f1al, llora, se babea, se mueve y huele a beb\u00e9. SIN CAJA, FALTAN 2 ACCESORIOS","_links":{"self":[{"href":"https:\/\/okmakeyonline.com\/index.php\/wp-json\/wp\/v2\/product\/6761","targetHints":{"allow":["GET"]}}],"collection":[{"href":"https:\/\/okmakeyonline.com\/index.php\/wp-json\/wp\/v2\/product"}],"about":[{"href":"https:\/\/okmakeyonline.com\/index.php\/wp-json\/wp\/v2\/types\/product"}],"replies":[{"embeddable":true,"href":"https:\/\/okmakeyonline.com\/index.php\/wp-json\/wp\/v2\/comments?post=6761"}],"wp:featuredmedia":[{"embeddable":true,"href":"https:\/\/okmakeyonline.com\/index.php\/wp-json\/wp\/v2\/media\/6767"}],"wp:attachment":[{"href":"https:\/\/okmakeyonline.com\/index.php\/wp-json\/wp\/v2\/media?parent=6761"}],"wp:term":[{"taxonomy":"product_brand","embeddable":true,"href":"https:\/\/okmakeyonline.com\/index.php\/wp-json\/wp\/v2\/product_brand?post=6761"},{"taxonomy":"product_cat","embeddable":true,"href":"https:\/\/okmakeyonline.com\/index.php\/wp-json\/wp\/v2\/product_cat?post=6761"},{"taxonomy":"product_tag","embeddable":true,"href":"https:\/\/okmakeyonline.com\/index.php\/wp-json\/wp\/v2\/product_tag?post=6761"}],"curies":[{"name":"wp","href":"https:\/\/api.w.org\/{rel}","templated":true}]}}