{"id":6752,"date":"2022-11-30T19:02:13","date_gmt":"2022-11-30T19:02:13","guid":{"rendered":"https:\/\/okmakeyonline.com\/index.php\/producto\/karcher-wv-2-premium-limpiadora-de-ventanas-a-bateria\/"},"modified":"2023-04-03T10:08:49","modified_gmt":"2023-04-03T10:08:49","slug":"karcher-wv-2-premium-limpiadora-de-ventanas-a-bateria","status":"publish","type":"product","link":"https:\/\/okmakeyonline.com\/index.php\/producto\/karcher-wv-2-premium-limpiadora-de-ventanas-a-bateria\/","title":{"rendered":"K\u00e4rcher WV 2 Premium Limpiadora de ventanas a bater\u00eda"},"content":{"rendered":"<p>K\u00e4rcher 1.633-426.0 Window Vac WV 2 Premium. Limpiadora de ventanas a bater\u00eda (aspirador limpiacristales), Color Negro\/Amarillo. <strong>IMAGENES ORIENTATIVAS \u2013 PRODUCTO USADO \u2013<\/strong>\u00a0<strong>COMO NUEVO \u2013 PUEDE TENER EVIDENCIAS DE USO \u2013 CUALQUIER DUDA CONT\u00c1CTENOS ANTES DE COMPRAR<\/strong><\/p>\n","protected":false},"excerpt":{"rendered":"<p>K\u00e4rcher 1.633-426.0 Window Vac WV 2 Premium. Limpiadora de ventanas a bater\u00eda (aspirador limpiacristales), Color Negro\/Amarillo. IMAGENES ORIENTATIVAS \u2013 PRODUCTO USADO \u2013\u00a0COMO NUEVO \u2013 PUEDE TENER EVIDENCIAS DE USO \u2013 CUALQUIER DUDA CONT\u00c1CTENOS ANTES DE COMPRAR<\/p>\n","protected":false},"featured_media":6735,"comment_status":"open","ping_status":"closed","template":"","meta":{"_uag_custom_page_level_css":"","site-sidebar-layout":"default","site-content-layout":"default","ast-global-header-display":"","ast-main-header-display":"","ast-hfb-above-header-display":"","ast-hfb-below-header-display":"","ast-hfb-mobile-header-display":"","site-post-title":"","ast-breadcrumbs-content":"","ast-featured-img":"","footer-sml-layout":"","theme-transparent-header-meta":"default","adv-header-id-meta":"","stick-header-meta":"","header-above-stick-meta":"","header-main-stick-meta":"","header-below-stick-meta":""},"product_brand":[],"product_cat":[32,72],"product_tag":[],"class_list":{"0":"post-6752","1":"product","2":"type-product","3":"status-publish","4":"has-post-thumbnail","6":"product_cat-ferreteria","7":"product_cat-karcher","8":"desktop-align-center","9":"tablet-align-center","10":"mobile-align-center","12":"first","13":"instock","14":"sale","15":"featured","16":"taxable","17":"shipping-taxable","18":"purchasable","19":"product-type-simple"},"aioseo_notices":[],"uagb_featured_image_src":{"full":["https:\/\/okmakeyonline.com\/wp-content\/uploads\/2022\/11\/limpia-cristales.jpg",268,300,false],"thumbnail":["https:\/\/okmakeyonline.com\/wp-content\/uploads\/2022\/11\/limpia-cristales-150x150.jpg",150,150,true],"medium":["https:\/\/okmakeyonline.com\/wp-content\/uploads\/2022\/11\/limpia-cristales.jpg",268,300,false],"medium_large":["https:\/\/okmakeyonline.com\/wp-content\/uploads\/2022\/11\/limpia-cristales.jpg",268,300,false],"large":["https:\/\/okmakeyonline.com\/wp-content\/uploads\/2022\/11\/limpia-cristales.jpg",268,300,false],"1536x1536":["https:\/\/okmakeyonline.com\/wp-content\/uploads\/2022\/11\/limpia-cristales.jpg",268,300,false],"2048x2048":["https:\/\/okmakeyonline.com\/wp-content\/uploads\/2022\/11\/limpia-cristales.jpg",268,300,false],"woocommerce_thumbnail":["https:\/\/okmakeyonline.com\/wp-content\/uploads\/2022\/11\/limpia-cristales.jpg",268,300,false],"woocommerce_single":["https:\/\/okmakeyonline.com\/wp-content\/uploads\/2022\/11\/limpia-cristales.jpg",268,300,false],"woocommerce_gallery_thumbnail":["https:\/\/okmakeyonline.com\/wp-content\/uploads\/2022\/11\/limpia-cristales-100x100.jpg",100,100,true]},"uagb_author_info":{"display_name":"okmakey","author_link":"https:\/\/okmakeyonline.com\/index.php\/author\/"},"uagb_comment_info":0,"uagb_excerpt":"K\u00e4rcher 1.633-426.0 Window Vac WV 2 Premium. Limpiadora de ventanas a bater\u00eda (aspirador limpiacristales), Color Negro\/Amarillo. IMAGENES ORIENTATIVAS \u2013 PRODUCTO USADO \u2013\u00a0COMO NUEVO \u2013 PUEDE TENER EVIDENCIAS DE USO \u2013 CUALQUIER DUDA CONT\u00c1CTENOS ANTES DE COMPRAR","_links":{"self":[{"href":"https:\/\/okmakeyonline.com\/index.php\/wp-json\/wp\/v2\/product\/6752","targetHints":{"allow":["GET"]}}],"collection":[{"href":"https:\/\/okmakeyonline.com\/index.php\/wp-json\/wp\/v2\/product"}],"about":[{"href":"https:\/\/okmakeyonline.com\/index.php\/wp-json\/wp\/v2\/types\/product"}],"replies":[{"embeddable":true,"href":"https:\/\/okmakeyonline.com\/index.php\/wp-json\/wp\/v2\/comments?post=6752"}],"wp:featuredmedia":[{"embeddable":true,"href":"https:\/\/okmakeyonline.com\/index.php\/wp-json\/wp\/v2\/media\/6735"}],"wp:attachment":[{"href":"https:\/\/okmakeyonline.com\/index.php\/wp-json\/wp\/v2\/media?parent=6752"}],"wp:term":[{"taxonomy":"product_brand","embeddable":true,"href":"https:\/\/okmakeyonline.com\/index.php\/wp-json\/wp\/v2\/product_brand?post=6752"},{"taxonomy":"product_cat","embeddable":true,"href":"https:\/\/okmakeyonline.com\/index.php\/wp-json\/wp\/v2\/product_cat?post=6752"},{"taxonomy":"product_tag","embeddable":true,"href":"https:\/\/okmakeyonline.com\/index.php\/wp-json\/wp\/v2\/product_tag?post=6752"}],"curies":[{"name":"wp","href":"https:\/\/api.w.org\/{rel}","templated":true}]}}