{"id":6691,"date":"2022-11-30T11:27:55","date_gmt":"2022-11-30T11:27:55","guid":{"rendered":"https:\/\/okmakeyonline.com\/?post_type=product&#038;p=6691"},"modified":"2023-11-05T18:54:07","modified_gmt":"2023-11-05T18:54:07","slug":"casa-de-munecas-barbie","status":"publish","type":"product","link":"https:\/\/okmakeyonline.com\/index.php\/producto\/casa-de-munecas-barbie\/","title":{"rendered":"Casa de mu\u00f1ecas Barbie"},"content":{"rendered":"<p>Barbie Casa de Mu\u00f1ecas Malibu. Casa Transformable de 2 Plantas con 6 Habitaciones. M\u00e1s de 25 Piezas\u00a0 Ancho: 60 cm. <strong>IMAGENES ORIENTATIVAS \u2013 PRODUCTO USADO \u2013<\/strong>\u00a0<strong>COMO NUEVO \u2013 PUEDE TENER EVIDENCIAS DE USO \u2013 CUALQUIER DUDA CONT\u00c1CTENOS ANTES DE COMPRAR<\/strong><\/p>\n","protected":false},"excerpt":{"rendered":"<p>Barbie Casa de Mu\u00f1ecas Malibu. Casa Transformable de 2 Plantas con 6 Habitaciones. M\u00e1s de 25 Piezas\u00a0 Ancho: 60 cm. IMAGENES ORIENTATIVAS \u2013 PRODUCTO USADO \u2013\u00a0COMO NUEVO \u2013 PUEDE TENER EVIDENCIAS DE USO \u2013 CUALQUIER DUDA CONT\u00c1CTENOS ANTES DE COMPRAR<\/p>\n","protected":false},"featured_media":6692,"comment_status":"open","ping_status":"closed","template":"","meta":{"_uag_custom_page_level_css":"","site-sidebar-layout":"default","site-content-layout":"default","ast-global-header-display":"","ast-main-header-display":"","ast-hfb-above-header-display":"","ast-hfb-below-header-display":"","ast-hfb-mobile-header-display":"","site-post-title":"","ast-breadcrumbs-content":"","ast-featured-img":"","footer-sml-layout":"","theme-transparent-header-meta":"default","adv-header-id-meta":"","stick-header-meta":"","header-above-stick-meta":"","header-main-stick-meta":"","header-below-stick-meta":""},"product_brand":[],"product_cat":[34,65],"product_tag":[],"class_list":{"0":"post-6691","1":"product","2":"type-product","3":"status-publish","4":"has-post-thumbnail","6":"product_cat-juguetes","7":"product_cat-munecas","8":"desktop-align-center","9":"tablet-align-center","10":"mobile-align-center","12":"first","13":"outofstock","14":"sale","15":"taxable","16":"shipping-taxable","17":"purchasable","18":"product-type-simple"},"aioseo_notices":[],"uagb_featured_image_src":{"full":["https:\/\/okmakeyonline.com\/wp-content\/uploads\/2022\/11\/casa-barbie-2.jpg",355,237,false],"thumbnail":["https:\/\/okmakeyonline.com\/wp-content\/uploads\/2022\/11\/casa-barbie-2-150x150.jpg",150,150,true],"medium":["https:\/\/okmakeyonline.com\/wp-content\/uploads\/2022\/11\/casa-barbie-2-300x200.jpg",300,200,true],"medium_large":["https:\/\/okmakeyonline.com\/wp-content\/uploads\/2022\/11\/casa-barbie-2.jpg",355,237,false],"large":["https:\/\/okmakeyonline.com\/wp-content\/uploads\/2022\/11\/casa-barbie-2.jpg",355,237,false],"1536x1536":["https:\/\/okmakeyonline.com\/wp-content\/uploads\/2022\/11\/casa-barbie-2.jpg",355,237,false],"2048x2048":["https:\/\/okmakeyonline.com\/wp-content\/uploads\/2022\/11\/casa-barbie-2.jpg",355,237,false],"woocommerce_thumbnail":["https:\/\/okmakeyonline.com\/wp-content\/uploads\/2022\/11\/casa-barbie-2-300x237.jpg",300,237,true],"woocommerce_single":["https:\/\/okmakeyonline.com\/wp-content\/uploads\/2022\/11\/casa-barbie-2.jpg",355,237,false],"woocommerce_gallery_thumbnail":["https:\/\/okmakeyonline.com\/wp-content\/uploads\/2022\/11\/casa-barbie-2-100x100.jpg",100,100,true]},"uagb_author_info":{"display_name":"okmakey","author_link":"https:\/\/okmakeyonline.com\/index.php\/author\/"},"uagb_comment_info":0,"uagb_excerpt":"Barbie Casa de Mu\u00f1ecas Malibu. Casa Transformable de 2 Plantas con 6 Habitaciones. M\u00e1s de 25 Piezas\u00a0 Ancho: 60 cm. IMAGENES ORIENTATIVAS \u2013 PRODUCTO USADO \u2013\u00a0COMO NUEVO \u2013 PUEDE TENER EVIDENCIAS DE USO \u2013 CUALQUIER DUDA CONT\u00c1CTENOS ANTES DE COMPRAR","_links":{"self":[{"href":"https:\/\/okmakeyonline.com\/index.php\/wp-json\/wp\/v2\/product\/6691","targetHints":{"allow":["GET"]}}],"collection":[{"href":"https:\/\/okmakeyonline.com\/index.php\/wp-json\/wp\/v2\/product"}],"about":[{"href":"https:\/\/okmakeyonline.com\/index.php\/wp-json\/wp\/v2\/types\/product"}],"replies":[{"embeddable":true,"href":"https:\/\/okmakeyonline.com\/index.php\/wp-json\/wp\/v2\/comments?post=6691"}],"wp:featuredmedia":[{"embeddable":true,"href":"https:\/\/okmakeyonline.com\/index.php\/wp-json\/wp\/v2\/media\/6692"}],"wp:attachment":[{"href":"https:\/\/okmakeyonline.com\/index.php\/wp-json\/wp\/v2\/media?parent=6691"}],"wp:term":[{"taxonomy":"product_brand","embeddable":true,"href":"https:\/\/okmakeyonline.com\/index.php\/wp-json\/wp\/v2\/product_brand?post=6691"},{"taxonomy":"product_cat","embeddable":true,"href":"https:\/\/okmakeyonline.com\/index.php\/wp-json\/wp\/v2\/product_cat?post=6691"},{"taxonomy":"product_tag","embeddable":true,"href":"https:\/\/okmakeyonline.com\/index.php\/wp-json\/wp\/v2\/product_tag?post=6691"}],"curies":[{"name":"wp","href":"https:\/\/api.w.org\/{rel}","templated":true}]}}