{"id":6666,"date":"2022-11-28T21:28:30","date_gmt":"2022-11-28T21:28:30","guid":{"rendered":"https:\/\/okmakeyonline.com\/?post_type=product&#038;p=6666"},"modified":"2023-04-03T10:23:25","modified_gmt":"2023-04-03T10:23:25","slug":"auriculares-inalambricos-para-juegos-de-pc","status":"publish","type":"product","link":"https:\/\/okmakeyonline.com\/index.php\/producto\/auriculares-inalambricos-para-juegos-de-pc\/","title":{"rendered":"Auriculares inal\u00e1mbricos para juegos de PC"},"content":{"rendered":"<p>HyperX Cloud Alpha Wireless Auriculares Inal\u00e1mbricos para Juegos de PC, Duraci\u00f3n de la Bater\u00ed\u00ada de 300 Horas, Espuma <span id=\"productTitle\" class=\"a-size-large product-title-word-break\">Viscoel\u00e1stica, Controladores de Doble C\u00e1mara, Color Negro y Rojo.\u00a0 <strong>NUEVOS<\/strong><\/span><\/p>\n","protected":false},"excerpt":{"rendered":"<p>HyperX Cloud Alpha Wireless Auriculares Inal\u00e1mbricos para Juegos de PC, Duraci\u00f3n de la Bater\u00ed\u00ada de 300 Horas, Espuma Viscoel\u00e1stica, Controladores de Doble C\u00e1mara, Color Negro y Rojo.\u00a0 NUEVOS<\/p>\n","protected":false},"featured_media":6667,"comment_status":"open","ping_status":"closed","template":"","meta":{"_uag_custom_page_level_css":"","site-sidebar-layout":"default","site-content-layout":"default","ast-global-header-display":"","ast-main-header-display":"","ast-hfb-above-header-display":"","ast-hfb-below-header-display":"","ast-hfb-mobile-header-display":"","site-post-title":"","ast-breadcrumbs-content":"","ast-featured-img":"","footer-sml-layout":"","theme-transparent-header-meta":"default","adv-header-id-meta":"","stick-header-meta":"","header-above-stick-meta":"","header-main-stick-meta":"","header-below-stick-meta":""},"product_brand":[],"product_cat":[82,40,47,67],"product_tag":[],"class_list":{"0":"post-6666","1":"product","2":"type-product","3":"status-publish","4":"has-post-thumbnail","6":"product_cat-gaming","7":"product_cat-informatica","8":"product_cat-recientes","9":"product_cat-video-juegos","10":"desktop-align-center","11":"tablet-align-center","12":"mobile-align-center","14":"first","15":"instock","16":"sale","17":"featured","18":"taxable","19":"shipping-taxable","20":"purchasable","21":"product-type-simple"},"aioseo_notices":[],"uagb_featured_image_src":{"full":["https:\/\/okmakeyonline.com\/wp-content\/uploads\/2022\/11\/alpha-1.jpg",522,508,false],"thumbnail":["https:\/\/okmakeyonline.com\/wp-content\/uploads\/2022\/11\/alpha-1-150x150.jpg",150,150,true],"medium":["https:\/\/okmakeyonline.com\/wp-content\/uploads\/2022\/11\/alpha-1-300x292.jpg",300,292,true],"medium_large":["https:\/\/okmakeyonline.com\/wp-content\/uploads\/2022\/11\/alpha-1.jpg",522,508,false],"large":["https:\/\/okmakeyonline.com\/wp-content\/uploads\/2022\/11\/alpha-1.jpg",522,508,false],"1536x1536":["https:\/\/okmakeyonline.com\/wp-content\/uploads\/2022\/11\/alpha-1.jpg",522,508,false],"2048x2048":["https:\/\/okmakeyonline.com\/wp-content\/uploads\/2022\/11\/alpha-1.jpg",522,508,false],"woocommerce_thumbnail":["https:\/\/okmakeyonline.com\/wp-content\/uploads\/2022\/11\/alpha-1-300x300.jpg",300,300,true],"woocommerce_single":["https:\/\/okmakeyonline.com\/wp-content\/uploads\/2022\/11\/alpha-1.jpg",522,508,false],"woocommerce_gallery_thumbnail":["https:\/\/okmakeyonline.com\/wp-content\/uploads\/2022\/11\/alpha-1-100x100.jpg",100,100,true]},"uagb_author_info":{"display_name":"okmakey","author_link":"https:\/\/okmakeyonline.com\/index.php\/author\/"},"uagb_comment_info":0,"uagb_excerpt":"HyperX Cloud Alpha Wireless Auriculares Inal\u00e1mbricos para Juegos de PC, Duraci\u00f3n de la Bater\u00ed\u00ada de 300 Horas, Espuma Viscoel\u00e1stica, Controladores de Doble C\u00e1mara, Color Negro y Rojo.\u00a0 NUEVOS","_links":{"self":[{"href":"https:\/\/okmakeyonline.com\/index.php\/wp-json\/wp\/v2\/product\/6666","targetHints":{"allow":["GET"]}}],"collection":[{"href":"https:\/\/okmakeyonline.com\/index.php\/wp-json\/wp\/v2\/product"}],"about":[{"href":"https:\/\/okmakeyonline.com\/index.php\/wp-json\/wp\/v2\/types\/product"}],"replies":[{"embeddable":true,"href":"https:\/\/okmakeyonline.com\/index.php\/wp-json\/wp\/v2\/comments?post=6666"}],"wp:featuredmedia":[{"embeddable":true,"href":"https:\/\/okmakeyonline.com\/index.php\/wp-json\/wp\/v2\/media\/6667"}],"wp:attachment":[{"href":"https:\/\/okmakeyonline.com\/index.php\/wp-json\/wp\/v2\/media?parent=6666"}],"wp:term":[{"taxonomy":"product_brand","embeddable":true,"href":"https:\/\/okmakeyonline.com\/index.php\/wp-json\/wp\/v2\/product_brand?post=6666"},{"taxonomy":"product_cat","embeddable":true,"href":"https:\/\/okmakeyonline.com\/index.php\/wp-json\/wp\/v2\/product_cat?post=6666"},{"taxonomy":"product_tag","embeddable":true,"href":"https:\/\/okmakeyonline.com\/index.php\/wp-json\/wp\/v2\/product_tag?post=6666"}],"curies":[{"name":"wp","href":"https:\/\/api.w.org\/{rel}","templated":true}]}}