{"id":6663,"date":"2022-11-28T21:14:56","date_gmt":"2022-11-28T21:14:56","guid":{"rendered":"https:\/\/okmakeyonline.com\/?post_type=product&#038;p=6663"},"modified":"2023-04-03T10:24:00","modified_gmt":"2023-04-03T10:24:00","slug":"teclado-para-video-juegos-rgb","status":"publish","type":"product","link":"https:\/\/okmakeyonline.com\/index.php\/producto\/teclado-para-video-juegos-rgb\/","title":{"rendered":"Teclado para video juegos RGB"},"content":{"rendered":"<p>Teclado para Juegos con Teclas de Membrana Corsair K55 RGB PRO, Retroiluminaci\u00f3n RGB Din\u00e1mica, 6 Teclas Macro con Integraci\u00f3n el Software Elgato, Resistencia al Polvo y los Derrames, QWERTY, Negro. <strong>IMAGENES ORIENTATIVAS &#8211; PRODUCTO USADO &#8211;<\/strong> <strong>PUEDE TENER EVIDENCIAS DE USO &#8211; CUALQUIER DUDA CONT\u00c1CTENOS ANTES DE COMPRAR<\/strong><\/p>\n","protected":false},"excerpt":{"rendered":"<p>Teclado para Juegos con Teclas de Membrana Corsair K55 RGB PRO, Retroiluminaci\u00f3n RGB Din\u00e1mica, 6 Teclas Macro con Integraci\u00f3n el Software Elgato, Resistencia al Polvo y los Derrames, QWERTY, Negro. IMAGENES ORIENTATIVAS &#8211; PRODUCTO USADO &#8211; PUEDE TENER EVIDENCIAS DE USO &#8211; CUALQUIER DUDA CONT\u00c1CTENOS ANTES DE COMPRAR<\/p>\n","protected":false},"featured_media":6664,"comment_status":"open","ping_status":"closed","template":"","meta":{"_uag_custom_page_level_css":"","site-sidebar-layout":"default","site-content-layout":"default","ast-global-header-display":"","ast-main-header-display":"","ast-hfb-above-header-display":"","ast-hfb-below-header-display":"","ast-hfb-mobile-header-display":"","site-post-title":"","ast-breadcrumbs-content":"","ast-featured-img":"","footer-sml-layout":"","theme-transparent-header-meta":"default","adv-header-id-meta":"","stick-header-meta":"","header-above-stick-meta":"","header-main-stick-meta":"","header-below-stick-meta":""},"product_brand":[],"product_cat":[82,40,47,67],"product_tag":[],"class_list":{"0":"post-6663","1":"product","2":"type-product","3":"status-publish","4":"has-post-thumbnail","6":"product_cat-gaming","7":"product_cat-informatica","8":"product_cat-recientes","9":"product_cat-video-juegos","10":"desktop-align-center","11":"tablet-align-center","12":"mobile-align-center","14":"first","15":"instock","16":"sale","17":"featured","18":"taxable","19":"shipping-taxable","20":"purchasable","21":"product-type-simple"},"aioseo_notices":[],"uagb_featured_image_src":{"full":["https:\/\/okmakeyonline.com\/wp-content\/uploads\/2022\/11\/corsair-2.jpg",800,800,false],"thumbnail":["https:\/\/okmakeyonline.com\/wp-content\/uploads\/2022\/11\/corsair-2-150x150.jpg",150,150,true],"medium":["https:\/\/okmakeyonline.com\/wp-content\/uploads\/2022\/11\/corsair-2-300x300.jpg",300,300,true],"medium_large":["https:\/\/okmakeyonline.com\/wp-content\/uploads\/2022\/11\/corsair-2-768x768.jpg",768,768,true],"large":["https:\/\/okmakeyonline.com\/wp-content\/uploads\/2022\/11\/corsair-2.jpg",800,800,false],"1536x1536":["https:\/\/okmakeyonline.com\/wp-content\/uploads\/2022\/11\/corsair-2.jpg",800,800,false],"2048x2048":["https:\/\/okmakeyonline.com\/wp-content\/uploads\/2022\/11\/corsair-2.jpg",800,800,false],"woocommerce_thumbnail":["https:\/\/okmakeyonline.com\/wp-content\/uploads\/2022\/11\/corsair-2-300x300.jpg",300,300,true],"woocommerce_single":["https:\/\/okmakeyonline.com\/wp-content\/uploads\/2022\/11\/corsair-2-600x600.jpg",600,600,true],"woocommerce_gallery_thumbnail":["https:\/\/okmakeyonline.com\/wp-content\/uploads\/2022\/11\/corsair-2-100x100.jpg",100,100,true]},"uagb_author_info":{"display_name":"okmakey","author_link":"https:\/\/okmakeyonline.com\/index.php\/author\/"},"uagb_comment_info":0,"uagb_excerpt":"Teclado para Juegos con Teclas de Membrana Corsair K55 RGB PRO, Retroiluminaci\u00f3n RGB Din\u00e1mica, 6 Teclas Macro con Integraci\u00f3n el Software Elgato, Resistencia al Polvo y los Derrames, QWERTY, Negro. IMAGENES ORIENTATIVAS &#8211; PRODUCTO USADO &#8211; PUEDE TENER EVIDENCIAS DE USO &#8211; CUALQUIER DUDA CONT\u00c1CTENOS ANTES DE COMPRAR","_links":{"self":[{"href":"https:\/\/okmakeyonline.com\/index.php\/wp-json\/wp\/v2\/product\/6663","targetHints":{"allow":["GET"]}}],"collection":[{"href":"https:\/\/okmakeyonline.com\/index.php\/wp-json\/wp\/v2\/product"}],"about":[{"href":"https:\/\/okmakeyonline.com\/index.php\/wp-json\/wp\/v2\/types\/product"}],"replies":[{"embeddable":true,"href":"https:\/\/okmakeyonline.com\/index.php\/wp-json\/wp\/v2\/comments?post=6663"}],"wp:featuredmedia":[{"embeddable":true,"href":"https:\/\/okmakeyonline.com\/index.php\/wp-json\/wp\/v2\/media\/6664"}],"wp:attachment":[{"href":"https:\/\/okmakeyonline.com\/index.php\/wp-json\/wp\/v2\/media?parent=6663"}],"wp:term":[{"taxonomy":"product_brand","embeddable":true,"href":"https:\/\/okmakeyonline.com\/index.php\/wp-json\/wp\/v2\/product_brand?post=6663"},{"taxonomy":"product_cat","embeddable":true,"href":"https:\/\/okmakeyonline.com\/index.php\/wp-json\/wp\/v2\/product_cat?post=6663"},{"taxonomy":"product_tag","embeddable":true,"href":"https:\/\/okmakeyonline.com\/index.php\/wp-json\/wp\/v2\/product_tag?post=6663"}],"curies":[{"name":"wp","href":"https:\/\/api.w.org\/{rel}","templated":true}]}}