{"id":6541,"date":"2022-11-21T22:01:36","date_gmt":"2022-11-21T22:01:36","guid":{"rendered":"https:\/\/okmakeyonline.com\/index.php\/producto\/hot-wheels-pista-tiburon-devorador\/"},"modified":"2023-02-20T12:22:31","modified_gmt":"2023-02-20T12:22:31","slug":"hot-wheels-pista-tiburon-devorador","status":"publish","type":"product","link":"https:\/\/okmakeyonline.com\/index.php\/producto\/hot-wheels-pista-tiburon-devorador\/","title":{"rendered":"Hot Wheels Pista Tibur\u00f3n Devorador"},"content":{"rendered":"<p>Hot Wheels Pista Tibur\u00f3n Devorador, Pista de Coches de Juguete (Mattel BGK04). NUEVO, DA\u00d1OS CAJA EST\u00c9TICOS<\/p>\n","protected":false},"excerpt":{"rendered":"<p>Hot Wheels Pista Tibur\u00f3n Devorador, Pista de Coches de Juguete (Mattel BGK04). NUEVO, DA\u00d1OS CAJA EST\u00c9TICOS<\/p>\n","protected":false},"featured_media":6479,"comment_status":"open","ping_status":"closed","template":"","meta":{"_uag_custom_page_level_css":"","site-sidebar-layout":"default","site-content-layout":"default","ast-global-header-display":"","ast-main-header-display":"","ast-hfb-above-header-display":"","ast-hfb-below-header-display":"","ast-hfb-mobile-header-display":"","site-post-title":"","ast-breadcrumbs-content":"","ast-featured-img":"","footer-sml-layout":"","theme-transparent-header-meta":"default","adv-header-id-meta":"","stick-header-meta":"","header-above-stick-meta":"","header-main-stick-meta":"","header-below-stick-meta":""},"product_brand":[],"product_cat":[66,34],"product_tag":[],"class_list":{"0":"post-6541","1":"product","2":"type-product","3":"status-publish","4":"has-post-thumbnail","6":"product_cat-hot-wheels","7":"product_cat-juguetes","8":"desktop-align-center","9":"tablet-align-center","10":"mobile-align-center","12":"first","13":"outofstock","14":"sale","15":"featured","16":"taxable","17":"shipping-taxable","18":"purchasable","19":"product-type-simple"},"aioseo_notices":[],"uagb_featured_image_src":{"full":["https:\/\/okmakeyonline.com\/wp-content\/uploads\/2022\/11\/HOTWHEELS-TIBURON-1.jpg",292,450,false],"thumbnail":["https:\/\/okmakeyonline.com\/wp-content\/uploads\/2022\/11\/HOTWHEELS-TIBURON-1-150x150.jpg",150,150,true],"medium":["https:\/\/okmakeyonline.com\/wp-content\/uploads\/2022\/11\/HOTWHEELS-TIBURON-1-195x300.jpg",195,300,true],"medium_large":["https:\/\/okmakeyonline.com\/wp-content\/uploads\/2022\/11\/HOTWHEELS-TIBURON-1.jpg",292,450,false],"large":["https:\/\/okmakeyonline.com\/wp-content\/uploads\/2022\/11\/HOTWHEELS-TIBURON-1.jpg",292,450,false],"1536x1536":["https:\/\/okmakeyonline.com\/wp-content\/uploads\/2022\/11\/HOTWHEELS-TIBURON-1.jpg",292,450,false],"2048x2048":["https:\/\/okmakeyonline.com\/wp-content\/uploads\/2022\/11\/HOTWHEELS-TIBURON-1.jpg",292,450,false],"woocommerce_thumbnail":["https:\/\/okmakeyonline.com\/wp-content\/uploads\/2022\/11\/HOTWHEELS-TIBURON-1-292x300.jpg",292,300,true],"woocommerce_single":["https:\/\/okmakeyonline.com\/wp-content\/uploads\/2022\/11\/HOTWHEELS-TIBURON-1.jpg",292,450,false],"woocommerce_gallery_thumbnail":["https:\/\/okmakeyonline.com\/wp-content\/uploads\/2022\/11\/HOTWHEELS-TIBURON-1-100x100.jpg",100,100,true]},"uagb_author_info":{"display_name":"okmakey","author_link":"https:\/\/okmakeyonline.com\/index.php\/author\/"},"uagb_comment_info":0,"uagb_excerpt":"Hot Wheels Pista Tibur\u00f3n Devorador, Pista de Coches de Juguete (Mattel BGK04). NUEVO, DA\u00d1OS CAJA EST\u00c9TICOS","_links":{"self":[{"href":"https:\/\/okmakeyonline.com\/index.php\/wp-json\/wp\/v2\/product\/6541","targetHints":{"allow":["GET"]}}],"collection":[{"href":"https:\/\/okmakeyonline.com\/index.php\/wp-json\/wp\/v2\/product"}],"about":[{"href":"https:\/\/okmakeyonline.com\/index.php\/wp-json\/wp\/v2\/types\/product"}],"replies":[{"embeddable":true,"href":"https:\/\/okmakeyonline.com\/index.php\/wp-json\/wp\/v2\/comments?post=6541"}],"wp:featuredmedia":[{"embeddable":true,"href":"https:\/\/okmakeyonline.com\/index.php\/wp-json\/wp\/v2\/media\/6479"}],"wp:attachment":[{"href":"https:\/\/okmakeyonline.com\/index.php\/wp-json\/wp\/v2\/media?parent=6541"}],"wp:term":[{"taxonomy":"product_brand","embeddable":true,"href":"https:\/\/okmakeyonline.com\/index.php\/wp-json\/wp\/v2\/product_brand?post=6541"},{"taxonomy":"product_cat","embeddable":true,"href":"https:\/\/okmakeyonline.com\/index.php\/wp-json\/wp\/v2\/product_cat?post=6541"},{"taxonomy":"product_tag","embeddable":true,"href":"https:\/\/okmakeyonline.com\/index.php\/wp-json\/wp\/v2\/product_tag?post=6541"}],"curies":[{"name":"wp","href":"https:\/\/api.w.org\/{rel}","templated":true}]}}