{"id":6533,"date":"2022-11-21T22:01:35","date_gmt":"2022-11-21T22:01:35","guid":{"rendered":"https:\/\/okmakeyonline.com\/index.php\/producto\/quad-boxer-vehiulo-electrico\/"},"modified":"2025-08-15T03:41:13","modified_gmt":"2025-08-15T03:41:13","slug":"quad-boxer-vehiulo-electrico","status":"publish","type":"product","link":"https:\/\/okmakeyonline.com\/index.php\/producto\/quad-boxer-vehiulo-electrico\/","title":{"rendered":"Quad Boxer, Veh\u00edulo el\u00e9ctrico"},"content":{"rendered":"<p>FEBER- Quad Boxer, Veh\u00edulo el\u00e9ctrico a bater\u00eda, 12 V, Verde (Famosa 800012541). NUEVO<\/p>\n","protected":false},"excerpt":{"rendered":"<p>FEBER- Quad Boxer, Veh\u00edulo el\u00e9ctrico a bater\u00eda, 12 V, Verde (Famosa 800012541). NUEVO<\/p>\n","protected":false},"featured_media":6505,"comment_status":"open","ping_status":"closed","template":"","meta":{"_uag_custom_page_level_css":"","site-sidebar-layout":"default","site-content-layout":"default","ast-global-header-display":"","ast-main-header-display":"","ast-hfb-above-header-display":"","ast-hfb-below-header-display":"","ast-hfb-mobile-header-display":"","site-post-title":"","ast-breadcrumbs-content":"","ast-featured-img":"","footer-sml-layout":"","theme-transparent-header-meta":"default","adv-header-id-meta":"","stick-header-meta":"","header-above-stick-meta":"","header-main-stick-meta":"","header-below-stick-meta":""},"product_brand":[],"product_cat":[34,75,47,64],"product_tag":[],"class_list":{"0":"post-6533","1":"product","2":"type-product","3":"status-publish","4":"has-post-thumbnail","6":"product_cat-juguetes","7":"product_cat-movilidad","8":"product_cat-recientes","9":"product_cat-coches-electricos","10":"desktop-align-center","11":"tablet-align-center","12":"mobile-align-center","14":"first","15":"outofstock","16":"sale","17":"featured","18":"taxable","19":"shipping-taxable","20":"purchasable","21":"product-type-simple"},"aioseo_notices":[],"uagb_featured_image_src":{"full":["https:\/\/okmakeyonline.com\/wp-content\/uploads\/2022\/11\/QUAD-1.jpg",266,300,false],"thumbnail":["https:\/\/okmakeyonline.com\/wp-content\/uploads\/2022\/11\/QUAD-1-150x150.jpg",150,150,true],"medium":["https:\/\/okmakeyonline.com\/wp-content\/uploads\/2022\/11\/QUAD-1.jpg",266,300,false],"medium_large":["https:\/\/okmakeyonline.com\/wp-content\/uploads\/2022\/11\/QUAD-1.jpg",266,300,false],"large":["https:\/\/okmakeyonline.com\/wp-content\/uploads\/2022\/11\/QUAD-1.jpg",266,300,false],"1536x1536":["https:\/\/okmakeyonline.com\/wp-content\/uploads\/2022\/11\/QUAD-1.jpg",266,300,false],"2048x2048":["https:\/\/okmakeyonline.com\/wp-content\/uploads\/2022\/11\/QUAD-1.jpg",266,300,false],"woocommerce_thumbnail":["https:\/\/okmakeyonline.com\/wp-content\/uploads\/2022\/11\/QUAD-1.jpg",266,300,false],"woocommerce_single":["https:\/\/okmakeyonline.com\/wp-content\/uploads\/2022\/11\/QUAD-1.jpg",266,300,false],"woocommerce_gallery_thumbnail":["https:\/\/okmakeyonline.com\/wp-content\/uploads\/2022\/11\/QUAD-1-100x100.jpg",100,100,true]},"uagb_author_info":{"display_name":"okmakey","author_link":"https:\/\/okmakeyonline.com\/index.php\/author\/"},"uagb_comment_info":2,"uagb_excerpt":"FEBER- Quad Boxer, Veh\u00edulo el\u00e9ctrico a bater\u00eda, 12 V, Verde (Famosa 800012541). NUEVO","_links":{"self":[{"href":"https:\/\/okmakeyonline.com\/index.php\/wp-json\/wp\/v2\/product\/6533","targetHints":{"allow":["GET"]}}],"collection":[{"href":"https:\/\/okmakeyonline.com\/index.php\/wp-json\/wp\/v2\/product"}],"about":[{"href":"https:\/\/okmakeyonline.com\/index.php\/wp-json\/wp\/v2\/types\/product"}],"replies":[{"embeddable":true,"href":"https:\/\/okmakeyonline.com\/index.php\/wp-json\/wp\/v2\/comments?post=6533"}],"wp:featuredmedia":[{"embeddable":true,"href":"https:\/\/okmakeyonline.com\/index.php\/wp-json\/wp\/v2\/media\/6505"}],"wp:attachment":[{"href":"https:\/\/okmakeyonline.com\/index.php\/wp-json\/wp\/v2\/media?parent=6533"}],"wp:term":[{"taxonomy":"product_brand","embeddable":true,"href":"https:\/\/okmakeyonline.com\/index.php\/wp-json\/wp\/v2\/product_brand?post=6533"},{"taxonomy":"product_cat","embeddable":true,"href":"https:\/\/okmakeyonline.com\/index.php\/wp-json\/wp\/v2\/product_cat?post=6533"},{"taxonomy":"product_tag","embeddable":true,"href":"https:\/\/okmakeyonline.com\/index.php\/wp-json\/wp\/v2\/product_tag?post=6533"}],"curies":[{"name":"wp","href":"https:\/\/api.w.org\/{rel}","templated":true}]}}