{"id":6532,"date":"2022-11-21T22:01:35","date_gmt":"2022-11-21T22:01:35","guid":{"rendered":"https:\/\/okmakeyonline.com\/index.php\/producto\/lego-nasa-apolo-saturno-v\/"},"modified":"2023-07-17T10:09:22","modified_gmt":"2023-07-17T10:09:22","slug":"lego-nasa-apolo-saturno-v","status":"publish","type":"product","link":"https:\/\/okmakeyonline.com\/index.php\/producto\/lego-nasa-apolo-saturno-v\/","title":{"rendered":"LEGO  NASA: Apolo Saturno V"},"content":{"rendered":"<p>LEGO 92176 Ideas NASA: Apolo Saturno V, Maqueta de Nave Espacial para Construir para Adultos y Adolescentes de 14 A\u00f1os o M\u00e1s, Decoraci\u00f3n para Casa. <strong>NUEVO, DA\u00d1OS EST\u00c9TICOS EN CAJA<\/strong><\/p>\n","protected":false},"excerpt":{"rendered":"<p>LEGO 92176 Ideas NASA: Apolo Saturno V, Maqueta de Nave Espacial para Construir para Adultos y Adolescentes de 14 A\u00f1os o M\u00e1s, Decoraci\u00f3n para Casa. NUEVO, DA\u00d1OS EST\u00c9TICOS EN CAJA<\/p>\n","protected":false},"featured_media":6492,"comment_status":"open","ping_status":"closed","template":"","meta":{"_uag_custom_page_level_css":"","site-sidebar-layout":"default","site-content-layout":"default","ast-global-header-display":"","ast-main-header-display":"","ast-hfb-above-header-display":"","ast-hfb-below-header-display":"","ast-hfb-mobile-header-display":"","site-post-title":"","ast-breadcrumbs-content":"","ast-featured-img":"","footer-sml-layout":"","theme-transparent-header-meta":"default","adv-header-id-meta":"","stick-header-meta":"","header-above-stick-meta":"","header-main-stick-meta":"","header-below-stick-meta":""},"product_brand":[],"product_cat":[34,62],"product_tag":[],"class_list":{"0":"post-6532","1":"product","2":"type-product","3":"status-publish","4":"has-post-thumbnail","6":"product_cat-juguetes","7":"product_cat-lego","8":"desktop-align-center","9":"tablet-align-center","10":"mobile-align-center","12":"first","13":"outofstock","14":"sale","15":"featured","16":"taxable","17":"shipping-taxable","18":"purchasable","19":"product-type-simple"},"aioseo_notices":[],"uagb_featured_image_src":{"full":["https:\/\/okmakeyonline.com\/wp-content\/uploads\/2022\/11\/LEGO-NASA.jpg",341,355,false],"thumbnail":["https:\/\/okmakeyonline.com\/wp-content\/uploads\/2022\/11\/LEGO-NASA-150x150.jpg",150,150,true],"medium":["https:\/\/okmakeyonline.com\/wp-content\/uploads\/2022\/11\/LEGO-NASA-288x300.jpg",288,300,true],"medium_large":["https:\/\/okmakeyonline.com\/wp-content\/uploads\/2022\/11\/LEGO-NASA.jpg",341,355,false],"large":["https:\/\/okmakeyonline.com\/wp-content\/uploads\/2022\/11\/LEGO-NASA.jpg",341,355,false],"1536x1536":["https:\/\/okmakeyonline.com\/wp-content\/uploads\/2022\/11\/LEGO-NASA.jpg",341,355,false],"2048x2048":["https:\/\/okmakeyonline.com\/wp-content\/uploads\/2022\/11\/LEGO-NASA.jpg",341,355,false],"woocommerce_thumbnail":["https:\/\/okmakeyonline.com\/wp-content\/uploads\/2022\/11\/LEGO-NASA-300x300.jpg",300,300,true],"woocommerce_single":["https:\/\/okmakeyonline.com\/wp-content\/uploads\/2022\/11\/LEGO-NASA.jpg",341,355,false],"woocommerce_gallery_thumbnail":["https:\/\/okmakeyonline.com\/wp-content\/uploads\/2022\/11\/LEGO-NASA-100x100.jpg",100,100,true]},"uagb_author_info":{"display_name":"okmakey","author_link":"https:\/\/okmakeyonline.com\/index.php\/author\/"},"uagb_comment_info":0,"uagb_excerpt":"LEGO 92176 Ideas NASA: Apolo Saturno V, Maqueta de Nave Espacial para Construir para Adultos y Adolescentes de 14 A\u00f1os o M\u00e1s, Decoraci\u00f3n para Casa. NUEVO, DA\u00d1OS EST\u00c9TICOS EN CAJA","_links":{"self":[{"href":"https:\/\/okmakeyonline.com\/index.php\/wp-json\/wp\/v2\/product\/6532","targetHints":{"allow":["GET"]}}],"collection":[{"href":"https:\/\/okmakeyonline.com\/index.php\/wp-json\/wp\/v2\/product"}],"about":[{"href":"https:\/\/okmakeyonline.com\/index.php\/wp-json\/wp\/v2\/types\/product"}],"replies":[{"embeddable":true,"href":"https:\/\/okmakeyonline.com\/index.php\/wp-json\/wp\/v2\/comments?post=6532"}],"wp:featuredmedia":[{"embeddable":true,"href":"https:\/\/okmakeyonline.com\/index.php\/wp-json\/wp\/v2\/media\/6492"}],"wp:attachment":[{"href":"https:\/\/okmakeyonline.com\/index.php\/wp-json\/wp\/v2\/media?parent=6532"}],"wp:term":[{"taxonomy":"product_brand","embeddable":true,"href":"https:\/\/okmakeyonline.com\/index.php\/wp-json\/wp\/v2\/product_brand?post=6532"},{"taxonomy":"product_cat","embeddable":true,"href":"https:\/\/okmakeyonline.com\/index.php\/wp-json\/wp\/v2\/product_cat?post=6532"},{"taxonomy":"product_tag","embeddable":true,"href":"https:\/\/okmakeyonline.com\/index.php\/wp-json\/wp\/v2\/product_tag?post=6532"}],"curies":[{"name":"wp","href":"https:\/\/api.w.org\/{rel}","templated":true}]}}