{"id":6514,"date":"2022-11-20T15:47:21","date_gmt":"2022-11-20T15:47:21","guid":{"rendered":"https:\/\/okmakeyonline.com\/index.php\/producto\/coche-de-policia-de-bateria-12v\/"},"modified":"2023-11-30T18:13:47","modified_gmt":"2023-11-30T18:13:47","slug":"coche-de-policia-de-bateria-12v","status":"publish","type":"product","link":"https:\/\/okmakeyonline.com\/index.php\/producto\/coche-de-policia-de-bateria-12v\/","title":{"rendered":"Coche de policia de bater\u00eda 12V"},"content":{"rendered":"<p>Playkin COP CAR. Coche de polic\u00eda de bater\u00eda 12V ni\u00f1os 3-8 a\u00f1os con luces, sonidos, mando juguetes infantiles coches de bater\u00eda. <strong>IM\u00c1GENES ORIENTATIVAS-PRODUCTO USADO-PUEDE TENER EVIDENCIAS DE USO-SOLICITAR IM\u00c1GENES REALES ANTES DE COMPRAR<\/strong><\/p>\n","protected":false},"excerpt":{"rendered":"<p>Playkin COP CAR. Coche de polic\u00eda de bater\u00eda 12V ni\u00f1os 3-8 a\u00f1os con luces, sonidos, mando juguetes infantiles coches de bater\u00eda. IM\u00c1GENES ORIENTATIVAS-PRODUCTO USADO-PUEDE TENER EVIDENCIAS DE USO-SOLICITAR IM\u00c1GENES REALES ANTES DE COMPRAR<\/p>\n","protected":false},"featured_media":6469,"comment_status":"open","ping_status":"closed","template":"","meta":{"_uag_custom_page_level_css":"","site-sidebar-layout":"default","site-content-layout":"default","ast-global-header-display":"","ast-main-header-display":"","ast-hfb-above-header-display":"","ast-hfb-below-header-display":"","ast-hfb-mobile-header-display":"","site-post-title":"","ast-breadcrumbs-content":"","ast-featured-img":"","footer-sml-layout":"","theme-transparent-header-meta":"default","adv-header-id-meta":"","stick-header-meta":"","header-above-stick-meta":"","header-main-stick-meta":"","header-below-stick-meta":""},"product_brand":[],"product_cat":[34,75,47,64],"product_tag":[],"class_list":{"0":"post-6514","1":"product","2":"type-product","3":"status-publish","4":"has-post-thumbnail","6":"product_cat-juguetes","7":"product_cat-movilidad","8":"product_cat-recientes","9":"product_cat-coches-electricos","10":"product_shipping_class-voluminosos","11":"desktop-align-center","12":"tablet-align-center","13":"mobile-align-center","15":"first","16":"outofstock","17":"sale","18":"featured","19":"taxable","20":"shipping-taxable","21":"purchasable","22":"product-type-simple"},"aioseo_notices":[],"uagb_featured_image_src":{"full":["https:\/\/okmakeyonline.com\/wp-content\/uploads\/2022\/11\/coche-policia-1.jpg",552,355,false],"thumbnail":["https:\/\/okmakeyonline.com\/wp-content\/uploads\/2022\/11\/coche-policia-1-150x150.jpg",150,150,true],"medium":["https:\/\/okmakeyonline.com\/wp-content\/uploads\/2022\/11\/coche-policia-1-300x193.jpg",300,193,true],"medium_large":["https:\/\/okmakeyonline.com\/wp-content\/uploads\/2022\/11\/coche-policia-1.jpg",552,355,false],"large":["https:\/\/okmakeyonline.com\/wp-content\/uploads\/2022\/11\/coche-policia-1.jpg",552,355,false],"1536x1536":["https:\/\/okmakeyonline.com\/wp-content\/uploads\/2022\/11\/coche-policia-1.jpg",552,355,false],"2048x2048":["https:\/\/okmakeyonline.com\/wp-content\/uploads\/2022\/11\/coche-policia-1.jpg",552,355,false],"woocommerce_thumbnail":["https:\/\/okmakeyonline.com\/wp-content\/uploads\/2022\/11\/coche-policia-1-300x300.jpg",300,300,true],"woocommerce_single":["https:\/\/okmakeyonline.com\/wp-content\/uploads\/2022\/11\/coche-policia-1.jpg",552,355,false],"woocommerce_gallery_thumbnail":["https:\/\/okmakeyonline.com\/wp-content\/uploads\/2022\/11\/coche-policia-1-100x100.jpg",100,100,true]},"uagb_author_info":{"display_name":"okmakey","author_link":"https:\/\/okmakeyonline.com\/index.php\/author\/"},"uagb_comment_info":0,"uagb_excerpt":"Playkin COP CAR. Coche de polic\u00eda de bater\u00eda 12V ni\u00f1os 3-8 a\u00f1os con luces, sonidos, mando juguetes infantiles coches de bater\u00eda. IM\u00c1GENES ORIENTATIVAS-PRODUCTO USADO-PUEDE TENER EVIDENCIAS DE USO-SOLICITAR IM\u00c1GENES REALES ANTES DE COMPRAR","_links":{"self":[{"href":"https:\/\/okmakeyonline.com\/index.php\/wp-json\/wp\/v2\/product\/6514","targetHints":{"allow":["GET"]}}],"collection":[{"href":"https:\/\/okmakeyonline.com\/index.php\/wp-json\/wp\/v2\/product"}],"about":[{"href":"https:\/\/okmakeyonline.com\/index.php\/wp-json\/wp\/v2\/types\/product"}],"replies":[{"embeddable":true,"href":"https:\/\/okmakeyonline.com\/index.php\/wp-json\/wp\/v2\/comments?post=6514"}],"wp:featuredmedia":[{"embeddable":true,"href":"https:\/\/okmakeyonline.com\/index.php\/wp-json\/wp\/v2\/media\/6469"}],"wp:attachment":[{"href":"https:\/\/okmakeyonline.com\/index.php\/wp-json\/wp\/v2\/media?parent=6514"}],"wp:term":[{"taxonomy":"product_brand","embeddable":true,"href":"https:\/\/okmakeyonline.com\/index.php\/wp-json\/wp\/v2\/product_brand?post=6514"},{"taxonomy":"product_cat","embeddable":true,"href":"https:\/\/okmakeyonline.com\/index.php\/wp-json\/wp\/v2\/product_cat?post=6514"},{"taxonomy":"product_tag","embeddable":true,"href":"https:\/\/okmakeyonline.com\/index.php\/wp-json\/wp\/v2\/product_tag?post=6514"}],"curies":[{"name":"wp","href":"https:\/\/api.w.org\/{rel}","templated":true}]}}