{"id":6387,"date":"2022-11-10T18:19:28","date_gmt":"2022-11-10T18:19:28","guid":{"rendered":"https:\/\/okmakeyonline.com\/index.php\/producto\/ecovacs-deebot-n79s\/"},"modified":"2023-04-03T10:49:46","modified_gmt":"2023-04-03T10:49:46","slug":"ecovacs-deebot-n79s","status":"publish","type":"product","link":"https:\/\/okmakeyonline.com\/index.php\/producto\/ecovacs-deebot-n79s\/","title":{"rendered":"Ecovacs Deebot N79S"},"content":{"rendered":"<p>Ecovacs Deebot N79S &#8211; Robot Aspirador navegaci\u00f3n aleatoria, App y Alexa, Wifi, 4 modos de limpieza, 2 niveles de succi\u00f3n, 60 dB, suelos duros y alfombras, detecta obst\u00e1culos y desniveles, negro. <strong>IM\u00c1GENES ORIENTATIVAS \u2013 PRODUCTO USADO <\/strong><strong>\u2013 PUEDE TENER EVIDENCIAS DE USO \u2013 CUALQUIER DUDA CONT\u00c1CTENOS ANTES DE COMPRAR<\/strong><\/p>\n","protected":false},"excerpt":{"rendered":"<p>Ecovacs Deebot N79S<\/p>\n","protected":false},"featured_media":6362,"comment_status":"open","ping_status":"closed","template":"","meta":{"_uag_custom_page_level_css":"","site-sidebar-layout":"default","site-content-layout":"default","ast-global-header-display":"","ast-main-header-display":"","ast-hfb-above-header-display":"","ast-hfb-below-header-display":"","ast-hfb-mobile-header-display":"","site-post-title":"","ast-breadcrumbs-content":"","ast-featured-img":"","footer-sml-layout":"","theme-transparent-header-meta":"default","adv-header-id-meta":"","stick-header-meta":"","header-above-stick-meta":"","header-main-stick-meta":"","header-below-stick-meta":""},"product_brand":[],"product_cat":[36,50],"product_tag":[],"class_list":{"0":"post-6387","1":"product","2":"type-product","3":"status-publish","4":"has-post-thumbnail","6":"product_cat-hogar","7":"product_cat-robot-aspiradores","8":"desktop-align-center","9":"tablet-align-center","10":"mobile-align-center","12":"first","13":"instock","14":"sale","15":"featured","16":"taxable","17":"shipping-taxable","18":"purchasable","19":"product-type-simple"},"aioseo_notices":[],"uagb_featured_image_src":{"full":["https:\/\/okmakeyonline.com\/wp-content\/uploads\/2022\/11\/CONGA-DEEBOT.jpg",1393,1500,false],"thumbnail":["https:\/\/okmakeyonline.com\/wp-content\/uploads\/2022\/11\/CONGA-DEEBOT-150x150.jpg",150,150,true],"medium":["https:\/\/okmakeyonline.com\/wp-content\/uploads\/2022\/11\/CONGA-DEEBOT-279x300.jpg",279,300,true],"medium_large":["https:\/\/okmakeyonline.com\/wp-content\/uploads\/2022\/11\/CONGA-DEEBOT-768x827.jpg",768,827,true],"large":["https:\/\/okmakeyonline.com\/wp-content\/uploads\/2022\/11\/CONGA-DEEBOT-951x1024.jpg",951,1024,true],"1536x1536":["https:\/\/okmakeyonline.com\/wp-content\/uploads\/2022\/11\/CONGA-DEEBOT.jpg",1393,1500,false],"2048x2048":["https:\/\/okmakeyonline.com\/wp-content\/uploads\/2022\/11\/CONGA-DEEBOT.jpg",1393,1500,false],"woocommerce_thumbnail":["https:\/\/okmakeyonline.com\/wp-content\/uploads\/2022\/11\/CONGA-DEEBOT-300x300.jpg",300,300,true],"woocommerce_single":["https:\/\/okmakeyonline.com\/wp-content\/uploads\/2022\/11\/CONGA-DEEBOT-600x646.jpg",600,646,true],"woocommerce_gallery_thumbnail":["https:\/\/okmakeyonline.com\/wp-content\/uploads\/2022\/11\/CONGA-DEEBOT-100x100.jpg",100,100,true]},"uagb_author_info":{"display_name":"okmakey","author_link":"https:\/\/okmakeyonline.com\/index.php\/author\/"},"uagb_comment_info":0,"uagb_excerpt":"Ecovacs Deebot N79S","_links":{"self":[{"href":"https:\/\/okmakeyonline.com\/index.php\/wp-json\/wp\/v2\/product\/6387","targetHints":{"allow":["GET"]}}],"collection":[{"href":"https:\/\/okmakeyonline.com\/index.php\/wp-json\/wp\/v2\/product"}],"about":[{"href":"https:\/\/okmakeyonline.com\/index.php\/wp-json\/wp\/v2\/types\/product"}],"replies":[{"embeddable":true,"href":"https:\/\/okmakeyonline.com\/index.php\/wp-json\/wp\/v2\/comments?post=6387"}],"wp:featuredmedia":[{"embeddable":true,"href":"https:\/\/okmakeyonline.com\/index.php\/wp-json\/wp\/v2\/media\/6362"}],"wp:attachment":[{"href":"https:\/\/okmakeyonline.com\/index.php\/wp-json\/wp\/v2\/media?parent=6387"}],"wp:term":[{"taxonomy":"product_brand","embeddable":true,"href":"https:\/\/okmakeyonline.com\/index.php\/wp-json\/wp\/v2\/product_brand?post=6387"},{"taxonomy":"product_cat","embeddable":true,"href":"https:\/\/okmakeyonline.com\/index.php\/wp-json\/wp\/v2\/product_cat?post=6387"},{"taxonomy":"product_tag","embeddable":true,"href":"https:\/\/okmakeyonline.com\/index.php\/wp-json\/wp\/v2\/product_tag?post=6387"}],"curies":[{"name":"wp","href":"https:\/\/api.w.org\/{rel}","templated":true}]}}