{"id":6379,"date":"2022-11-10T18:19:27","date_gmt":"2022-11-10T18:19:27","guid":{"rendered":"https:\/\/okmakeyonline.com\/index.php\/producto\/cecotec-conga-serie-1390\/"},"modified":"2023-04-03T10:50:46","modified_gmt":"2023-04-03T10:50:46","slug":"cecotec-conga-serie-1390","status":"publish","type":"product","link":"https:\/\/okmakeyonline.com\/index.php\/producto\/cecotec-conga-serie-1390\/","title":{"rendered":"Cecotec Conga Serie 1390"},"content":{"rendered":"<p>Cecotec Conga Serie 1390 Robot Aspirador 4 En 1, Navegaci\u00f3n Inteligente Y Ordenada Itech Gyro, 7 Modos De Limpieza Con Muro Magn\u00e9tico, 3 Niveles De Fregado, 45 W, &lt;64 dB, Pl\u00e1stico, Negro <strong>USADA-FUNCIONA-DETALLES EST\u00c9TICOS<\/strong><\/p>\n<div class=\"ast-oembed-container\" style=\"height: 100%;\"><iframe title=\"Cecotec Conga Serie 1390\" width=\"500\" height=\"281\" src=\"https:\/\/www.youtube.com\/embed\/3EoyGxlohac?feature=oembed\" frameborder=\"0\" allow=\"accelerometer; autoplay; clipboard-write; encrypted-media; gyroscope; picture-in-picture; web-share\" referrerpolicy=\"strict-origin-when-cross-origin\" allowfullscreen><\/iframe><\/div>\n","protected":false},"excerpt":{"rendered":"<p>Cecotec Conga Serie 1390<\/p>\n","protected":false},"featured_media":6356,"comment_status":"open","ping_status":"closed","template":"","meta":{"_uag_custom_page_level_css":"","site-sidebar-layout":"default","site-content-layout":"default","ast-global-header-display":"","ast-main-header-display":"","ast-hfb-above-header-display":"","ast-hfb-below-header-display":"","ast-hfb-mobile-header-display":"","site-post-title":"","ast-breadcrumbs-content":"","ast-featured-img":"","footer-sml-layout":"","theme-transparent-header-meta":"default","adv-header-id-meta":"","stick-header-meta":"","header-above-stick-meta":"","header-main-stick-meta":"","header-below-stick-meta":""},"product_brand":[],"product_cat":[36,50],"product_tag":[],"class_list":{"0":"post-6379","1":"product","2":"type-product","3":"status-publish","4":"has-post-thumbnail","6":"product_cat-hogar","7":"product_cat-robot-aspiradores","8":"desktop-align-center","9":"tablet-align-center","10":"mobile-align-center","12":"first","13":"instock","14":"sale","15":"featured","16":"taxable","17":"shipping-taxable","18":"purchasable","19":"product-type-simple"},"aioseo_notices":[],"uagb_featured_image_src":{"full":["https:\/\/okmakeyonline.com\/wp-content\/uploads\/2022\/11\/1390-CONGA.png",300,224,false],"thumbnail":["https:\/\/okmakeyonline.com\/wp-content\/uploads\/2022\/11\/1390-CONGA-150x150.png",150,150,true],"medium":["https:\/\/okmakeyonline.com\/wp-content\/uploads\/2022\/11\/1390-CONGA.png",300,224,false],"medium_large":["https:\/\/okmakeyonline.com\/wp-content\/uploads\/2022\/11\/1390-CONGA.png",300,224,false],"large":["https:\/\/okmakeyonline.com\/wp-content\/uploads\/2022\/11\/1390-CONGA.png",300,224,false],"1536x1536":["https:\/\/okmakeyonline.com\/wp-content\/uploads\/2022\/11\/1390-CONGA.png",300,224,false],"2048x2048":["https:\/\/okmakeyonline.com\/wp-content\/uploads\/2022\/11\/1390-CONGA.png",300,224,false],"woocommerce_thumbnail":["https:\/\/okmakeyonline.com\/wp-content\/uploads\/2022\/11\/1390-CONGA.png",300,224,false],"woocommerce_single":["https:\/\/okmakeyonline.com\/wp-content\/uploads\/2022\/11\/1390-CONGA.png",300,224,false],"woocommerce_gallery_thumbnail":["https:\/\/okmakeyonline.com\/wp-content\/uploads\/2022\/11\/1390-CONGA-100x100.png",100,100,true]},"uagb_author_info":{"display_name":"okmakey","author_link":"https:\/\/okmakeyonline.com\/index.php\/author\/"},"uagb_comment_info":0,"uagb_excerpt":"Cecotec Conga Serie 1390","_links":{"self":[{"href":"https:\/\/okmakeyonline.com\/index.php\/wp-json\/wp\/v2\/product\/6379","targetHints":{"allow":["GET"]}}],"collection":[{"href":"https:\/\/okmakeyonline.com\/index.php\/wp-json\/wp\/v2\/product"}],"about":[{"href":"https:\/\/okmakeyonline.com\/index.php\/wp-json\/wp\/v2\/types\/product"}],"replies":[{"embeddable":true,"href":"https:\/\/okmakeyonline.com\/index.php\/wp-json\/wp\/v2\/comments?post=6379"}],"wp:featuredmedia":[{"embeddable":true,"href":"https:\/\/okmakeyonline.com\/index.php\/wp-json\/wp\/v2\/media\/6356"}],"wp:attachment":[{"href":"https:\/\/okmakeyonline.com\/index.php\/wp-json\/wp\/v2\/media?parent=6379"}],"wp:term":[{"taxonomy":"product_brand","embeddable":true,"href":"https:\/\/okmakeyonline.com\/index.php\/wp-json\/wp\/v2\/product_brand?post=6379"},{"taxonomy":"product_cat","embeddable":true,"href":"https:\/\/okmakeyonline.com\/index.php\/wp-json\/wp\/v2\/product_cat?post=6379"},{"taxonomy":"product_tag","embeddable":true,"href":"https:\/\/okmakeyonline.com\/index.php\/wp-json\/wp\/v2\/product_tag?post=6379"}],"curies":[{"name":"wp","href":"https:\/\/api.w.org\/{rel}","templated":true}]}}