{"id":6226,"date":"2022-08-01T18:26:49","date_gmt":"2022-08-01T18:26:49","guid":{"rendered":"http:\/\/okmakeyonline.com\/index.php\/producto\/bosch-cortabordes-a-bateria-universalgrasscut-18-sin-bateria-sistema-de-18v-26-cm-empunduras-ajustables-en-caja\/"},"modified":"2023-04-03T10:59:45","modified_gmt":"2023-04-03T10:59:45","slug":"bosch-cortabordes-a-bateria-universalgrasscut-18-sin-bateria-sistema-de-18v-26-cm-empunduras-ajustables-en-caja","status":"publish","type":"product","link":"https:\/\/okmakeyonline.com\/index.php\/producto\/bosch-cortabordes-a-bateria-universalgrasscut-18-sin-bateria-sistema-de-18v-26-cm-empunduras-ajustables-en-caja\/","title":{"rendered":"Bosch Cortabordes UniversalGrassCut 18"},"content":{"rendered":"<p>Bosch Cortabordes a bater\u00eda UniversalGrassCut 18 (sin bater\u00eda, sistema de 18V, 26 cm, empu\u00f1aduras ajustables, en caja) <strong>IMAGENES ORIENTATIVAS \u2013 PRODUCTO USADO \u2013<\/strong> <strong>\u00a0PUEDE TENER EVIDENCIAS DE USO \u2013 CUALQUIER DUDA CONT\u00c1CTENOS ANTES DE COMPRAR\u00a0\u00a0<\/strong><\/p>\n","protected":false},"excerpt":{"rendered":"<p>Bosch Cortabordes a bater\u00eda UniversalGrassCut 18 (sin bater\u00eda, sistema de 18V, 26 cm, empu\u00f1duras ajustables, en caja)<\/p>\n","protected":false},"featured_media":6165,"comment_status":"open","ping_status":"closed","template":"","meta":{"_uag_custom_page_level_css":"","site-sidebar-layout":"default","site-content-layout":"default","ast-global-header-display":"","ast-main-header-display":"","ast-hfb-above-header-display":"","ast-hfb-below-header-display":"","ast-hfb-mobile-header-display":"","site-post-title":"","ast-breadcrumbs-content":"","ast-featured-img":"","footer-sml-layout":"","theme-transparent-header-meta":"default","adv-header-id-meta":"","stick-header-meta":"","header-above-stick-meta":"","header-main-stick-meta":"","header-below-stick-meta":""},"product_brand":[],"product_cat":[39],"product_tag":[],"class_list":{"0":"post-6226","1":"product","2":"type-product","3":"status-publish","4":"has-post-thumbnail","6":"product_cat-jardineria","7":"desktop-align-center","8":"tablet-align-center","9":"mobile-align-center","11":"first","12":"instock","13":"sale","14":"featured","15":"taxable","16":"shipping-taxable","17":"purchasable","18":"product-type-simple"},"aioseo_notices":[],"uagb_featured_image_src":{"full":["https:\/\/okmakeyonline.com\/wp-content\/uploads\/2022\/08\/Bosch-cortabordes-bateria-universalGrassCut-18.jpg",288,300,false],"thumbnail":["https:\/\/okmakeyonline.com\/wp-content\/uploads\/2022\/08\/Bosch-cortabordes-bateria-universalGrassCut-18-150x150.jpg",150,150,true],"medium":["https:\/\/okmakeyonline.com\/wp-content\/uploads\/2022\/08\/Bosch-cortabordes-bateria-universalGrassCut-18.jpg",288,300,false],"medium_large":["https:\/\/okmakeyonline.com\/wp-content\/uploads\/2022\/08\/Bosch-cortabordes-bateria-universalGrassCut-18.jpg",288,300,false],"large":["https:\/\/okmakeyonline.com\/wp-content\/uploads\/2022\/08\/Bosch-cortabordes-bateria-universalGrassCut-18.jpg",288,300,false],"1536x1536":["https:\/\/okmakeyonline.com\/wp-content\/uploads\/2022\/08\/Bosch-cortabordes-bateria-universalGrassCut-18.jpg",288,300,false],"2048x2048":["https:\/\/okmakeyonline.com\/wp-content\/uploads\/2022\/08\/Bosch-cortabordes-bateria-universalGrassCut-18.jpg",288,300,false],"woocommerce_thumbnail":["https:\/\/okmakeyonline.com\/wp-content\/uploads\/2022\/08\/Bosch-cortabordes-bateria-universalGrassCut-18.jpg",288,300,false],"woocommerce_single":["https:\/\/okmakeyonline.com\/wp-content\/uploads\/2022\/08\/Bosch-cortabordes-bateria-universalGrassCut-18.jpg",288,300,false],"woocommerce_gallery_thumbnail":["https:\/\/okmakeyonline.com\/wp-content\/uploads\/2022\/08\/Bosch-cortabordes-bateria-universalGrassCut-18-100x100.jpg",100,100,true]},"uagb_author_info":{"display_name":"okmakey","author_link":"https:\/\/okmakeyonline.com\/index.php\/author\/"},"uagb_comment_info":0,"uagb_excerpt":"Bosch Cortabordes a bater\u00eda UniversalGrassCut 18 (sin bater\u00eda, sistema de 18V, 26 cm, empu\u00f1duras ajustables, en caja)","_links":{"self":[{"href":"https:\/\/okmakeyonline.com\/index.php\/wp-json\/wp\/v2\/product\/6226","targetHints":{"allow":["GET"]}}],"collection":[{"href":"https:\/\/okmakeyonline.com\/index.php\/wp-json\/wp\/v2\/product"}],"about":[{"href":"https:\/\/okmakeyonline.com\/index.php\/wp-json\/wp\/v2\/types\/product"}],"replies":[{"embeddable":true,"href":"https:\/\/okmakeyonline.com\/index.php\/wp-json\/wp\/v2\/comments?post=6226"}],"wp:featuredmedia":[{"embeddable":true,"href":"https:\/\/okmakeyonline.com\/index.php\/wp-json\/wp\/v2\/media\/6165"}],"wp:attachment":[{"href":"https:\/\/okmakeyonline.com\/index.php\/wp-json\/wp\/v2\/media?parent=6226"}],"wp:term":[{"taxonomy":"product_brand","embeddable":true,"href":"https:\/\/okmakeyonline.com\/index.php\/wp-json\/wp\/v2\/product_brand?post=6226"},{"taxonomy":"product_cat","embeddable":true,"href":"https:\/\/okmakeyonline.com\/index.php\/wp-json\/wp\/v2\/product_cat?post=6226"},{"taxonomy":"product_tag","embeddable":true,"href":"https:\/\/okmakeyonline.com\/index.php\/wp-json\/wp\/v2\/product_tag?post=6226"}],"curies":[{"name":"wp","href":"https:\/\/api.w.org\/{rel}","templated":true}]}}