{"id":6218,"date":"2022-08-01T18:26:49","date_gmt":"2022-08-01T18:26:49","guid":{"rendered":"http:\/\/okmakeyonline.com\/index.php\/producto\/aspirador-electrico-de-hojas-einhell-gc-el-3024-e\/"},"modified":"2024-09-23T08:43:37","modified_gmt":"2024-09-23T08:43:37","slug":"aspirador-electrico-de-hojas-einhell-gc-el-3024-e","status":"publish","type":"product","link":"https:\/\/okmakeyonline.com\/index.php\/producto\/aspirador-electrico-de-hojas-einhell-gc-el-3024-e\/","title":{"rendered":"Aspirador el\u00e9ctrico de hojas Einhell GC-EL 3024 E"},"content":{"rendered":"<p>Aspiraci\u00f3n\/soplado, tubo de aspiraci\u00f3n 75 mm, capacidad 650A\/h, funci\u00f3n de trituraci\u00f3n, relaci\u00f3n 10:1, soplado 240 km\/h, bolsa colectora de 40 l <strong>IM\u00c1GENES ORIENTATIVAS \u2013 PRODUCTO USADO-FALTA BOLSA <\/strong><strong>\u2013 PUEDE TENER EVIDENCIAS DE USO \u2013 CUALQUIER DUDA CONT\u00c1CTENOS ANTES DE COMPRAR<\/strong><\/p>\n","protected":false},"excerpt":{"rendered":"<p>Aspirador el\u00e9ctrico de hojas Einhell GC-EL 3024 E<\/p>\n","protected":false},"featured_media":6163,"comment_status":"open","ping_status":"closed","template":"","meta":{"_uag_custom_page_level_css":"","site-sidebar-layout":"default","site-content-layout":"default","ast-global-header-display":"","ast-main-header-display":"","ast-hfb-above-header-display":"","ast-hfb-below-header-display":"","ast-hfb-mobile-header-display":"","site-post-title":"","ast-breadcrumbs-content":"","ast-featured-img":"","footer-sml-layout":"","theme-transparent-header-meta":"default","adv-header-id-meta":"","stick-header-meta":"","header-above-stick-meta":"","header-main-stick-meta":"","header-below-stick-meta":""},"product_brand":[],"product_cat":[36,39],"product_tag":[],"class_list":{"0":"post-6218","1":"product","2":"type-product","3":"status-publish","4":"has-post-thumbnail","6":"product_cat-hogar","7":"product_cat-jardineria","8":"desktop-align-center","9":"tablet-align-center","10":"mobile-align-center","12":"first","13":"outofstock","14":"sale","15":"featured","16":"taxable","17":"shipping-taxable","18":"purchasable","19":"product-type-simple"},"aioseo_notices":[],"uagb_featured_image_src":{"full":["https:\/\/okmakeyonline.com\/wp-content\/uploads\/2022\/08\/aspirador-electrico-hojas-einhell.jpg",258,300,false],"thumbnail":["https:\/\/okmakeyonline.com\/wp-content\/uploads\/2022\/08\/aspirador-electrico-hojas-einhell-150x150.jpg",150,150,true],"medium":["https:\/\/okmakeyonline.com\/wp-content\/uploads\/2022\/08\/aspirador-electrico-hojas-einhell.jpg",258,300,false],"medium_large":["https:\/\/okmakeyonline.com\/wp-content\/uploads\/2022\/08\/aspirador-electrico-hojas-einhell.jpg",258,300,false],"large":["https:\/\/okmakeyonline.com\/wp-content\/uploads\/2022\/08\/aspirador-electrico-hojas-einhell.jpg",258,300,false],"1536x1536":["https:\/\/okmakeyonline.com\/wp-content\/uploads\/2022\/08\/aspirador-electrico-hojas-einhell.jpg",258,300,false],"2048x2048":["https:\/\/okmakeyonline.com\/wp-content\/uploads\/2022\/08\/aspirador-electrico-hojas-einhell.jpg",258,300,false],"woocommerce_thumbnail":["https:\/\/okmakeyonline.com\/wp-content\/uploads\/2022\/08\/aspirador-electrico-hojas-einhell.jpg",258,300,false],"woocommerce_single":["https:\/\/okmakeyonline.com\/wp-content\/uploads\/2022\/08\/aspirador-electrico-hojas-einhell.jpg",258,300,false],"woocommerce_gallery_thumbnail":["https:\/\/okmakeyonline.com\/wp-content\/uploads\/2022\/08\/aspirador-electrico-hojas-einhell-100x100.jpg",100,100,true]},"uagb_author_info":{"display_name":"okmakey","author_link":"https:\/\/okmakeyonline.com\/index.php\/author\/"},"uagb_comment_info":0,"uagb_excerpt":"Aspirador el\u00e9ctrico de hojas Einhell GC-EL 3024 E","_links":{"self":[{"href":"https:\/\/okmakeyonline.com\/index.php\/wp-json\/wp\/v2\/product\/6218","targetHints":{"allow":["GET"]}}],"collection":[{"href":"https:\/\/okmakeyonline.com\/index.php\/wp-json\/wp\/v2\/product"}],"about":[{"href":"https:\/\/okmakeyonline.com\/index.php\/wp-json\/wp\/v2\/types\/product"}],"replies":[{"embeddable":true,"href":"https:\/\/okmakeyonline.com\/index.php\/wp-json\/wp\/v2\/comments?post=6218"}],"wp:featuredmedia":[{"embeddable":true,"href":"https:\/\/okmakeyonline.com\/index.php\/wp-json\/wp\/v2\/media\/6163"}],"wp:attachment":[{"href":"https:\/\/okmakeyonline.com\/index.php\/wp-json\/wp\/v2\/media?parent=6218"}],"wp:term":[{"taxonomy":"product_brand","embeddable":true,"href":"https:\/\/okmakeyonline.com\/index.php\/wp-json\/wp\/v2\/product_brand?post=6218"},{"taxonomy":"product_cat","embeddable":true,"href":"https:\/\/okmakeyonline.com\/index.php\/wp-json\/wp\/v2\/product_cat?post=6218"},{"taxonomy":"product_tag","embeddable":true,"href":"https:\/\/okmakeyonline.com\/index.php\/wp-json\/wp\/v2\/product_tag?post=6218"}],"curies":[{"name":"wp","href":"https:\/\/api.w.org\/{rel}","templated":true}]}}