{"id":6213,"date":"2022-08-01T18:26:48","date_gmt":"2022-08-01T18:26:48","guid":{"rendered":"http:\/\/okmakeyonline.com\/index.php\/producto\/blackdecker-bcsta536l1\/"},"modified":"2023-08-02T10:14:03","modified_gmt":"2023-08-02T10:14:03","slug":"blackdecker-bcsta536l1","status":"publish","type":"product","link":"https:\/\/okmakeyonline.com\/index.php\/producto\/blackdecker-bcsta536l1\/","title":{"rendered":"Cortabordes BLACK DECKER Segunda Mano"},"content":{"rendered":"<p>Segunda Mano<\/p>\n<p>Cortabordes BCSTA536L1 a bater\u00eda 36V ancho de corte 33cm funciona con 1 bater\u00eda litio de 2.5Ah (NO INCLUIDA) <strong>IM\u00c1GENES ORIENTATIVAS \u2013 PRODUCTO USADO <\/strong><strong>\u2013 PUEDE TENER EVIDENCIAS DE USO \u2013 NO INCLUYE ACCESORIOS &#8211; CUALQUIER DUDA CONT\u00c1CTENOS ANTES DE COMPRAR<\/strong><\/p>\n","protected":false},"excerpt":{"rendered":"<p>BLACK+DECKER BCSTA536L1 Cortabordes a bater\u00eda 36V ancho de corte 33cm con 1 bater\u00eda litio de 2.5Ah<\/p>\n","protected":false},"featured_media":6170,"comment_status":"open","ping_status":"closed","template":"","meta":{"_uag_custom_page_level_css":"","site-sidebar-layout":"default","site-content-layout":"default","ast-global-header-display":"","ast-main-header-display":"","ast-hfb-above-header-display":"","ast-hfb-below-header-display":"","ast-hfb-mobile-header-display":"","site-post-title":"","ast-breadcrumbs-content":"","ast-featured-img":"","footer-sml-layout":"","theme-transparent-header-meta":"default","adv-header-id-meta":"","stick-header-meta":"","header-above-stick-meta":"","header-main-stick-meta":"","header-below-stick-meta":""},"product_brand":[],"product_cat":[39],"product_tag":[],"class_list":{"0":"post-6213","1":"product","2":"type-product","3":"status-publish","4":"has-post-thumbnail","6":"product_cat-jardineria","7":"desktop-align-center","8":"tablet-align-center","9":"mobile-align-center","11":"first","12":"instock","13":"sale","14":"featured","15":"taxable","16":"shipping-taxable","17":"purchasable","18":"product-type-simple"},"aioseo_notices":[],"uagb_featured_image_src":{"full":["https:\/\/okmakeyonline.com\/wp-content\/uploads\/2022\/08\/cortabordes-black-bateria.jpg",356,355,false],"thumbnail":["https:\/\/okmakeyonline.com\/wp-content\/uploads\/2022\/08\/cortabordes-black-bateria-150x150.jpg",150,150,true],"medium":["https:\/\/okmakeyonline.com\/wp-content\/uploads\/2022\/08\/cortabordes-black-bateria-300x300.jpg",300,300,true],"medium_large":["https:\/\/okmakeyonline.com\/wp-content\/uploads\/2022\/08\/cortabordes-black-bateria.jpg",356,355,false],"large":["https:\/\/okmakeyonline.com\/wp-content\/uploads\/2022\/08\/cortabordes-black-bateria.jpg",356,355,false],"1536x1536":["https:\/\/okmakeyonline.com\/wp-content\/uploads\/2022\/08\/cortabordes-black-bateria.jpg",356,355,false],"2048x2048":["https:\/\/okmakeyonline.com\/wp-content\/uploads\/2022\/08\/cortabordes-black-bateria.jpg",356,355,false],"woocommerce_thumbnail":["https:\/\/okmakeyonline.com\/wp-content\/uploads\/2022\/08\/cortabordes-black-bateria-300x300.jpg",300,300,true],"woocommerce_single":["https:\/\/okmakeyonline.com\/wp-content\/uploads\/2022\/08\/cortabordes-black-bateria.jpg",356,355,false],"woocommerce_gallery_thumbnail":["https:\/\/okmakeyonline.com\/wp-content\/uploads\/2022\/08\/cortabordes-black-bateria-100x100.jpg",100,100,true]},"uagb_author_info":{"display_name":"okmakey","author_link":"https:\/\/okmakeyonline.com\/index.php\/author\/"},"uagb_comment_info":0,"uagb_excerpt":"BLACK+DECKER BCSTA536L1 Cortabordes a bater\u00eda 36V ancho de corte 33cm con 1 bater\u00eda litio de 2.5Ah","_links":{"self":[{"href":"https:\/\/okmakeyonline.com\/index.php\/wp-json\/wp\/v2\/product\/6213","targetHints":{"allow":["GET"]}}],"collection":[{"href":"https:\/\/okmakeyonline.com\/index.php\/wp-json\/wp\/v2\/product"}],"about":[{"href":"https:\/\/okmakeyonline.com\/index.php\/wp-json\/wp\/v2\/types\/product"}],"replies":[{"embeddable":true,"href":"https:\/\/okmakeyonline.com\/index.php\/wp-json\/wp\/v2\/comments?post=6213"}],"wp:featuredmedia":[{"embeddable":true,"href":"https:\/\/okmakeyonline.com\/index.php\/wp-json\/wp\/v2\/media\/6170"}],"wp:attachment":[{"href":"https:\/\/okmakeyonline.com\/index.php\/wp-json\/wp\/v2\/media?parent=6213"}],"wp:term":[{"taxonomy":"product_brand","embeddable":true,"href":"https:\/\/okmakeyonline.com\/index.php\/wp-json\/wp\/v2\/product_brand?post=6213"},{"taxonomy":"product_cat","embeddable":true,"href":"https:\/\/okmakeyonline.com\/index.php\/wp-json\/wp\/v2\/product_cat?post=6213"},{"taxonomy":"product_tag","embeddable":true,"href":"https:\/\/okmakeyonline.com\/index.php\/wp-json\/wp\/v2\/product_tag?post=6213"}],"curies":[{"name":"wp","href":"https:\/\/api.w.org\/{rel}","templated":true}]}}