{"id":3614,"date":"2020-09-09T04:32:03","date_gmt":"2020-09-09T04:32:03","guid":{"rendered":"http:\/\/okmakeyonline.com\/index.php\/contact\/"},"modified":"2022-11-24T11:10:03","modified_gmt":"2022-11-24T11:10:03","slug":"contact","status":"publish","type":"page","link":"https:\/\/okmakeyonline.com\/index.php\/contact\/","title":{"rendered":"Contacto"},"content":{"rendered":"\n<div class=\"inherit-container-width wp-block-group alignfull has-ast-global-color-4-background-color has-background is-layout-constrained wp-block-group-is-layout-constrained\">\n<div style=\"height:49px\" aria-hidden=\"true\" class=\"wp-block-spacer\"><\/div>\n\n\n\n<h1 class=\"has-text-align-center wp-block-heading\">Cont\u00e1ctanos<\/h1>\n<\/div>\n\n\n\n<div class=\"inherit-container-width wp-block-group alignfull has-ast-global-color-1-background-color has-background is-layout-constrained wp-block-group-is-layout-constrained\">\n<div class=\"wp-block-columns are-vertically-aligned-center is-layout-flex wp-container-core-columns-is-layout-28f84493 wp-block-columns-is-layout-flex\">\n<div class=\"wp-block-column is-vertically-aligned-center is-layout-flow wp-block-column-is-layout-flow\">\n<div class=\"wp-block-uagb-info-box uagb-block-2fd71437 uagb-infobox__content-wrap  uagb-infobox-icon-above-title uagb-infobox-image-valign-top uagb-infobox__outer-wrap\"><div class=\"uagb-ifb-content\"><div class=\"uagb-ifb-icon-wrap\"><svg xmlns=\"https:\/\/www.w3.org\/2000\/svg\" viewBox=\"0 0 512 512\"><path d=\"M511.2 387l-23.25 100.8c-3.266 14.25-15.79 24.22-30.46 24.22C205.2 512 0 306.8 0 54.5c0-14.66 9.969-27.2 24.22-30.45l100.8-23.25C139.7-2.602 154.7 5.018 160.8 18.92l46.52 108.5c5.438 12.78 1.77 27.67-8.98 36.45L144.5 207.1c33.98 69.22 90.26 125.5 159.5 159.5l44.08-53.8c8.688-10.78 23.69-14.51 36.47-8.975l108.5 46.51C506.1 357.2 514.6 372.4 511.2 387z\"><\/path><\/svg><\/div><div class=\"uagb-ifb-title-wrap\"><\/div><p class=\"uagb-ifb-desc\"> +34 607 63 57 27<br><\/p><\/div><\/div>\n<\/div>\n\n\n\n<div class=\"wp-block-column is-vertically-aligned-center is-layout-flow wp-block-column-is-layout-flow\">\n<div class=\"wp-block-uagb-info-box uagb-block-8a822878 uagb-infobox__content-wrap  uagb-infobox-icon-above-title uagb-infobox-image-valign-top uagb-infobox__outer-wrap\"><div class=\"uagb-ifb-content\"><div class=\"uagb-ifb-icon-wrap\"><svg xmlns=\"https:\/\/www.w3.org\/2000\/svg\" viewBox=\"0 0 512 512\"><path d=\"M464 64C490.5 64 512 85.49 512 112C512 127.1 504.9 141.3 492.8 150.4L275.2 313.6C263.8 322.1 248.2 322.1 236.8 313.6L19.2 150.4C7.113 141.3 0 127.1 0 112C0 85.49 21.49 64 48 64H464zM217.6 339.2C240.4 356.3 271.6 356.3 294.4 339.2L512 176V384C512 419.3 483.3 448 448 448H64C28.65 448 0 419.3 0 384V176L217.6 339.2z\"><\/path><\/svg><\/div><div class=\"uagb-ifb-title-wrap\"><\/div><p class=\"uagb-ifb-desc\">  info@okmakeyonline.com<br><\/p><\/div><\/div>\n<\/div>\n\n\n\n<div class=\"wp-block-column is-vertically-aligned-center is-layout-flow wp-block-column-is-layout-flow\">\n<div class=\"wp-block-uagb-info-box uagb-block-46a4f3f3 uagb-infobox__content-wrap  uagb-infobox-icon-above-title uagb-infobox-image-valign-top uagb-infobox__outer-wrap\"><div class=\"uagb-ifb-content\"><div class=\"uagb-ifb-icon-wrap\"><svg xmlns=\"https:\/\/www.w3.org\/2000\/svg\" viewBox=\"0 0 384 512\"><path d=\"M168.3 499.2C116.1 435 0 279.4 0 192C0 85.96 85.96 0 192 0C298 0 384 85.96 384 192C384 279.4 267 435 215.7 499.2C203.4 514.5 180.6 514.5 168.3 499.2H168.3zM192 256C227.3 256 256 227.3 256 192C256 156.7 227.3 128 192 128C156.7 128 128 156.7 128 192C128 227.3 156.7 256 192 256z\"><\/path><\/svg><\/div><div class=\"uagb-ifb-title-wrap\"><\/div><p class=\"uagb-ifb-desc\">Ctra. Soria Plasencia N-110 km 261.6 CP 05192 \u00c1vila-La Colilla<\/p><\/div><\/div>\n<\/div>\n<\/div>\n<\/div>\n\n\n\n<div class=\"wp-block-cover alignfull\" style=\"min-height:750px;aspect-ratio:unset;\"><span aria-hidden=\"true\" class=\"wp-block-cover__background has-ast-global-color-4-background-color has-background-dim-70 has-background-dim\"><\/span><div class=\"wp-block-cover__inner-container is-layout-flow wp-block-cover-is-layout-flow\">\n<h2 class=\"has-text-align-center has-text-color wp-block-heading\" style=\"color:#333333\">Preguntas frecuentes<\/h2>\n\n\n\n<div class=\"wp-block-columns is-layout-flex wp-container-core-columns-is-layout-28f84493 wp-block-columns-is-layout-flex\">\n<div class=\"wp-block-column is-layout-flow wp-block-column-is-layout-flow\"><\/div>\n<\/div>\n\n\n\n<div class=\"wp-block-columns are-vertically-aligned-top is-layout-flex wp-container-core-columns-is-layout-28f84493 wp-block-columns-is-layout-flex\">\n<div class=\"wp-block-column is-vertically-aligned-top is-layout-flow wp-block-column-is-layout-flow\">\n<div class=\"inherit-container-width wp-block-group is-layout-constrained wp-block-group-is-layout-constrained\">\n<h5 class=\"has-text-color wp-block-heading\" style=\"color:#333333\">\u00bfQu\u00e9 son los productos de devoluci\u00f3n?<\/h5>\n\n\n\n<p class=\"has-text-color\" style=\"color:#333333\">Son productos que no cumple con las necesidades de alg\u00fan cliente de Amazon u otro Marketplaces y son devuelto a sus almacenes. Estos productos pasan por nuestro control de calidad y puestos nuevamente a la venta.<\/p>\n\n\n\n<h5 class=\"has-text-color wp-block-heading\" style=\"color:#333333\">\u00bfLos productos tienen garant\u00eda?<\/h5>\n\n\n\n<p class=\"has-text-color\" style=\"color:#333333\">Si alguno de los productos presenta alg\u00fan desperfecto tienes 14 d\u00edas a partir de la fecha de compra para poder realizar la devoluci\u00f3n gratis .<\/p>\n\n\n\n<h5 class=\"has-text-color wp-block-heading\" style=\"color:#333333\">\u00bfPuedo comprar productos por lote?<\/h5>\n\n\n\n<p class=\"has-text-color\" style=\"color:#333333\">S\u00ed, incluso puedes optar por los descuentos especiales por cantidad.<\/p>\n<\/div>\n<\/div>\n\n\n\n<div class=\"wp-block-column is-vertically-aligned-top is-layout-flow wp-block-column-is-layout-flow\">\n<div class=\"inherit-container-width wp-block-group is-layout-constrained wp-block-group-is-layout-constrained\">\n<h5 class=\"has-text-color wp-block-heading\" style=\"color:#333333\">\u00bfCu\u00e1nto tiempo tarda en llegar mi producto?<\/h5>\n\n\n\n<p class=\"has-text-color\" style=\"color:#333333\">De 5 a 10 d\u00edas h\u00e1biles.<\/p>\n\n\n\n<h5 class=\"has-text-color wp-block-heading\" style=\"color:#333333\">\u00bfC\u00f3mo funcionan los descuentos por cantidad?<\/h5>\n\n\n\n<p class=\"has-text-color\" style=\"color:#333333\">Para los descuentos especiales por cantidad debes ponerte en contacto con nosotros y te haremos llegar el rango de compras que debes cumplir para aplicar por el 40 o 50% de descuento.<\/p>\n\n\n\n<h5 class=\"has-text-color wp-block-heading\" style=\"color:#333333\"><\/h5>\n\n\n\n<p class=\"has-text-color\" style=\"color:#333333\">.<\/p>\n<\/div>\n<\/div>\n<\/div>\n<\/div><\/div>\n","protected":false},"excerpt":{"rendered":"<p>Cont\u00e1ctanos<\/p>\n","protected":false},"author":1,"featured_media":0,"parent":0,"menu_order":0,"comment_status":"closed","ping_status":"closed","template":"","meta":{"_uag_custom_page_level_css":"","site-sidebar-layout":"no-sidebar","site-content-layout":"plain-container","ast-global-header-display":"","ast-main-header-display":"","ast-hfb-above-header-display":"","ast-hfb-below-header-display":"","ast-hfb-mobile-header-display":"","site-post-title":"disabled","ast-breadcrumbs-content":"","ast-featured-img":"disabled","footer-sml-layout":"","theme-transparent-header-meta":"default","adv-header-id-meta":"","stick-header-meta":"","header-above-stick-meta":"","header-main-stick-meta":"","header-below-stick-meta":"","footnotes":""},"class_list":["post-3614","page","type-page","status-publish","hentry"],"aioseo_notices":[],"uagb_featured_image_src":{"full":false,"thumbnail":false,"medium":false,"medium_large":false,"large":false,"1536x1536":false,"2048x2048":false,"woocommerce_thumbnail":false,"woocommerce_single":false,"woocommerce_gallery_thumbnail":false},"uagb_author_info":{"display_name":"okmakey","author_link":"https:\/\/okmakeyonline.com\/index.php\/author\/okmakey\/"},"uagb_comment_info":0,"uagb_excerpt":"Cont\u00e1ctanos","_links":{"self":[{"href":"https:\/\/okmakeyonline.com\/index.php\/wp-json\/wp\/v2\/pages\/3614","targetHints":{"allow":["GET"]}}],"collection":[{"href":"https:\/\/okmakeyonline.com\/index.php\/wp-json\/wp\/v2\/pages"}],"about":[{"href":"https:\/\/okmakeyonline.com\/index.php\/wp-json\/wp\/v2\/types\/page"}],"author":[{"embeddable":true,"href":"https:\/\/okmakeyonline.com\/index.php\/wp-json\/wp\/v2\/users\/1"}],"replies":[{"embeddable":true,"href":"https:\/\/okmakeyonline.com\/index.php\/wp-json\/wp\/v2\/comments?post=3614"}],"version-history":[{"count":10,"href":"https:\/\/okmakeyonline.com\/index.php\/wp-json\/wp\/v2\/pages\/3614\/revisions"}],"predecessor-version":[{"id":6554,"href":"https:\/\/okmakeyonline.com\/index.php\/wp-json\/wp\/v2\/pages\/3614\/revisions\/6554"}],"wp:attachment":[{"href":"https:\/\/okmakeyonline.com\/index.php\/wp-json\/wp\/v2\/media?parent=3614"}],"curies":[{"name":"wp","href":"https:\/\/api.w.org\/{rel}","templated":true}]}}