{"id":3,"date":"2022-06-21T14:42:03","date_gmt":"2022-06-21T14:42:03","guid":{"rendered":"http:\/\/okmakeyonline.com\/?page_id=3"},"modified":"2024-07-10T09:44:20","modified_gmt":"2024-07-10T09:44:20","slug":"politica-privacidad","status":"publish","type":"page","link":"https:\/\/okmakeyonline.com\/index.php\/politica-privacidad\/","title":{"rendered":"Pol\u00edtica de privacidad"},"content":{"rendered":"\n<p>La Ley Org\u00e1nica de Protecci\u00f3n de Datos y Garant\u00eda de los Derechos Digitales (<strong>LOPD-GDD 3\/2018<\/strong>), y el Reglamento General europeo de Protecci\u00f3n de Datos (<strong>RGPD UE 679\/2016<\/strong>), regulan el tratamiento de datos de car\u00e1cter personal en Espa\u00f1a. El objetivo de esta regulaci\u00f3n es proporcionar una base legal s\u00f3lida y actualizada para el <strong>tratamiento de los datos personales <\/strong>de las personas f\u00edsicas, as\u00ed como la libre circulaci\u00f3n de los mismos. Todos los datos personales que el usuario facilite por cualquiera de los medios de esta Web ser\u00e1n tratados de manera l\u00edcita, leal y transparente y recogidos con fines determinados, expl\u00edcitos y leg\u00edtimos.<\/p>\n\n\n\n<ol class=\"has-medium-font-size wp-block-list\">\n<li><strong>\u00bfQui\u00e9n es el responsable del tratamiento?<\/strong><\/li>\n<\/ol>\n\n\n\n<p>Alberto Yuste Garc\u00eda es el Responsable de Tratamiento de los datos de registro de los usuarios en la plataforma y en la p\u00e1gina web.<\/p>\n\n\n\n<ul class=\"wp-block-list\">\n<li>Nombre Comercial: Okmakey<\/li>\n\n\n\n<li>N.I.F.: 06575305-L<\/li>\n\n\n\n<li>Domicilio Social: La Colilla-\u00c1vila<\/li>\n\n\n\n<li>Tel\u00e9fono: 607 63 57 27<\/li>\n\n\n\n<li>Email: <a href=\"mailto:info@okmakeyonline.com\">info@okmakeyonline.com<\/a><\/li>\n<\/ul>\n\n\n\n<p>Los datos personales que le solicitamos cumplen con el principio de minimizaci\u00f3n y est\u00e1n sujetos a un plazo de conservaci\u00f3n, que variar\u00e1 en funci\u00f3n de la existencia o no de una relaci\u00f3n contractual o informativa posterior con el responsable del tratamiento.<\/p>\n\n\n\n<p>En todo caso, la visita a esta p\u00e1gina Web no supone que el usuario est\u00e9 obligado a facilitar informaci\u00f3n alguna de car\u00e1cter personal.<\/p>\n\n\n\n<ol start=\"2\" class=\"has-medium-font-size wp-block-list\">\n<li><strong>\u00bfCon qu\u00e9 finalidades podemos tratar los datos personales del usuario?<\/strong><\/li>\n<\/ol>\n\n\n\n<p>Los datos que el usuario facilita por medio de cualquier formulario de esta Web o correo electr\u00f3nico son incorporados a la base de datos del responsable del tratamiento con la finalidad de contactar con el mismo o de enviarle aquella informaci\u00f3n que previamente haya solicitado.<\/p>\n\n\n\n<p>En ning\u00fan caso el Responsable del Tratamiento ceder\u00e1 informaci\u00f3n personal a terceros sin el consentimiento expreso del usuario, ni realizar\u00e1 transferencias internacionales de datos.<\/p>\n\n\n\n<p>El usuario que hubiere aceptado la presente Pol\u00edtica de Privacidad podr\u00e1 oponerse al tratamiento de sus datos en cualquier momento remitiendo un correo electr\u00f3nico a <a href=\"mailto:info@stedan-translators.com\">info@okmakeyonline.com <\/a>junto con copia del documento que acredite su identidad.<\/p>\n\n\n\n<p>Si el Responsable del Tratamiento proyectara un tratamiento ulterior de los datos personales facilitados en cualquiera de los formularios Web de esta p\u00e1gina o correo electr\u00f3nico, para un fin que no fuera aquel para el que se recogieron, se proporcionar\u00e1 al usuario, con anterioridad a dicho tratamiento ulterior, informaci\u00f3n sobre ese otro fin y cualquier otra informaci\u00f3n adicional pertinente, de acuerdo con la legislaci\u00f3n vigente.<\/p>\n\n\n\n<p>Asimismo, se informa al usuario de que puede presentar una reclamaci\u00f3n ante la autoridad de control y que la presente pol\u00edtica puede sufrir variaciones debido a los cambios legislativos.<\/p>\n\n\n\n<ol start=\"3\" class=\"has-medium-font-size wp-block-list\">\n<li><strong>\u00bfDurante cu\u00e1nto tiempo se conservar\u00e1n los datos de los usuarios?<\/strong><\/li>\n<\/ol>\n\n\n\n<p>Los datos del usuario ser\u00e1n conservados mientras sean necesarios para la prestaci\u00f3n del servicio solicitado y en cumplimiento de las obligaciones legales de conservaci\u00f3n y supresi\u00f3n de datos.<\/p>\n\n\n\n<ol start=\"4\" class=\"has-medium-font-size wp-block-list\">\n<li><strong>Obligaciones del usuario en relaci\u00f3n con los datos facilitados<\/strong><\/li>\n<\/ol>\n\n\n\n<p>El usuario garantiza que los datos personales facilitados son veraces y se hace responsable de comunicar a Okmakey cualquier modificaci\u00f3n de los mismos. El usuario responder\u00e1, en cualquier caso, de la veracidad de los datos facilitados, reserv\u00e1ndose el Responsable del Tratamiento el derecho a excluir de los servicios registrados a todo usuario que haya facilitado datos falsos, sin perjuicio de las dem\u00e1s acciones que procedan en Derecho.<\/p>\n\n\n\n<p>El usuario garantiza que es mayor de 16 de a\u00f1os.<\/p>\n\n\n\n<ol start=\"5\" class=\"has-medium-font-size wp-block-list\">\n<li><strong>Derechos del usuario en relaci\u00f3n con el tratamiento de sus datos<\/strong><\/li>\n<\/ol>\n\n\n\n<p>El usuario tiene derecho a:<\/p>\n\n\n\n<ul class=\"wp-block-list\">\n<li>Acceder a sus datos personales.<\/li>\n<\/ul>\n\n\n\n<ul class=\"wp-block-list\">\n<li>Solicitar la rectificaci\u00f3n de los datos inexactos.<\/li>\n<\/ul>\n\n\n\n<ul class=\"wp-block-list\">\n<li>Solicitar su supresi\u00f3n.<\/li>\n<\/ul>\n\n\n\n<ul class=\"wp-block-list\">\n<li>Solicitar la limitaci\u00f3n del tratamiento de sus datos.<\/li>\n<\/ul>\n\n\n\n<ul class=\"wp-block-list\">\n<li>Oponerse al tratamiento de sus datos.<\/li>\n<\/ul>\n\n\n\n<ul class=\"wp-block-list\">\n<li>Solicitar su portabilidad.<\/li>\n<\/ul>\n\n\n\n<ul class=\"wp-block-list\">\n<li>No ser objeto de decisiones individuales automatizadas.<\/li>\n<\/ul>\n\n\n\n<p>El usuario puede ejercer todos estos derechos en la siguiente direcci\u00f3n de email <a href=\"mailto:info@okmakeyonline.com\">info@okmakeyonline.com<\/a> indicando el motivo de su petici\u00f3n y aportando una copia del documento que acredite su identidad.<\/p>\n\n\n\n<ol start=\"6\" class=\"has-medium-font-size wp-block-list\">\n<li><strong>Seguridad de los datos<\/strong><\/li>\n<\/ol>\n\n\n\n<p>La protecci\u00f3n de la privacidad y los datos personales de los usuarios es muy importante para el Responsable del Tratamiento. Por lo tanto, hace todo lo que est\u00e1 en su mano para impedir que sus datos se utilicen de forma inadecuada, permitiendo el acceso a los mismos \u00fanicamente a personal autorizado.<\/p>\n\n\n\n<p>El Responsable del Tratamiento mantiene los niveles de seguridad de protecci\u00f3n de datos personales conforme a la normativa aplicable y ha establecido todos los medios t\u00e9cnicos a su alcance para evitar la p\u00e9rdida, mal uso, alteraci\u00f3n, acceso no autorizado y robo de los datos que el usuario facilite a trav\u00e9s del Sitio Web, sin perjuicio de informarle de que las medidas de seguridad en Internet no son inexpugnables.<\/p>\n\n\n\n<p>El Responsable del Tratamiento se compromete a cumplir con el deber de secreto y confidencialidad respecto de los datos personales de acuerdo con la legislaci\u00f3n aplicable.<\/p>\n\n\n\n<p>El usuario se compromete a notificar al Responsable del Tratamiento a la mayor brevedad el uso no autorizado de sus datos y\/o cualquier otro fallo en la seguridad. El Responsable del Tratamiento no ser\u00e1 responsable por los da\u00f1os o p\u00e9rdidas que se pudieran originar debido al no cumplimiento de esta obligaci\u00f3n por parte del usuario.<\/p>\n\n\n\n<ol start=\"7\" class=\"has-medium-font-size wp-block-list\">\n<li><strong>Preguntas<\/strong><\/li>\n<\/ol>\n\n\n\n<p>En caso de dudas sobre la presente Pol\u00edtica de Privacidad o el tratamiento de sus datos rogamos que se ponga en contacto con nosotros mediante correo electr\u00f3nico dirigido a la siguiente direcci\u00f3n: <a href=\"mailto:info@okmakeyonline.com\">info@okmakeyonline.com<\/a><\/p>\n\n\n\n<ol start=\"8\" class=\"has-medium-font-size wp-block-list\">\n<li><strong>Aceptaci\u00f3n y Consentimiento<\/strong><\/li>\n<\/ol>\n\n\n\n<p>El usuario declara haber sido informado de las condiciones sobre protecci\u00f3n de datos personales, aceptando y consintiendo el tratamiento de los mismos por parte del Responsable del Tratamiento, en la forma y para las finalidades indicadas en la presente Pol\u00edtica de Privacidad.<\/p>\n\n\n\n<p><a id=\"_msocom_1\"><\/a><\/p>\n","protected":false},"excerpt":{"rendered":"<p>La Ley Org\u00e1nica de Protecci\u00f3n de Datos y Garant\u00eda de los Derechos Digitales (LOPD-GDD 3\/2018), y el Reglamento General europeo de Protecci\u00f3n de Datos (RGPD UE 679\/2016), regulan el tratamiento de datos de car\u00e1cter personal en Espa\u00f1a. El objetivo de esta regulaci\u00f3n es proporcionar una base legal s\u00f3lida y actualizada para el tratamiento de los &hellip;<\/p>\n<p class=\"read-more\"> <a class=\"\" href=\"https:\/\/okmakeyonline.com\/index.php\/politica-privacidad\/\"> <span class=\"screen-reader-text\">Pol\u00edtica de privacidad<\/span> Leer m\u00e1s &raquo;<\/a><\/p>\n","protected":false},"author":1,"featured_media":0,"parent":0,"menu_order":0,"comment_status":"closed","ping_status":"open","template":"","meta":{"_uag_custom_page_level_css":"","site-sidebar-layout":"default","site-content-layout":"default","ast-global-header-display":"","ast-main-header-display":"","ast-hfb-above-header-display":"","ast-hfb-below-header-display":"","ast-hfb-mobile-header-display":"","site-post-title":"","ast-breadcrumbs-content":"","ast-featured-img":"","footer-sml-layout":"","theme-transparent-header-meta":"","adv-header-id-meta":"","stick-header-meta":"","header-above-stick-meta":"","header-main-stick-meta":"","header-below-stick-meta":"","footnotes":""},"class_list":["post-3","page","type-page","status-publish","hentry"],"aioseo_notices":[],"uagb_featured_image_src":{"full":false,"thumbnail":false,"medium":false,"medium_large":false,"large":false,"1536x1536":false,"2048x2048":false,"woocommerce_thumbnail":false,"woocommerce_single":false,"woocommerce_gallery_thumbnail":false},"uagb_author_info":{"display_name":"okmakey","author_link":"https:\/\/okmakeyonline.com\/index.php\/author\/okmakey\/"},"uagb_comment_info":0,"uagb_excerpt":"La Ley Org\u00e1nica de Protecci\u00f3n de Datos y Garant\u00eda de los Derechos Digitales (LOPD-GDD 3\/2018), y el Reglamento General europeo de Protecci\u00f3n de Datos (RGPD UE 679\/2016), regulan el tratamiento de datos de car\u00e1cter personal en Espa\u00f1a. El objetivo de esta regulaci\u00f3n es proporcionar una base legal s\u00f3lida y actualizada para el tratamiento de los&hellip;","_links":{"self":[{"href":"https:\/\/okmakeyonline.com\/index.php\/wp-json\/wp\/v2\/pages\/3","targetHints":{"allow":["GET"]}}],"collection":[{"href":"https:\/\/okmakeyonline.com\/index.php\/wp-json\/wp\/v2\/pages"}],"about":[{"href":"https:\/\/okmakeyonline.com\/index.php\/wp-json\/wp\/v2\/types\/page"}],"author":[{"embeddable":true,"href":"https:\/\/okmakeyonline.com\/index.php\/wp-json\/wp\/v2\/users\/1"}],"replies":[{"embeddable":true,"href":"https:\/\/okmakeyonline.com\/index.php\/wp-json\/wp\/v2\/comments?post=3"}],"version-history":[{"count":7,"href":"https:\/\/okmakeyonline.com\/index.php\/wp-json\/wp\/v2\/pages\/3\/revisions"}],"predecessor-version":[{"id":7945,"href":"https:\/\/okmakeyonline.com\/index.php\/wp-json\/wp\/v2\/pages\/3\/revisions\/7945"}],"wp:attachment":[{"href":"https:\/\/okmakeyonline.com\/index.php\/wp-json\/wp\/v2\/media?parent=3"}],"curies":[{"name":"wp","href":"https:\/\/api.w.org\/{rel}","templated":true}]}}